{"id":267,"date":"2025-09-23T21:59:46","date_gmt":"2025-09-23T21:59:46","guid":{"rendered":"https:\/\/ultralooner.com\/versandarten\/"},"modified":"2025-09-24T07:05:08","modified_gmt":"2025-09-24T07:05:08","slug":"versandarten","status":"publish","type":"page","link":"https:\/\/ultralooner.com\/de\/versandarten\/","title":{"rendered":"Versand und Zahlung"},"content":{"rendered":"\n<h2 class=\"wp-block-heading\"><strong>Versand und Zahlung<\/strong><\/h2>\n\n\n\n<p><strong>Versand<\/strong><\/p>\n\n\n\n<p>Wir versenden unsere Produkte innerhalb Deutschlands sowie in ausgew\u00e4hlte L\u00e4nder der Europ\u00e4ischen Union.<\/p>\n\n\n\n<p>Die jeweils anfallenden Versandkosten werden im Bestellprozess klar angegeben.<\/p>\n\n\n\n<p>Die Lieferzeit betr\u00e4gt \u2013 sofern in der Artikelbeschreibung nicht anders angegeben \u2013 innerhalb Deutschlands in der Regel 2\u20135 Werktage nach Zahlungseingang, bei Auslandslieferungen kann die Lieferzeit entsprechend l\u00e4nger sein.<\/p>\n\n\n\n<p><strong>Zahlung<\/strong><\/p>\n\n\n\n<p>Die Abwicklung der Zahlungen erfolgt \u00fcber unseren Zahlungsdienstleister&nbsp;<strong>Mollie B.V., Keizersgracht 313, 1016 EE Amsterdam, Niederlande<\/strong>.<\/p>\n\n\n\n<p>Folgende Zahlungsmethoden stehen Ihnen grunds\u00e4tzlich zur Verf\u00fcgung (je nach Verf\u00fcgbarkeit im Bestellprozess):<\/p>\n\n\n\n<ul class=\"wp-block-list\">\n<li>Kreditkarte (Visa, Mastercard, ggf. weitere)<\/li>\n\n\n\n<li>PayPal<\/li>\n\n\n\n<li>Sofort\u00fcberweisung (Klarna)<\/li>\n\n\n\n<li>Giropay<\/li>\n\n\n\n<li>SEPA-Lastschrift<\/li>\n\n\n\n<li>Apple Pay \/ Google Pay<\/li>\n<\/ul>\n\n\n\n<p>Die konkrete Auswahl der angebotenen Zahlarten kann je nach Land und technischen Voraussetzungen variieren.<\/p>\n\n\n\n<p>Die Zahlung erfolgt jeweils direkt im Bestellprozess \u00fcber die verschl\u00fcsselte Verbindung zu Mollie.<\/p>\n\n\n\n<p><strong>Hinweis<\/strong><\/p>\n\n\n\n<p>Bei Auswahl der Zahlungsart werden Ihre zur Zahlungsabwicklung erforderlichen Daten an Mollie \u00fcbermittelt. Weitere Informationen zur Datenverarbeitung durch Mollie finden Sie in der Datenschutzerkl\u00e4rung von Mollie:&nbsp;<a href=\"https:\/\/www.mollie.com\/de\/privacy\">https:\/\/www.mollie.com\/de\/privacy<\/a>.<\/p>\n","protected":false},"excerpt":{"rendered":"<p>Versand und Zahlung Versand Wir versenden unsere Produkte innerhalb Deutschlands sowie in ausgew\u00e4hlte L\u00e4nder der Europ\u00e4ischen Union. Die jeweils anfallenden Versandkosten werden im Bestellprozess klar angegeben. Die Lieferzeit betr\u00e4gt \u2013 sofern in der Artikelbeschreibung nicht anders angegeben \u2013 innerhalb Deutschlands in der Regel 2\u20135 Werktage nach Zahlungseingang, bei Auslandslieferungen kann die Lieferzeit entsprechend l\u00e4nger sein. [&hellip;]<\/p>\n","protected":false},"author":1,"featured_media":0,"parent":0,"menu_order":0,"comment_status":"closed","ping_status":"closed","template":"","meta":{"_acf_changed":false,"footnotes":""},"class_list":["post-267","page","type-page","status-publish","hentry"],"acf":[],"yoast_head":"<!-- This site is optimized with the Yoast SEO Premium plugin v27.5 (Yoast SEO v27.5) - https:\/\/yoast.com\/product\/yoast-seo-premium-wordpress\/ -->\n<title>Versand und Zahlung - ultralooner.com<\/title>\n<meta name=\"robots\" content=\"index, follow, max-snippet:-1, max-image-preview:large, max-video-preview:-1\" \/>\n<link rel=\"canonical\" href=\"https:\/\/ultralooner.com\/de\/versandarten\/\" \/>\n<meta property=\"og:locale\" content=\"de_DE\" \/>\n<meta property=\"og:type\" content=\"article\" \/>\n<meta property=\"og:title\" content=\"Versand und Zahlung\" \/>\n<meta property=\"og:description\" content=\"Versand und Zahlung Versand Wir versenden unsere Produkte innerhalb Deutschlands sowie in ausgew\u00e4hlte L\u00e4nder der Europ\u00e4ischen Union. Die jeweils anfallenden Versandkosten werden im Bestellprozess klar angegeben. Die Lieferzeit betr\u00e4gt \u2013 sofern in der Artikelbeschreibung nicht anders angegeben \u2013 innerhalb Deutschlands in der Regel 2\u20135 Werktage nach Zahlungseingang, bei Auslandslieferungen kann die Lieferzeit entsprechend l\u00e4nger sein. [&hellip;]\" \/>\n<meta property=\"og:url\" content=\"https:\/\/ultralooner.com\/de\/versandarten\/\" \/>\n<meta property=\"og:site_name\" content=\"ultralooner.com\" \/>\n<meta property=\"article:modified_time\" content=\"2025-09-24T07:05:08+00:00\" \/>\n<meta property=\"og:image\" content=\"https:\/\/ultralooner.com\/wp-content\/uploads\/2025\/09\/ullogo.png\" \/>\n\t<meta property=\"og:image:width\" content=\"1278\" \/>\n\t<meta property=\"og:image:height\" content=\"834\" \/>\n\t<meta property=\"og:image:type\" content=\"image\/png\" \/>\n<meta name=\"twitter:card\" content=\"summary_large_image\" \/>\n<meta name=\"twitter:label1\" content=\"Gesch\u00e4tzte Lesezeit\" \/>\n\t<meta name=\"twitter:data1\" content=\"1\u00a0Minute\" \/>\n<script type=\"application\/ld+json\" class=\"yoast-schema-graph\">{\"@context\":\"https:\\\/\\\/schema.org\",\"@graph\":[{\"@type\":\"WebPage\",\"@id\":\"https:\\\/\\\/ultralooner.com\\\/de\\\/versandarten\\\/\",\"url\":\"https:\\\/\\\/ultralooner.com\\\/de\\\/versandarten\\\/\",\"name\":\"Versand und Zahlung - ultralooner.com\",\"isPartOf\":{\"@id\":\"https:\\\/\\\/ultralooner.com\\\/de\\\/#website\"},\"datePublished\":\"2025-09-23T21:59:46+00:00\",\"dateModified\":\"2025-09-24T07:05:08+00:00\",\"breadcrumb\":{\"@id\":\"https:\\\/\\\/ultralooner.com\\\/de\\\/versandarten\\\/#breadcrumb\"},\"inLanguage\":\"de\",\"potentialAction\":[{\"@type\":\"ReadAction\",\"target\":[\"https:\\\/\\\/ultralooner.com\\\/de\\\/versandarten\\\/\"]}]},{\"@type\":\"BreadcrumbList\",\"@id\":\"https:\\\/\\\/ultralooner.com\\\/de\\\/versandarten\\\/#breadcrumb\",\"itemListElement\":[{\"@type\":\"ListItem\",\"position\":1,\"name\":\"Startseite\",\"item\":\"https:\\\/\\\/ultralooner.com\\\/de\\\/\"},{\"@type\":\"ListItem\",\"position\":2,\"name\":\"Versand und Zahlung\"}]},{\"@type\":\"WebSite\",\"@id\":\"https:\\\/\\\/ultralooner.com\\\/de\\\/#website\",\"url\":\"https:\\\/\\\/ultralooner.com\\\/de\\\/\",\"name\":\"Ultralooner\",\"description\":\"THE LOONER BALLOON SHOP\",\"publisher\":{\"@id\":\"https:\\\/\\\/ultralooner.com\\\/de\\\/#organization\"},\"alternateName\":\"Looner Store\",\"potentialAction\":[{\"@type\":\"SearchAction\",\"target\":{\"@type\":\"EntryPoint\",\"urlTemplate\":\"https:\\\/\\\/ultralooner.com\\\/de\\\/?s={search_term_string}\"},\"query-input\":{\"@type\":\"PropertyValueSpecification\",\"valueRequired\":true,\"valueName\":\"search_term_string\"}}],\"inLanguage\":\"de\"},{\"@type\":\"Organization\",\"@id\":\"https:\\\/\\\/ultralooner.com\\\/de\\\/#organization\",\"name\":\"Ultralooner\",\"url\":\"https:\\\/\\\/ultralooner.com\\\/de\\\/\",\"logo\":{\"@type\":\"ImageObject\",\"inLanguage\":\"de\",\"@id\":\"https:\\\/\\\/ultralooner.com\\\/de\\\/#\\\/schema\\\/logo\\\/image\\\/\",\"url\":\"https:\\\/\\\/ultralooner.com\\\/wp-content\\\/uploads\\\/2025\\\/09\\\/ullogo.png\",\"contentUrl\":\"https:\\\/\\\/ultralooner.com\\\/wp-content\\\/uploads\\\/2025\\\/09\\\/ullogo.png\",\"width\":1278,\"height\":834,\"caption\":\"Ultralooner\"},\"image\":{\"@id\":\"https:\\\/\\\/ultralooner.com\\\/de\\\/#\\\/schema\\\/logo\\\/image\\\/\"},\"sameAs\":[\"https:\\\/\\\/www.instagram.com\\\/ultra.looner\\\/\"]}]}<\/script>\n<!-- \/ Yoast SEO Premium plugin. -->","yoast_head_json":{"title":"Versand und Zahlung - ultralooner.com","robots":{"index":"index","follow":"follow","max-snippet":"max-snippet:-1","max-image-preview":"max-image-preview:large","max-video-preview":"max-video-preview:-1"},"canonical":"https:\/\/ultralooner.com\/de\/versandarten\/","og_locale":"de_DE","og_type":"article","og_title":"Versand und Zahlung","og_description":"Versand und Zahlung Versand Wir versenden unsere Produkte innerhalb Deutschlands sowie in ausgew\u00e4hlte L\u00e4nder der Europ\u00e4ischen Union. Die jeweils anfallenden Versandkosten werden im Bestellprozess klar angegeben. Die Lieferzeit betr\u00e4gt \u2013 sofern in der Artikelbeschreibung nicht anders angegeben \u2013 innerhalb Deutschlands in der Regel 2\u20135 Werktage nach Zahlungseingang, bei Auslandslieferungen kann die Lieferzeit entsprechend l\u00e4nger sein. [&hellip;]","og_url":"https:\/\/ultralooner.com\/de\/versandarten\/","og_site_name":"ultralooner.com","article_modified_time":"2025-09-24T07:05:08+00:00","og_image":[{"width":1278,"height":834,"url":"https:\/\/ultralooner.com\/wp-content\/uploads\/2025\/09\/ullogo.png","type":"image\/png"}],"twitter_card":"summary_large_image","twitter_misc":{"Gesch\u00e4tzte Lesezeit":"1\u00a0Minute"},"schema":{"@context":"https:\/\/schema.org","@graph":[{"@type":"WebPage","@id":"https:\/\/ultralooner.com\/de\/versandarten\/","url":"https:\/\/ultralooner.com\/de\/versandarten\/","name":"Versand und Zahlung - ultralooner.com","isPartOf":{"@id":"https:\/\/ultralooner.com\/de\/#website"},"datePublished":"2025-09-23T21:59:46+00:00","dateModified":"2025-09-24T07:05:08+00:00","breadcrumb":{"@id":"https:\/\/ultralooner.com\/de\/versandarten\/#breadcrumb"},"inLanguage":"de","potentialAction":[{"@type":"ReadAction","target":["https:\/\/ultralooner.com\/de\/versandarten\/"]}]},{"@type":"BreadcrumbList","@id":"https:\/\/ultralooner.com\/de\/versandarten\/#breadcrumb","itemListElement":[{"@type":"ListItem","position":1,"name":"Startseite","item":"https:\/\/ultralooner.com\/de\/"},{"@type":"ListItem","position":2,"name":"Versand und Zahlung"}]},{"@type":"WebSite","@id":"https:\/\/ultralooner.com\/de\/#website","url":"https:\/\/ultralooner.com\/de\/","name":"Ultralooner","description":"THE LOONER BALLOON SHOP","publisher":{"@id":"https:\/\/ultralooner.com\/de\/#organization"},"alternateName":"Looner Store","potentialAction":[{"@type":"SearchAction","target":{"@type":"EntryPoint","urlTemplate":"https:\/\/ultralooner.com\/de\/?s={search_term_string}"},"query-input":{"@type":"PropertyValueSpecification","valueRequired":true,"valueName":"search_term_string"}}],"inLanguage":"de"},{"@type":"Organization","@id":"https:\/\/ultralooner.com\/de\/#organization","name":"Ultralooner","url":"https:\/\/ultralooner.com\/de\/","logo":{"@type":"ImageObject","inLanguage":"de","@id":"https:\/\/ultralooner.com\/de\/#\/schema\/logo\/image\/","url":"https:\/\/ultralooner.com\/wp-content\/uploads\/2025\/09\/ullogo.png","contentUrl":"https:\/\/ultralooner.com\/wp-content\/uploads\/2025\/09\/ullogo.png","width":1278,"height":834,"caption":"Ultralooner"},"image":{"@id":"https:\/\/ultralooner.com\/de\/#\/schema\/logo\/image\/"},"sameAs":["https:\/\/www.instagram.com\/ultra.looner\/"]}]}},"jetpack_sharing_enabled":true,"_links":{"self":[{"href":"https:\/\/ultralooner.com\/de\/wp-json\/wp\/v2\/pages\/267","targetHints":{"allow":["GET"]}}],"collection":[{"href":"https:\/\/ultralooner.com\/de\/wp-json\/wp\/v2\/pages"}],"about":[{"href":"https:\/\/ultralooner.com\/de\/wp-json\/wp\/v2\/types\/page"}],"author":[{"embeddable":true,"href":"https:\/\/ultralooner.com\/de\/wp-json\/wp\/v2\/users\/1"}],"replies":[{"embeddable":true,"href":"https:\/\/ultralooner.com\/de\/wp-json\/wp\/v2\/comments?post=267"}],"version-history":[{"count":2,"href":"https:\/\/ultralooner.com\/de\/wp-json\/wp\/v2\/pages\/267\/revisions"}],"predecessor-version":[{"id":297,"href":"https:\/\/ultralooner.com\/de\/wp-json\/wp\/v2\/pages\/267\/revisions\/297"}],"wp:attachment":[{"href":"https:\/\/ultralooner.com\/de\/wp-json\/wp\/v2\/media?parent=267"}],"curies":[{"name":"wp","href":"https:\/\/api.w.org\/{rel}","templated":true}]}}