{"id":1331,"date":"2025-10-07T09:23:49","date_gmt":"2025-10-07T07:23:49","guid":{"rendered":"https:\/\/ultralooner.com\/?post_type=product&#038;p=1331"},"modified":"2026-04-27T16:41:46","modified_gmt":"2026-04-27T14:41:46","slug":"cattex-18-soap-mixed-anime-pop-me-here-edition","status":"publish","type":"product","link":"https:\/\/ultralooner.com\/de\/produkt\/cattex-18-soap-mixed-anime-pop-me-here-edition\/","title":{"rendered":"Cattex 18\u201d Soap Mixed \u2013 Anime \u201ePOP ME HERE!\u201c Edition"},"content":{"rendered":"<p class=\"p1\">Die <span class=\"s1\"><b>Cattex 18 Zoll Soap Ballons (CT18)<\/b><\/span> sind jetzt auch mit dem dynamischen <span class=\"s1\"><b>\u201eTaiga\u201c<\/b><\/span>-Design von <span class=\"s1\"><b>Tyler Kalleal<\/b><\/span> erh\u00e4ltlich. Das Artwork zeigt Taiga mit einem verspielten <span class=\"s1\"><b>\u201ePOP ME HERE!\u201c<\/b><\/span>-Motiv \u2013 eine direkte Einladung, diesen Ballon bis an seine Grenzen zu bringen.<\/p>\n<p class=\"p1\">Die gl\u00e4nzenden Soap-Farben verleihen dem Ballon eine kristallklare, seifenblasenartige Optik, die ihn zum absoluten Hingucker macht. Mit 18 Zoll (ca. 45 cm) haben die Ballons die perfekte Gr\u00f6\u00dfe f\u00fcr intensives Spielen: handlich, dehnbar und trotzdem gro\u00df genug, um ordentlich Spannung aufzubauen \u2013 egal ob beim Reiten, Crushen oder Poppen.<\/p>\n<ul>\n<li>\n<p class=\"p1\">Gr\u00f6\u00dfe: 18 Zoll (ca. 45 cm)<\/p>\n<\/li>\n<li>\n<p class=\"p1\">Marke: Cattex (CT18)<\/p>\n<\/li>\n<li>\n<p class=\"p1\">Farben: Soap-Varianten (blau, pink, lavendel, orange, rot, gr\u00fcn, gelb usw.)<\/p>\n<\/li>\n<li>\n<p class=\"p1\">Motiv: \u201eTaiga \u2013 POP ME HERE!\u201c von Tyler Kalleal<\/p>\n<\/li>\n<li>\n<p class=\"p1\">Einsatz: Aufblasen, Spielen, Kinky Action, Crush &amp; Pop oder Sammeln<\/p>\n<\/li>\n<\/ul>\n<p class=\"p1\">*Abbildung \u00e4hnlich<\/p>\n","protected":false},"excerpt":{"rendered":"<p>Die Cattex 18 Zoll Soap Ballons (CT18) sind jetzt auch mit dem dynamischen \u201eTaiga\u201c-Design von Tyler Kalleal erh\u00e4ltlich. Das Artwork zeigt Taiga mit einem verspielten \u201ePOP ME HERE!\u201c-Motiv \u2013 eine direkte Einladung, diesen Ballon bis an seine Grenzen zu bringen. Die gl\u00e4nzenden Soap-Farben verleihen dem Ballon eine kristallklare, seifenblasenartige Optik, die ihn zum absoluten Hingucker [&hellip;]<\/p>\n","protected":false},"featured_media":1344,"comment_status":"open","ping_status":"closed","template":"","meta":{"_acf_changed":false},"product_brand":[],"product_cat":[203,181,182,180],"product_tag":[],"class_list":{"0":"post-1331","1":"product","2":"type-product","3":"status-publish","4":"has-post-thumbnail","6":"product_cat-203","7":"product_cat-cattex","8":"product_cat-groesse","9":"product_cat-hersteller","11":"first","12":"outofstock","13":"taxable","14":"shipping-taxable","15":"purchasable","16":"product-type-simple","swatches":"rey-swatches","show_selected":""},"acf":[],"yoast_head":"<!-- This site is optimized with the Yoast SEO Premium plugin v27.5 (Yoast SEO v27.5) - https:\/\/yoast.com\/product\/yoast-seo-premium-wordpress\/ -->\n<title>Cattex 18\u201d Soap Mixed \u2013 Anime \u201ePOP ME HERE!\u201c Edition - ultralooner.com<\/title>\n<meta name=\"description\" content=\"Die Cattex 18\u201d Soap Ballons \u2013 Taiga \u201ePOP ME HERE!\u201c von Tyler Kalleal sind ein Must-Have f\u00fcr Looner &amp; Kinky-Fans\" \/>\n<meta name=\"robots\" content=\"index, follow, max-snippet:-1, max-image-preview:large, max-video-preview:-1\" \/>\n<link rel=\"canonical\" href=\"https:\/\/ultralooner.com\/de\/produkt\/cattex-18-soap-mixed-anime-pop-me-here-edition\/\" \/>\n<meta property=\"og:locale\" content=\"de_DE\" \/>\n<meta property=\"og:type\" content=\"article\" \/>\n<meta property=\"og:title\" content=\"Cattex 18\u201d Soap Mixed \u2013 Anime \u201ePOP ME HERE!\u201c Edition\" \/>\n<meta property=\"og:url\" content=\"https:\/\/ultralooner.com\/de\/produkt\/cattex-18-soap-mixed-anime-pop-me-here-edition\/\" \/>\n<meta property=\"og:site_name\" content=\"ultralooner.com\" \/>\n<meta property=\"article:modified_time\" content=\"2026-04-27T14:41:46+00:00\" \/>\n<meta property=\"og:image\" content=\"https:\/\/ultralooner.com\/wp-content\/uploads\/2025\/10\/ct-18-yellow-soap-anpop-800x800-1.jpg\" \/>\n\t<meta property=\"og:image:width\" content=\"800\" \/>\n\t<meta property=\"og:image:height\" content=\"800\" \/>\n\t<meta property=\"og:image:type\" content=\"image\/jpeg\" \/>\n<meta name=\"twitter:card\" content=\"summary_large_image\" \/>\n<meta name=\"twitter:label1\" content=\"Preis\" \/>\n\t<meta name=\"twitter:data1\" content=\"1,30&nbsp;&euro;\" \/>\n\t<meta name=\"twitter:label2\" content=\"Verf\u00fcgbarkeit\" \/>\n\t<meta name=\"twitter:data2\" content=\"ausverkauft\" \/>\n<script type=\"application\/ld+json\" class=\"yoast-schema-graph\">{\"@context\":\"https:\\\/\\\/schema.org\",\"@graph\":[{\"@type\":\"WebPage\",\"@id\":\"https:\\\/\\\/ultralooner.com\\\/de\\\/produkt\\\/cattex-18-soap-mixed-anime-pop-me-here-edition\\\/\",\"url\":\"https:\\\/\\\/ultralooner.com\\\/de\\\/produkt\\\/cattex-18-soap-mixed-anime-pop-me-here-edition\\\/\",\"name\":\"Cattex 18\u201d Soap Mixed \u2013 Anime \u201ePOP ME HERE!\u201c Edition - ultralooner.com\",\"isPartOf\":{\"@id\":\"https:\\\/\\\/ultralooner.com\\\/de\\\/#website\"},\"primaryImageOfPage\":{\"@id\":\"https:\\\/\\\/ultralooner.com\\\/de\\\/produkt\\\/cattex-18-soap-mixed-anime-pop-me-here-edition\\\/#primaryimage\"},\"image\":{\"@id\":\"https:\\\/\\\/ultralooner.com\\\/de\\\/produkt\\\/cattex-18-soap-mixed-anime-pop-me-here-edition\\\/#primaryimage\"},\"thumbnailUrl\":\"https:\\\/\\\/ultralooner.com\\\/wp-content\\\/uploads\\\/2025\\\/10\\\/ct-18-yellow-soap-anpop-800x800-1.jpg\",\"datePublished\":\"2025-10-07T07:23:49+00:00\",\"dateModified\":\"2026-04-27T14:41:46+00:00\",\"description\":\"Die Cattex 18\u201d Soap Ballons \u2013 Taiga \u201ePOP ME HERE!\u201c von Tyler Kalleal sind ein Must-Have f\u00fcr Looner & Kinky-Fans\",\"breadcrumb\":{\"@id\":\"https:\\\/\\\/ultralooner.com\\\/de\\\/produkt\\\/cattex-18-soap-mixed-anime-pop-me-here-edition\\\/#breadcrumb\"},\"inLanguage\":\"de\",\"potentialAction\":[{\"@type\":\"ReadAction\",\"target\":[\"https:\\\/\\\/ultralooner.com\\\/de\\\/produkt\\\/cattex-18-soap-mixed-anime-pop-me-here-edition\\\/\"]}]},{\"@type\":\"ImageObject\",\"inLanguage\":\"de\",\"@id\":\"https:\\\/\\\/ultralooner.com\\\/de\\\/produkt\\\/cattex-18-soap-mixed-anime-pop-me-here-edition\\\/#primaryimage\",\"url\":\"https:\\\/\\\/ultralooner.com\\\/wp-content\\\/uploads\\\/2025\\\/10\\\/ct-18-yellow-soap-anpop-800x800-1.jpg\",\"contentUrl\":\"https:\\\/\\\/ultralooner.com\\\/wp-content\\\/uploads\\\/2025\\\/10\\\/ct-18-yellow-soap-anpop-800x800-1.jpg\",\"width\":800,\"height\":800},{\"@type\":\"BreadcrumbList\",\"@id\":\"https:\\\/\\\/ultralooner.com\\\/de\\\/produkt\\\/cattex-18-soap-mixed-anime-pop-me-here-edition\\\/#breadcrumb\",\"itemListElement\":[{\"@type\":\"ListItem\",\"position\":1,\"name\":\"Startseite\",\"item\":\"https:\\\/\\\/ultralooner.com\\\/de\\\/\"},{\"@type\":\"ListItem\",\"position\":2,\"name\":\"SHOP\",\"item\":\"https:\\\/\\\/ultralooner.com\\\/shop\\\/\"},{\"@type\":\"ListItem\",\"position\":3,\"name\":\"Cattex 18\u201d Soap Mixed \u2013 Anime \u201ePOP ME HERE!\u201c Edition\"}]},{\"@type\":\"WebSite\",\"@id\":\"https:\\\/\\\/ultralooner.com\\\/de\\\/#website\",\"url\":\"https:\\\/\\\/ultralooner.com\\\/de\\\/\",\"name\":\"Ultralooner\",\"description\":\"THE LOONER BALLOON SHOP\",\"publisher\":{\"@id\":\"https:\\\/\\\/ultralooner.com\\\/de\\\/#organization\"},\"alternateName\":\"Looner Store\",\"potentialAction\":[{\"@type\":\"SearchAction\",\"target\":{\"@type\":\"EntryPoint\",\"urlTemplate\":\"https:\\\/\\\/ultralooner.com\\\/de\\\/?s={search_term_string}\"},\"query-input\":{\"@type\":\"PropertyValueSpecification\",\"valueRequired\":true,\"valueName\":\"search_term_string\"}}],\"inLanguage\":\"de\"},{\"@type\":\"Organization\",\"@id\":\"https:\\\/\\\/ultralooner.com\\\/de\\\/#organization\",\"name\":\"Ultralooner\",\"url\":\"https:\\\/\\\/ultralooner.com\\\/de\\\/\",\"logo\":{\"@type\":\"ImageObject\",\"inLanguage\":\"de\",\"@id\":\"https:\\\/\\\/ultralooner.com\\\/de\\\/#\\\/schema\\\/logo\\\/image\\\/\",\"url\":\"https:\\\/\\\/ultralooner.com\\\/wp-content\\\/uploads\\\/2025\\\/09\\\/ullogo.png\",\"contentUrl\":\"https:\\\/\\\/ultralooner.com\\\/wp-content\\\/uploads\\\/2025\\\/09\\\/ullogo.png\",\"width\":1278,\"height\":834,\"caption\":\"Ultralooner\"},\"image\":{\"@id\":\"https:\\\/\\\/ultralooner.com\\\/de\\\/#\\\/schema\\\/logo\\\/image\\\/\"},\"sameAs\":[\"https:\\\/\\\/www.instagram.com\\\/ultra.looner\\\/\"]}]}<\/script>\n<meta property=\"product:price:amount\" content=\"1.30\" \/>\n<meta property=\"product:price:currency\" content=\"EUR\" \/>\n<meta property=\"og:availability\" content=\"out of stock\" \/>\n<meta property=\"product:availability\" content=\"out of stock\" \/>\n<meta property=\"product:condition\" content=\"new\" \/>\n<!-- \/ Yoast SEO Premium plugin. -->","yoast_head_json":{"title":"Cattex 18\u201d Soap Mixed \u2013 Anime \u201ePOP ME HERE!\u201c Edition - ultralooner.com","description":"Die Cattex 18\u201d Soap Ballons \u2013 Taiga \u201ePOP ME HERE!\u201c von Tyler Kalleal sind ein Must-Have f\u00fcr Looner & Kinky-Fans","robots":{"index":"index","follow":"follow","max-snippet":"max-snippet:-1","max-image-preview":"max-image-preview:large","max-video-preview":"max-video-preview:-1"},"canonical":"https:\/\/ultralooner.com\/de\/produkt\/cattex-18-soap-mixed-anime-pop-me-here-edition\/","og_locale":"de_DE","og_type":"article","og_title":"Cattex 18\u201d Soap Mixed \u2013 Anime \u201ePOP ME HERE!\u201c Edition","og_url":"https:\/\/ultralooner.com\/de\/produkt\/cattex-18-soap-mixed-anime-pop-me-here-edition\/","og_site_name":"ultralooner.com","article_modified_time":"2026-04-27T14:41:46+00:00","og_image":[{"width":800,"height":800,"url":"https:\/\/ultralooner.com\/wp-content\/uploads\/2025\/10\/ct-18-yellow-soap-anpop-800x800-1.jpg","type":"image\/jpeg"}],"twitter_card":"summary_large_image","twitter_misc":{"Preis":"1,30&nbsp;&euro;","Verf\u00fcgbarkeit":"ausverkauft"},"schema":{"@context":"https:\/\/schema.org","@graph":[{"@type":"WebPage","@id":"https:\/\/ultralooner.com\/de\/produkt\/cattex-18-soap-mixed-anime-pop-me-here-edition\/","url":"https:\/\/ultralooner.com\/de\/produkt\/cattex-18-soap-mixed-anime-pop-me-here-edition\/","name":"Cattex 18\u201d Soap Mixed \u2013 Anime \u201ePOP ME HERE!\u201c Edition - ultralooner.com","isPartOf":{"@id":"https:\/\/ultralooner.com\/de\/#website"},"primaryImageOfPage":{"@id":"https:\/\/ultralooner.com\/de\/produkt\/cattex-18-soap-mixed-anime-pop-me-here-edition\/#primaryimage"},"image":{"@id":"https:\/\/ultralooner.com\/de\/produkt\/cattex-18-soap-mixed-anime-pop-me-here-edition\/#primaryimage"},"thumbnailUrl":"https:\/\/ultralooner.com\/wp-content\/uploads\/2025\/10\/ct-18-yellow-soap-anpop-800x800-1.jpg","datePublished":"2025-10-07T07:23:49+00:00","dateModified":"2026-04-27T14:41:46+00:00","description":"Die Cattex 18\u201d Soap Ballons \u2013 Taiga \u201ePOP ME HERE!\u201c von Tyler Kalleal sind ein Must-Have f\u00fcr Looner & Kinky-Fans","breadcrumb":{"@id":"https:\/\/ultralooner.com\/de\/produkt\/cattex-18-soap-mixed-anime-pop-me-here-edition\/#breadcrumb"},"inLanguage":"de","potentialAction":[{"@type":"ReadAction","target":["https:\/\/ultralooner.com\/de\/produkt\/cattex-18-soap-mixed-anime-pop-me-here-edition\/"]}]},{"@type":"ImageObject","inLanguage":"de","@id":"https:\/\/ultralooner.com\/de\/produkt\/cattex-18-soap-mixed-anime-pop-me-here-edition\/#primaryimage","url":"https:\/\/ultralooner.com\/wp-content\/uploads\/2025\/10\/ct-18-yellow-soap-anpop-800x800-1.jpg","contentUrl":"https:\/\/ultralooner.com\/wp-content\/uploads\/2025\/10\/ct-18-yellow-soap-anpop-800x800-1.jpg","width":800,"height":800},{"@type":"BreadcrumbList","@id":"https:\/\/ultralooner.com\/de\/produkt\/cattex-18-soap-mixed-anime-pop-me-here-edition\/#breadcrumb","itemListElement":[{"@type":"ListItem","position":1,"name":"Startseite","item":"https:\/\/ultralooner.com\/de\/"},{"@type":"ListItem","position":2,"name":"SHOP","item":"https:\/\/ultralooner.com\/shop\/"},{"@type":"ListItem","position":3,"name":"Cattex 18\u201d Soap Mixed \u2013 Anime \u201ePOP ME HERE!\u201c Edition"}]},{"@type":"WebSite","@id":"https:\/\/ultralooner.com\/de\/#website","url":"https:\/\/ultralooner.com\/de\/","name":"Ultralooner","description":"THE LOONER BALLOON SHOP","publisher":{"@id":"https:\/\/ultralooner.com\/de\/#organization"},"alternateName":"Looner Store","potentialAction":[{"@type":"SearchAction","target":{"@type":"EntryPoint","urlTemplate":"https:\/\/ultralooner.com\/de\/?s={search_term_string}"},"query-input":{"@type":"PropertyValueSpecification","valueRequired":true,"valueName":"search_term_string"}}],"inLanguage":"de"},{"@type":"Organization","@id":"https:\/\/ultralooner.com\/de\/#organization","name":"Ultralooner","url":"https:\/\/ultralooner.com\/de\/","logo":{"@type":"ImageObject","inLanguage":"de","@id":"https:\/\/ultralooner.com\/de\/#\/schema\/logo\/image\/","url":"https:\/\/ultralooner.com\/wp-content\/uploads\/2025\/09\/ullogo.png","contentUrl":"https:\/\/ultralooner.com\/wp-content\/uploads\/2025\/09\/ullogo.png","width":1278,"height":834,"caption":"Ultralooner"},"image":{"@id":"https:\/\/ultralooner.com\/de\/#\/schema\/logo\/image\/"},"sameAs":["https:\/\/www.instagram.com\/ultra.looner\/"]}]},"product_price_amount":"1.30","product_price_currency":"EUR","og_availability":"out of stock","product_availability":"out of stock","product_condition":"new"},"jetpack_sharing_enabled":true,"_links":{"self":[{"href":"https:\/\/ultralooner.com\/de\/wp-json\/wp\/v2\/product\/1331","targetHints":{"allow":["GET"]}}],"collection":[{"href":"https:\/\/ultralooner.com\/de\/wp-json\/wp\/v2\/product"}],"about":[{"href":"https:\/\/ultralooner.com\/de\/wp-json\/wp\/v2\/types\/product"}],"replies":[{"embeddable":true,"href":"https:\/\/ultralooner.com\/de\/wp-json\/wp\/v2\/comments?post=1331"}],"version-history":[{"count":2,"href":"https:\/\/ultralooner.com\/de\/wp-json\/wp\/v2\/product\/1331\/revisions"}],"predecessor-version":[{"id":1349,"href":"https:\/\/ultralooner.com\/de\/wp-json\/wp\/v2\/product\/1331\/revisions\/1349"}],"wp:featuredmedia":[{"embeddable":true,"href":"https:\/\/ultralooner.com\/de\/wp-json\/wp\/v2\/media\/1344"}],"wp:attachment":[{"href":"https:\/\/ultralooner.com\/de\/wp-json\/wp\/v2\/media?parent=1331"}],"wp:term":[{"taxonomy":"product_brand","embeddable":true,"href":"https:\/\/ultralooner.com\/de\/wp-json\/wp\/v2\/product_brand?post=1331"},{"taxonomy":"product_cat","embeddable":true,"href":"https:\/\/ultralooner.com\/de\/wp-json\/wp\/v2\/product_cat?post=1331"},{"taxonomy":"product_tag","embeddable":true,"href":"https:\/\/ultralooner.com\/de\/wp-json\/wp\/v2\/product_tag?post=1331"}],"curies":[{"name":"wp","href":"https:\/\/api.w.org\/{rel}","templated":true}]}}