{"id":1350,"date":"2025-10-07T09:40:17","date_gmt":"2025-10-07T07:40:17","guid":{"rendered":"https:\/\/ultralooner.com\/?post_type=product&#038;p=1350"},"modified":"2026-04-27T16:41:45","modified_gmt":"2026-04-27T14:41:45","slug":"cattex-18-soap-mixed-orca-play-edition","status":"publish","type":"product","link":"https:\/\/ultralooner.com\/de\/produkt\/cattex-18-soap-mixed-orca-play-edition\/","title":{"rendered":"Cattex 18\u201d Soap mixed \u2013 Orca Play Edition"},"content":{"rendered":"<p class=\"p1\"><b>Cattex 18\u201d Soap Luftballon \u2013 Orca Play Edition<\/b><b><\/b><\/p>\n<p class=\"p3\">Die <span class=\"s1\"><b>Cattex 18 Zoll Soap Ballons (CT18)<\/b><\/span> gibt es jetzt mit einem ganz besonderen Motiv von <span class=\"s1\"><b>Tyler Kalleal<\/b><\/span>: Das Artwork \u201eNatsumi\u201c zeigt einen sexy Boy in spielerischer Pose mit einem Orca \u2013 eine freche Hommage an klassische Inflatables.<\/p>\n<p class=\"p3\">In den transparent-gl\u00e4nzenden Soap-Farben wirken die Ballons fast wie schimmernde Seifenblasen. Perfekt f\u00fcr alle Looner und Kinky-Fans, die ihre Ballons aufblasen, reiten, knistern lassen oder bis an die absolute Grenze bringen m\u00f6chten.<\/p>\n<p class=\"p3\">Mit ihrer handlichen 18 Zoll (ca. 45 cm) Gr\u00f6\u00dfe sind sie ideal f\u00fcr intensives Spielen und dennoch gro\u00df genug, um ordentlich Spannung aufzubauen. Robustes Latex sorgt daf\u00fcr, dass der Ballon lange h\u00e4lt \u2013 bis du entscheidest, wann er platzt.<\/p>\n<p class=\"p4\">\n<ul>\n<li>\n<p class=\"p1\">Gr\u00f6\u00dfe: 18 Zoll (ca. 45 cm)<\/p>\n<\/li>\n<li>\n<p class=\"p1\">Marke: Cattex (CT18)<\/p>\n<\/li>\n<li>\n<p class=\"p1\">Farben: Soap-Varianten (blau, pink, lavendel, orange, rot, gr\u00fcn, gelb usw.)<\/p>\n<\/li>\n<li>\n<p class=\"p1\">Motiv: \u201eNatsumi\u201c (Orca Play Design) von Tyler Kalleal<\/p>\n<\/li>\n<li>\n<p class=\"p1\">Einsatz: Aufblasen, Reiten, Kinky Play, Crush &amp; Pop oder als Sammlerst\u00fcck<\/p>\n<\/li>\n<\/ul>\n<p class=\"p3\">Ein Motivballon, der Spannung, Erotik und Spa\u00df perfekt verbindet.<\/p>\n<p class=\"p3\">*Abbildung \u00e4hnlich<\/p>\n","protected":false},"excerpt":{"rendered":"<p>Cattex 18\u201d Soap Luftballon \u2013 Orca Play Edition Die Cattex 18 Zoll Soap Ballons (CT18) gibt es jetzt mit einem ganz besonderen Motiv von Tyler Kalleal: Das Artwork \u201eNatsumi\u201c zeigt einen sexy Boy in spielerischer Pose mit einem Orca \u2013 eine freche Hommage an klassische Inflatables. In den transparent-gl\u00e4nzenden Soap-Farben wirken die Ballons fast wie [&hellip;]<\/p>\n","protected":false},"featured_media":1357,"comment_status":"open","ping_status":"closed","template":"","meta":{"_acf_changed":false},"product_brand":[],"product_cat":[203,181,182,180],"product_tag":[],"class_list":{"0":"post-1350","1":"product","2":"type-product","3":"status-publish","4":"has-post-thumbnail","6":"product_cat-203","7":"product_cat-cattex","8":"product_cat-groesse","9":"product_cat-hersteller","11":"first","12":"outofstock","13":"taxable","14":"shipping-taxable","15":"purchasable","16":"product-type-simple","swatches":"rey-swatches","show_selected":""},"acf":[],"yoast_head":"<!-- This site is optimized with the Yoast SEO Premium plugin v27.5 (Yoast SEO v27.5) - https:\/\/yoast.com\/product\/yoast-seo-premium-wordpress\/ -->\n<title>Cattex 18\u201d Soap mixed \u2013 Orca Play Edition - ultralooner.com<\/title>\n<meta name=\"description\" content=\"Die Cattex 18\u201d Soap Ballons \u2013 Orca Play Edition mit dem exklusiven \u201eNatsumi\u201c-Motiv von Tyler Kalleal sind perfekt f\u00fcr Looner &amp; Kinky-Fans\" \/>\n<meta name=\"robots\" content=\"index, follow, max-snippet:-1, max-image-preview:large, max-video-preview:-1\" \/>\n<link rel=\"canonical\" href=\"https:\/\/ultralooner.com\/de\/produkt\/cattex-18-soap-mixed-orca-play-edition\/\" \/>\n<meta property=\"og:locale\" content=\"de_DE\" \/>\n<meta property=\"og:type\" content=\"article\" \/>\n<meta property=\"og:title\" content=\"Cattex 18\u201d Soap mixed \u2013 Orca Play Edition\" \/>\n<meta property=\"og:url\" content=\"https:\/\/ultralooner.com\/de\/produkt\/cattex-18-soap-mixed-orca-play-edition\/\" \/>\n<meta property=\"og:site_name\" content=\"ultralooner.com\" \/>\n<meta property=\"article:modified_time\" content=\"2026-04-27T14:41:45+00:00\" \/>\n<meta property=\"og:image\" content=\"https:\/\/ultralooner.com\/wp-content\/uploads\/2025\/10\/ct-18-red-fckinfla-800x800-1.jpg\" \/>\n\t<meta property=\"og:image:width\" content=\"800\" \/>\n\t<meta property=\"og:image:height\" content=\"800\" \/>\n\t<meta property=\"og:image:type\" content=\"image\/jpeg\" \/>\n<meta name=\"twitter:card\" content=\"summary_large_image\" \/>\n<meta name=\"twitter:label1\" content=\"Preis\" \/>\n\t<meta name=\"twitter:data1\" content=\"1,30&nbsp;&euro;\" \/>\n\t<meta name=\"twitter:label2\" content=\"Verf\u00fcgbarkeit\" \/>\n\t<meta name=\"twitter:data2\" content=\"ausverkauft\" \/>\n<script type=\"application\/ld+json\" class=\"yoast-schema-graph\">{\"@context\":\"https:\\\/\\\/schema.org\",\"@graph\":[{\"@type\":\"WebPage\",\"@id\":\"https:\\\/\\\/ultralooner.com\\\/de\\\/produkt\\\/cattex-18-soap-mixed-orca-play-edition\\\/\",\"url\":\"https:\\\/\\\/ultralooner.com\\\/de\\\/produkt\\\/cattex-18-soap-mixed-orca-play-edition\\\/\",\"name\":\"Cattex 18\u201d Soap mixed \u2013 Orca Play Edition - ultralooner.com\",\"isPartOf\":{\"@id\":\"https:\\\/\\\/ultralooner.com\\\/de\\\/#website\"},\"primaryImageOfPage\":{\"@id\":\"https:\\\/\\\/ultralooner.com\\\/de\\\/produkt\\\/cattex-18-soap-mixed-orca-play-edition\\\/#primaryimage\"},\"image\":{\"@id\":\"https:\\\/\\\/ultralooner.com\\\/de\\\/produkt\\\/cattex-18-soap-mixed-orca-play-edition\\\/#primaryimage\"},\"thumbnailUrl\":\"https:\\\/\\\/ultralooner.com\\\/wp-content\\\/uploads\\\/2025\\\/10\\\/ct-18-red-fckinfla-800x800-1.jpg\",\"datePublished\":\"2025-10-07T07:40:17+00:00\",\"dateModified\":\"2026-04-27T14:41:45+00:00\",\"description\":\"Die Cattex 18\u201d Soap Ballons \u2013 Orca Play Edition mit dem exklusiven \u201eNatsumi\u201c-Motiv von Tyler Kalleal sind perfekt f\u00fcr Looner & Kinky-Fans\",\"breadcrumb\":{\"@id\":\"https:\\\/\\\/ultralooner.com\\\/de\\\/produkt\\\/cattex-18-soap-mixed-orca-play-edition\\\/#breadcrumb\"},\"inLanguage\":\"de\",\"potentialAction\":[{\"@type\":\"ReadAction\",\"target\":[\"https:\\\/\\\/ultralooner.com\\\/de\\\/produkt\\\/cattex-18-soap-mixed-orca-play-edition\\\/\"]}]},{\"@type\":\"ImageObject\",\"inLanguage\":\"de\",\"@id\":\"https:\\\/\\\/ultralooner.com\\\/de\\\/produkt\\\/cattex-18-soap-mixed-orca-play-edition\\\/#primaryimage\",\"url\":\"https:\\\/\\\/ultralooner.com\\\/wp-content\\\/uploads\\\/2025\\\/10\\\/ct-18-red-fckinfla-800x800-1.jpg\",\"contentUrl\":\"https:\\\/\\\/ultralooner.com\\\/wp-content\\\/uploads\\\/2025\\\/10\\\/ct-18-red-fckinfla-800x800-1.jpg\",\"width\":800,\"height\":800},{\"@type\":\"BreadcrumbList\",\"@id\":\"https:\\\/\\\/ultralooner.com\\\/de\\\/produkt\\\/cattex-18-soap-mixed-orca-play-edition\\\/#breadcrumb\",\"itemListElement\":[{\"@type\":\"ListItem\",\"position\":1,\"name\":\"Startseite\",\"item\":\"https:\\\/\\\/ultralooner.com\\\/de\\\/\"},{\"@type\":\"ListItem\",\"position\":2,\"name\":\"SHOP\",\"item\":\"https:\\\/\\\/ultralooner.com\\\/shop\\\/\"},{\"@type\":\"ListItem\",\"position\":3,\"name\":\"Cattex 18\u201d Soap mixed \u2013 Orca Play Edition\"}]},{\"@type\":\"WebSite\",\"@id\":\"https:\\\/\\\/ultralooner.com\\\/de\\\/#website\",\"url\":\"https:\\\/\\\/ultralooner.com\\\/de\\\/\",\"name\":\"Ultralooner\",\"description\":\"THE LOONER BALLOON SHOP\",\"publisher\":{\"@id\":\"https:\\\/\\\/ultralooner.com\\\/de\\\/#organization\"},\"alternateName\":\"Looner Store\",\"potentialAction\":[{\"@type\":\"SearchAction\",\"target\":{\"@type\":\"EntryPoint\",\"urlTemplate\":\"https:\\\/\\\/ultralooner.com\\\/de\\\/?s={search_term_string}\"},\"query-input\":{\"@type\":\"PropertyValueSpecification\",\"valueRequired\":true,\"valueName\":\"search_term_string\"}}],\"inLanguage\":\"de\"},{\"@type\":\"Organization\",\"@id\":\"https:\\\/\\\/ultralooner.com\\\/de\\\/#organization\",\"name\":\"Ultralooner\",\"url\":\"https:\\\/\\\/ultralooner.com\\\/de\\\/\",\"logo\":{\"@type\":\"ImageObject\",\"inLanguage\":\"de\",\"@id\":\"https:\\\/\\\/ultralooner.com\\\/de\\\/#\\\/schema\\\/logo\\\/image\\\/\",\"url\":\"https:\\\/\\\/ultralooner.com\\\/wp-content\\\/uploads\\\/2025\\\/09\\\/ullogo.png\",\"contentUrl\":\"https:\\\/\\\/ultralooner.com\\\/wp-content\\\/uploads\\\/2025\\\/09\\\/ullogo.png\",\"width\":1278,\"height\":834,\"caption\":\"Ultralooner\"},\"image\":{\"@id\":\"https:\\\/\\\/ultralooner.com\\\/de\\\/#\\\/schema\\\/logo\\\/image\\\/\"},\"sameAs\":[\"https:\\\/\\\/www.instagram.com\\\/ultra.looner\\\/\"]}]}<\/script>\n<meta property=\"product:price:amount\" content=\"1.30\" \/>\n<meta property=\"product:price:currency\" content=\"EUR\" \/>\n<meta property=\"og:availability\" content=\"out of stock\" \/>\n<meta property=\"product:availability\" content=\"out of stock\" \/>\n<meta property=\"product:condition\" content=\"new\" \/>\n<!-- \/ Yoast SEO Premium plugin. -->","yoast_head_json":{"title":"Cattex 18\u201d Soap mixed \u2013 Orca Play Edition - ultralooner.com","description":"Die Cattex 18\u201d Soap Ballons \u2013 Orca Play Edition mit dem exklusiven \u201eNatsumi\u201c-Motiv von Tyler Kalleal sind perfekt f\u00fcr Looner & Kinky-Fans","robots":{"index":"index","follow":"follow","max-snippet":"max-snippet:-1","max-image-preview":"max-image-preview:large","max-video-preview":"max-video-preview:-1"},"canonical":"https:\/\/ultralooner.com\/de\/produkt\/cattex-18-soap-mixed-orca-play-edition\/","og_locale":"de_DE","og_type":"article","og_title":"Cattex 18\u201d Soap mixed \u2013 Orca Play Edition","og_url":"https:\/\/ultralooner.com\/de\/produkt\/cattex-18-soap-mixed-orca-play-edition\/","og_site_name":"ultralooner.com","article_modified_time":"2026-04-27T14:41:45+00:00","og_image":[{"width":800,"height":800,"url":"https:\/\/ultralooner.com\/wp-content\/uploads\/2025\/10\/ct-18-red-fckinfla-800x800-1.jpg","type":"image\/jpeg"}],"twitter_card":"summary_large_image","twitter_misc":{"Preis":"1,30&nbsp;&euro;","Verf\u00fcgbarkeit":"ausverkauft"},"schema":{"@context":"https:\/\/schema.org","@graph":[{"@type":"WebPage","@id":"https:\/\/ultralooner.com\/de\/produkt\/cattex-18-soap-mixed-orca-play-edition\/","url":"https:\/\/ultralooner.com\/de\/produkt\/cattex-18-soap-mixed-orca-play-edition\/","name":"Cattex 18\u201d Soap mixed \u2013 Orca Play Edition - ultralooner.com","isPartOf":{"@id":"https:\/\/ultralooner.com\/de\/#website"},"primaryImageOfPage":{"@id":"https:\/\/ultralooner.com\/de\/produkt\/cattex-18-soap-mixed-orca-play-edition\/#primaryimage"},"image":{"@id":"https:\/\/ultralooner.com\/de\/produkt\/cattex-18-soap-mixed-orca-play-edition\/#primaryimage"},"thumbnailUrl":"https:\/\/ultralooner.com\/wp-content\/uploads\/2025\/10\/ct-18-red-fckinfla-800x800-1.jpg","datePublished":"2025-10-07T07:40:17+00:00","dateModified":"2026-04-27T14:41:45+00:00","description":"Die Cattex 18\u201d Soap Ballons \u2013 Orca Play Edition mit dem exklusiven \u201eNatsumi\u201c-Motiv von Tyler Kalleal sind perfekt f\u00fcr Looner & Kinky-Fans","breadcrumb":{"@id":"https:\/\/ultralooner.com\/de\/produkt\/cattex-18-soap-mixed-orca-play-edition\/#breadcrumb"},"inLanguage":"de","potentialAction":[{"@type":"ReadAction","target":["https:\/\/ultralooner.com\/de\/produkt\/cattex-18-soap-mixed-orca-play-edition\/"]}]},{"@type":"ImageObject","inLanguage":"de","@id":"https:\/\/ultralooner.com\/de\/produkt\/cattex-18-soap-mixed-orca-play-edition\/#primaryimage","url":"https:\/\/ultralooner.com\/wp-content\/uploads\/2025\/10\/ct-18-red-fckinfla-800x800-1.jpg","contentUrl":"https:\/\/ultralooner.com\/wp-content\/uploads\/2025\/10\/ct-18-red-fckinfla-800x800-1.jpg","width":800,"height":800},{"@type":"BreadcrumbList","@id":"https:\/\/ultralooner.com\/de\/produkt\/cattex-18-soap-mixed-orca-play-edition\/#breadcrumb","itemListElement":[{"@type":"ListItem","position":1,"name":"Startseite","item":"https:\/\/ultralooner.com\/de\/"},{"@type":"ListItem","position":2,"name":"SHOP","item":"https:\/\/ultralooner.com\/shop\/"},{"@type":"ListItem","position":3,"name":"Cattex 18\u201d Soap mixed \u2013 Orca Play Edition"}]},{"@type":"WebSite","@id":"https:\/\/ultralooner.com\/de\/#website","url":"https:\/\/ultralooner.com\/de\/","name":"Ultralooner","description":"THE LOONER BALLOON SHOP","publisher":{"@id":"https:\/\/ultralooner.com\/de\/#organization"},"alternateName":"Looner Store","potentialAction":[{"@type":"SearchAction","target":{"@type":"EntryPoint","urlTemplate":"https:\/\/ultralooner.com\/de\/?s={search_term_string}"},"query-input":{"@type":"PropertyValueSpecification","valueRequired":true,"valueName":"search_term_string"}}],"inLanguage":"de"},{"@type":"Organization","@id":"https:\/\/ultralooner.com\/de\/#organization","name":"Ultralooner","url":"https:\/\/ultralooner.com\/de\/","logo":{"@type":"ImageObject","inLanguage":"de","@id":"https:\/\/ultralooner.com\/de\/#\/schema\/logo\/image\/","url":"https:\/\/ultralooner.com\/wp-content\/uploads\/2025\/09\/ullogo.png","contentUrl":"https:\/\/ultralooner.com\/wp-content\/uploads\/2025\/09\/ullogo.png","width":1278,"height":834,"caption":"Ultralooner"},"image":{"@id":"https:\/\/ultralooner.com\/de\/#\/schema\/logo\/image\/"},"sameAs":["https:\/\/www.instagram.com\/ultra.looner\/"]}]},"product_price_amount":"1.30","product_price_currency":"EUR","og_availability":"out of stock","product_availability":"out of stock","product_condition":"new"},"jetpack_sharing_enabled":true,"_links":{"self":[{"href":"https:\/\/ultralooner.com\/de\/wp-json\/wp\/v2\/product\/1350","targetHints":{"allow":["GET"]}}],"collection":[{"href":"https:\/\/ultralooner.com\/de\/wp-json\/wp\/v2\/product"}],"about":[{"href":"https:\/\/ultralooner.com\/de\/wp-json\/wp\/v2\/types\/product"}],"replies":[{"embeddable":true,"href":"https:\/\/ultralooner.com\/de\/wp-json\/wp\/v2\/comments?post=1350"}],"version-history":[{"count":1,"href":"https:\/\/ultralooner.com\/de\/wp-json\/wp\/v2\/product\/1350\/revisions"}],"predecessor-version":[{"id":1363,"href":"https:\/\/ultralooner.com\/de\/wp-json\/wp\/v2\/product\/1350\/revisions\/1363"}],"wp:featuredmedia":[{"embeddable":true,"href":"https:\/\/ultralooner.com\/de\/wp-json\/wp\/v2\/media\/1357"}],"wp:attachment":[{"href":"https:\/\/ultralooner.com\/de\/wp-json\/wp\/v2\/media?parent=1350"}],"wp:term":[{"taxonomy":"product_brand","embeddable":true,"href":"https:\/\/ultralooner.com\/de\/wp-json\/wp\/v2\/product_brand?post=1350"},{"taxonomy":"product_cat","embeddable":true,"href":"https:\/\/ultralooner.com\/de\/wp-json\/wp\/v2\/product_cat?post=1350"},{"taxonomy":"product_tag","embeddable":true,"href":"https:\/\/ultralooner.com\/de\/wp-json\/wp\/v2\/product_tag?post=1350"}],"curies":[{"name":"wp","href":"https:\/\/api.w.org\/{rel}","templated":true}]}}