{"id":1365,"date":"2025-10-07T10:06:27","date_gmt":"2025-10-07T08:06:27","guid":{"rendered":"https:\/\/ultralooner.com\/?post_type=product&#038;p=1365"},"modified":"2026-04-27T16:41:44","modified_gmt":"2026-04-27T14:41:44","slug":"cattex-18-soap-crush-here","status":"publish","type":"product","link":"https:\/\/ultralooner.com\/de\/produkt\/cattex-18-soap-crush-here\/","title":{"rendered":"Cattex 18\u201d Soap \u2013 \u201eCRUSH HERE!\u201c"},"content":{"rendered":"<p class=\"p1\">Der\u00a0<span class=\"s1\"><b>Cattex 18 Zoll Soap Ballons (CT18)<\/b><\/span> kommen jetzt mit einem besonders verspielten Motiv von <span class=\"s1\"><b>Tyler Kalleal<\/b><\/span>: <span class=\"s1\"><b>HIRO<\/b><\/span> l\u00e4dt dich ein mit dem frechen Aufdruck <span class=\"s1\"><b>\u201eCRUSH HERE!\u201c<\/b><\/span>.<\/p>\n<p class=\"p2\">\n<p class=\"p1\">Die glasklaren Soap-Farben geben dem Ballon einen sexy, fast seifenblasenartigen Look \u2013 perfekt f\u00fcr Looner und Kinky-Fans, die es lieben, ihre Ballons zu reiten, zu dr\u00fccken oder zum ultimativen Crush zu bringen.<\/p>\n<p class=\"p2\">\n<p class=\"p1\">Mit 18 Zoll (ca. 45 cm) haben die Ballons die ideale Gr\u00f6\u00dfe: nicht zu gro\u00df f\u00fcr intensives Spielen, aber gro\u00df genug, um ordentlich Spannung aufzubauen. Robustes Latex sorgt daf\u00fcr, dass der Ballon lange durchh\u00e4lt \u2013 bis du entscheidest, ob er platzt.<\/p>\n<p class=\"p3\">\n<ul>\n<li>\n<p class=\"p1\">Gr\u00f6\u00dfe: 18 Zoll (ca. 45 cm)<\/p>\n<\/li>\n<li>\n<p class=\"p1\">Marke: Cattex (CT18)<\/p>\n<\/li>\n<li>\n<p class=\"p1\">Farben: Soap-Varianten (blau, pink, lavendel, orange, rot, gr\u00fcn, gelb usw.)<\/p>\n<\/li>\n<li>\n<p class=\"p1\">Design: \u201eHIRO \u2013 CRUSH HERE!\u201c von Tyler Kalleal<\/p>\n<\/li>\n<li>\n<p class=\"p1\">Einsatz: Aufblasen, Reiten, Crush &amp; Pop, Dekoration oder Sammlung<\/p>\n<\/li>\n<\/ul>\n<p class=\"p1\">*Abbildung \u00e4hnlich<\/p>\n","protected":false},"excerpt":{"rendered":"<p>Der\u00a0Cattex 18 Zoll Soap Ballons (CT18) kommen jetzt mit einem besonders verspielten Motiv von Tyler Kalleal: HIRO l\u00e4dt dich ein mit dem frechen Aufdruck \u201eCRUSH HERE!\u201c. Die glasklaren Soap-Farben geben dem Ballon einen sexy, fast seifenblasenartigen Look \u2013 perfekt f\u00fcr Looner und Kinky-Fans, die es lieben, ihre Ballons zu reiten, zu dr\u00fccken oder zum ultimativen [&hellip;]<\/p>\n","protected":false},"featured_media":1372,"comment_status":"open","ping_status":"closed","template":"","meta":{"_acf_changed":false},"product_brand":[],"product_cat":[199,181,182,180],"product_tag":[],"class_list":{"0":"post-1365","1":"product","2":"type-product","3":"status-publish","4":"has-post-thumbnail","6":"product_cat-199","7":"product_cat-cattex","8":"product_cat-groesse","9":"product_cat-hersteller","11":"first","12":"outofstock","13":"taxable","14":"shipping-taxable","15":"purchasable","16":"product-type-simple","swatches":"rey-swatches","show_selected":""},"acf":[],"yoast_head":"<!-- This site is optimized with the Yoast SEO Premium plugin v27.5 (Yoast SEO v27.5) - https:\/\/yoast.com\/product\/yoast-seo-premium-wordpress\/ -->\n<title>Cattex 18\u201d Soap \u2013 \u201eCRUSH HERE!\u201c - ultralooner.com<\/title>\n<meta name=\"description\" content=\"Die Cattex 18\u201d Soap Ballons \u201eHIRO \u2013 CRUSH HERE!\u201c von Tyler Kalleal sind perfekt f\u00fcr Looner mit einem verspielten Crush-Aufdruck\" \/>\n<meta name=\"robots\" content=\"index, follow, max-snippet:-1, max-image-preview:large, max-video-preview:-1\" \/>\n<link rel=\"canonical\" href=\"https:\/\/ultralooner.com\/de\/produkt\/cattex-18-soap-crush-here\/\" \/>\n<meta property=\"og:locale\" content=\"de_DE\" \/>\n<meta property=\"og:type\" content=\"article\" \/>\n<meta property=\"og:title\" content=\"Cattex 18\u201d Soap \u2013 \u201eCRUSH HERE!\u201c\" \/>\n<meta property=\"og:url\" content=\"https:\/\/ultralooner.com\/de\/produkt\/cattex-18-soap-crush-here\/\" \/>\n<meta property=\"og:site_name\" content=\"ultralooner.com\" \/>\n<meta property=\"article:modified_time\" content=\"2026-04-27T14:41:44+00:00\" \/>\n<meta property=\"og:image\" content=\"https:\/\/ultralooner.com\/wp-content\/uploads\/2025\/10\/ct-18-orange-crush-800x800-1.jpg\" \/>\n\t<meta property=\"og:image:width\" content=\"800\" \/>\n\t<meta property=\"og:image:height\" content=\"800\" \/>\n\t<meta property=\"og:image:type\" content=\"image\/jpeg\" \/>\n<meta name=\"twitter:card\" content=\"summary_large_image\" \/>\n<meta name=\"twitter:label1\" content=\"Preis\" \/>\n\t<meta name=\"twitter:data1\" content=\"1,30&nbsp;&euro;\" \/>\n\t<meta name=\"twitter:label2\" content=\"Verf\u00fcgbarkeit\" \/>\n\t<meta name=\"twitter:data2\" content=\"ausverkauft\" \/>\n<script type=\"application\/ld+json\" class=\"yoast-schema-graph\">{\"@context\":\"https:\\\/\\\/schema.org\",\"@graph\":[{\"@type\":\"WebPage\",\"@id\":\"https:\\\/\\\/ultralooner.com\\\/de\\\/produkt\\\/cattex-18-soap-crush-here\\\/\",\"url\":\"https:\\\/\\\/ultralooner.com\\\/de\\\/produkt\\\/cattex-18-soap-crush-here\\\/\",\"name\":\"Cattex 18\u201d Soap \u2013 \u201eCRUSH HERE!\u201c - ultralooner.com\",\"isPartOf\":{\"@id\":\"https:\\\/\\\/ultralooner.com\\\/de\\\/#website\"},\"primaryImageOfPage\":{\"@id\":\"https:\\\/\\\/ultralooner.com\\\/de\\\/produkt\\\/cattex-18-soap-crush-here\\\/#primaryimage\"},\"image\":{\"@id\":\"https:\\\/\\\/ultralooner.com\\\/de\\\/produkt\\\/cattex-18-soap-crush-here\\\/#primaryimage\"},\"thumbnailUrl\":\"https:\\\/\\\/ultralooner.com\\\/wp-content\\\/uploads\\\/2025\\\/10\\\/ct-18-orange-crush-800x800-1.jpg\",\"datePublished\":\"2025-10-07T08:06:27+00:00\",\"dateModified\":\"2026-04-27T14:41:44+00:00\",\"description\":\"Die Cattex 18\u201d Soap Ballons \u201eHIRO \u2013 CRUSH HERE!\u201c von Tyler Kalleal sind perfekt f\u00fcr Looner mit einem verspielten Crush-Aufdruck\",\"breadcrumb\":{\"@id\":\"https:\\\/\\\/ultralooner.com\\\/de\\\/produkt\\\/cattex-18-soap-crush-here\\\/#breadcrumb\"},\"inLanguage\":\"de\",\"potentialAction\":[{\"@type\":\"ReadAction\",\"target\":[\"https:\\\/\\\/ultralooner.com\\\/de\\\/produkt\\\/cattex-18-soap-crush-here\\\/\"]}]},{\"@type\":\"ImageObject\",\"inLanguage\":\"de\",\"@id\":\"https:\\\/\\\/ultralooner.com\\\/de\\\/produkt\\\/cattex-18-soap-crush-here\\\/#primaryimage\",\"url\":\"https:\\\/\\\/ultralooner.com\\\/wp-content\\\/uploads\\\/2025\\\/10\\\/ct-18-orange-crush-800x800-1.jpg\",\"contentUrl\":\"https:\\\/\\\/ultralooner.com\\\/wp-content\\\/uploads\\\/2025\\\/10\\\/ct-18-orange-crush-800x800-1.jpg\",\"width\":800,\"height\":800},{\"@type\":\"BreadcrumbList\",\"@id\":\"https:\\\/\\\/ultralooner.com\\\/de\\\/produkt\\\/cattex-18-soap-crush-here\\\/#breadcrumb\",\"itemListElement\":[{\"@type\":\"ListItem\",\"position\":1,\"name\":\"Startseite\",\"item\":\"https:\\\/\\\/ultralooner.com\\\/de\\\/\"},{\"@type\":\"ListItem\",\"position\":2,\"name\":\"SHOP\",\"item\":\"https:\\\/\\\/ultralooner.com\\\/shop\\\/\"},{\"@type\":\"ListItem\",\"position\":3,\"name\":\"Cattex 18\u201d Soap \u2013 \u201eCRUSH HERE!\u201c\"}]},{\"@type\":\"WebSite\",\"@id\":\"https:\\\/\\\/ultralooner.com\\\/de\\\/#website\",\"url\":\"https:\\\/\\\/ultralooner.com\\\/de\\\/\",\"name\":\"Ultralooner\",\"description\":\"THE LOONER BALLOON SHOP\",\"publisher\":{\"@id\":\"https:\\\/\\\/ultralooner.com\\\/de\\\/#organization\"},\"alternateName\":\"Looner Store\",\"potentialAction\":[{\"@type\":\"SearchAction\",\"target\":{\"@type\":\"EntryPoint\",\"urlTemplate\":\"https:\\\/\\\/ultralooner.com\\\/de\\\/?s={search_term_string}\"},\"query-input\":{\"@type\":\"PropertyValueSpecification\",\"valueRequired\":true,\"valueName\":\"search_term_string\"}}],\"inLanguage\":\"de\"},{\"@type\":\"Organization\",\"@id\":\"https:\\\/\\\/ultralooner.com\\\/de\\\/#organization\",\"name\":\"Ultralooner\",\"url\":\"https:\\\/\\\/ultralooner.com\\\/de\\\/\",\"logo\":{\"@type\":\"ImageObject\",\"inLanguage\":\"de\",\"@id\":\"https:\\\/\\\/ultralooner.com\\\/de\\\/#\\\/schema\\\/logo\\\/image\\\/\",\"url\":\"https:\\\/\\\/ultralooner.com\\\/wp-content\\\/uploads\\\/2025\\\/09\\\/ullogo.png\",\"contentUrl\":\"https:\\\/\\\/ultralooner.com\\\/wp-content\\\/uploads\\\/2025\\\/09\\\/ullogo.png\",\"width\":1278,\"height\":834,\"caption\":\"Ultralooner\"},\"image\":{\"@id\":\"https:\\\/\\\/ultralooner.com\\\/de\\\/#\\\/schema\\\/logo\\\/image\\\/\"},\"sameAs\":[\"https:\\\/\\\/www.instagram.com\\\/ultra.looner\\\/\"]}]}<\/script>\n<meta property=\"product:price:amount\" content=\"1.30\" \/>\n<meta property=\"product:price:currency\" content=\"EUR\" \/>\n<meta property=\"og:availability\" content=\"out of stock\" \/>\n<meta property=\"product:availability\" content=\"out of stock\" \/>\n<meta property=\"product:condition\" content=\"new\" \/>\n<!-- \/ Yoast SEO Premium plugin. -->","yoast_head_json":{"title":"Cattex 18\u201d Soap \u2013 \u201eCRUSH HERE!\u201c - ultralooner.com","description":"Die Cattex 18\u201d Soap Ballons \u201eHIRO \u2013 CRUSH HERE!\u201c von Tyler Kalleal sind perfekt f\u00fcr Looner mit einem verspielten Crush-Aufdruck","robots":{"index":"index","follow":"follow","max-snippet":"max-snippet:-1","max-image-preview":"max-image-preview:large","max-video-preview":"max-video-preview:-1"},"canonical":"https:\/\/ultralooner.com\/de\/produkt\/cattex-18-soap-crush-here\/","og_locale":"de_DE","og_type":"article","og_title":"Cattex 18\u201d Soap \u2013 \u201eCRUSH HERE!\u201c","og_url":"https:\/\/ultralooner.com\/de\/produkt\/cattex-18-soap-crush-here\/","og_site_name":"ultralooner.com","article_modified_time":"2026-04-27T14:41:44+00:00","og_image":[{"width":800,"height":800,"url":"https:\/\/ultralooner.com\/wp-content\/uploads\/2025\/10\/ct-18-orange-crush-800x800-1.jpg","type":"image\/jpeg"}],"twitter_card":"summary_large_image","twitter_misc":{"Preis":"1,30&nbsp;&euro;","Verf\u00fcgbarkeit":"ausverkauft"},"schema":{"@context":"https:\/\/schema.org","@graph":[{"@type":"WebPage","@id":"https:\/\/ultralooner.com\/de\/produkt\/cattex-18-soap-crush-here\/","url":"https:\/\/ultralooner.com\/de\/produkt\/cattex-18-soap-crush-here\/","name":"Cattex 18\u201d Soap \u2013 \u201eCRUSH HERE!\u201c - ultralooner.com","isPartOf":{"@id":"https:\/\/ultralooner.com\/de\/#website"},"primaryImageOfPage":{"@id":"https:\/\/ultralooner.com\/de\/produkt\/cattex-18-soap-crush-here\/#primaryimage"},"image":{"@id":"https:\/\/ultralooner.com\/de\/produkt\/cattex-18-soap-crush-here\/#primaryimage"},"thumbnailUrl":"https:\/\/ultralooner.com\/wp-content\/uploads\/2025\/10\/ct-18-orange-crush-800x800-1.jpg","datePublished":"2025-10-07T08:06:27+00:00","dateModified":"2026-04-27T14:41:44+00:00","description":"Die Cattex 18\u201d Soap Ballons \u201eHIRO \u2013 CRUSH HERE!\u201c von Tyler Kalleal sind perfekt f\u00fcr Looner mit einem verspielten Crush-Aufdruck","breadcrumb":{"@id":"https:\/\/ultralooner.com\/de\/produkt\/cattex-18-soap-crush-here\/#breadcrumb"},"inLanguage":"de","potentialAction":[{"@type":"ReadAction","target":["https:\/\/ultralooner.com\/de\/produkt\/cattex-18-soap-crush-here\/"]}]},{"@type":"ImageObject","inLanguage":"de","@id":"https:\/\/ultralooner.com\/de\/produkt\/cattex-18-soap-crush-here\/#primaryimage","url":"https:\/\/ultralooner.com\/wp-content\/uploads\/2025\/10\/ct-18-orange-crush-800x800-1.jpg","contentUrl":"https:\/\/ultralooner.com\/wp-content\/uploads\/2025\/10\/ct-18-orange-crush-800x800-1.jpg","width":800,"height":800},{"@type":"BreadcrumbList","@id":"https:\/\/ultralooner.com\/de\/produkt\/cattex-18-soap-crush-here\/#breadcrumb","itemListElement":[{"@type":"ListItem","position":1,"name":"Startseite","item":"https:\/\/ultralooner.com\/de\/"},{"@type":"ListItem","position":2,"name":"SHOP","item":"https:\/\/ultralooner.com\/shop\/"},{"@type":"ListItem","position":3,"name":"Cattex 18\u201d Soap \u2013 \u201eCRUSH HERE!\u201c"}]},{"@type":"WebSite","@id":"https:\/\/ultralooner.com\/de\/#website","url":"https:\/\/ultralooner.com\/de\/","name":"Ultralooner","description":"THE LOONER BALLOON SHOP","publisher":{"@id":"https:\/\/ultralooner.com\/de\/#organization"},"alternateName":"Looner Store","potentialAction":[{"@type":"SearchAction","target":{"@type":"EntryPoint","urlTemplate":"https:\/\/ultralooner.com\/de\/?s={search_term_string}"},"query-input":{"@type":"PropertyValueSpecification","valueRequired":true,"valueName":"search_term_string"}}],"inLanguage":"de"},{"@type":"Organization","@id":"https:\/\/ultralooner.com\/de\/#organization","name":"Ultralooner","url":"https:\/\/ultralooner.com\/de\/","logo":{"@type":"ImageObject","inLanguage":"de","@id":"https:\/\/ultralooner.com\/de\/#\/schema\/logo\/image\/","url":"https:\/\/ultralooner.com\/wp-content\/uploads\/2025\/09\/ullogo.png","contentUrl":"https:\/\/ultralooner.com\/wp-content\/uploads\/2025\/09\/ullogo.png","width":1278,"height":834,"caption":"Ultralooner"},"image":{"@id":"https:\/\/ultralooner.com\/de\/#\/schema\/logo\/image\/"},"sameAs":["https:\/\/www.instagram.com\/ultra.looner\/"]}]},"product_price_amount":"1.30","product_price_currency":"EUR","og_availability":"out of stock","product_availability":"out of stock","product_condition":"new"},"jetpack_sharing_enabled":true,"_links":{"self":[{"href":"https:\/\/ultralooner.com\/de\/wp-json\/wp\/v2\/product\/1365","targetHints":{"allow":["GET"]}}],"collection":[{"href":"https:\/\/ultralooner.com\/de\/wp-json\/wp\/v2\/product"}],"about":[{"href":"https:\/\/ultralooner.com\/de\/wp-json\/wp\/v2\/types\/product"}],"replies":[{"embeddable":true,"href":"https:\/\/ultralooner.com\/de\/wp-json\/wp\/v2\/comments?post=1365"}],"version-history":[{"count":1,"href":"https:\/\/ultralooner.com\/de\/wp-json\/wp\/v2\/product\/1365\/revisions"}],"predecessor-version":[{"id":1380,"href":"https:\/\/ultralooner.com\/de\/wp-json\/wp\/v2\/product\/1365\/revisions\/1380"}],"wp:featuredmedia":[{"embeddable":true,"href":"https:\/\/ultralooner.com\/de\/wp-json\/wp\/v2\/media\/1372"}],"wp:attachment":[{"href":"https:\/\/ultralooner.com\/de\/wp-json\/wp\/v2\/media?parent=1365"}],"wp:term":[{"taxonomy":"product_brand","embeddable":true,"href":"https:\/\/ultralooner.com\/de\/wp-json\/wp\/v2\/product_brand?post=1365"},{"taxonomy":"product_cat","embeddable":true,"href":"https:\/\/ultralooner.com\/de\/wp-json\/wp\/v2\/product_cat?post=1365"},{"taxonomy":"product_tag","embeddable":true,"href":"https:\/\/ultralooner.com\/de\/wp-json\/wp\/v2\/product_tag?post=1365"}],"curies":[{"name":"wp","href":"https:\/\/api.w.org\/{rel}","templated":true}]}}