{"id":1399,"date":"2025-10-07T10:31:13","date_gmt":"2025-10-07T08:31:13","guid":{"rendered":"https:\/\/ultralooner.com\/?post_type=product&#038;p=1399"},"modified":"2026-05-03T21:26:40","modified_gmt":"2026-05-03T19:26:40","slug":"belbal-14-crystal-come-on-now-burst-10er-pack","status":"publish","type":"product","link":"https:\/\/ultralooner.com\/de\/produkt\/belbal-14-crystal-come-on-now-burst-10er-pack\/","title":{"rendered":"Belbal 14\u201d Crystal  \u2013 COME ON NOW, BURST! (10er Pack)"},"content":{"rendered":"<p class=\"p1\">Diese <span class=\"s1\"><b>Belbal BB14 Ballons<\/b><\/span> sind jetzt erstmals in edlen <span class=\"s1\"><b>Crystal Farben<\/b><\/span> erh\u00e4ltlich und bringen das\u00a0 Motiv <span class=\"s1\"><b>\u201eCOME ON NOW, BURST!\u201c<\/b><\/span> zur\u00fcck.<\/p>\n<p class=\"p1\">Mit 14 Zoll (ca. 36 cm) Gr\u00f6\u00dfe bieten sie das perfekte Format f\u00fcr einen BLOW2POP<\/p>\n<ul>\n<li>\n<p class=\"p1\">Marke: Belbal BB14<\/p>\n<\/li>\n<li>\n<p class=\"p1\">Farben: Crystal Varianten (transparent &amp; farbig gl\u00e4nzend)<\/p>\n<\/li>\n<li>\n<p class=\"p1\">Druck: \u201eCOME ON NOW, BURST!\u201c<\/p>\n<\/li>\n<li>\n<p class=\"p1\">Verpackung: 10er Pack<\/p>\n<\/li>\n<li>\n<p class=\"p1\">Einsatz: Aufblasen, Dekorieren, Sammeln oder f\u00fcr den besonderen Nervenkitzel<\/p>\n<\/li>\n<li><\/li>\n<\/ul>\n<p class=\"p1\">*Abbildung \u00e4hnlich<\/p>\n","protected":false},"excerpt":{"rendered":"<p>Diese Belbal BB14 Ballons sind jetzt erstmals in edlen Crystal Farben erh\u00e4ltlich und bringen das\u00a0 Motiv \u201eCOME ON NOW, BURST!\u201c zur\u00fcck. Mit 14 Zoll (ca. 36 cm) Gr\u00f6\u00dfe bieten sie das perfekte Format f\u00fcr einen BLOW2POP Marke: Belbal BB14 Farben: Crystal Varianten (transparent &amp; farbig gl\u00e4nzend) Druck: \u201eCOME ON NOW, BURST!\u201c Verpackung: 10er Pack Einsatz: [&hellip;]<\/p>\n","protected":false},"featured_media":1402,"comment_status":"open","ping_status":"closed","template":"","meta":{"_acf_changed":false},"product_brand":[],"product_cat":[205,198,180],"product_tag":[],"class_list":{"0":"post-1399","1":"product","2":"type-product","3":"status-publish","4":"has-post-thumbnail","6":"product_cat-205","7":"product_cat-belbal","8":"product_cat-hersteller","10":"first","11":"outofstock","12":"taxable","13":"shipping-taxable","14":"purchasable","15":"product-type-simple","swatches":"rey-swatches","show_selected":""},"acf":[],"yoast_head":"<!-- This site is optimized with the Yoast SEO Premium plugin v27.5 (Yoast SEO v27.5) - https:\/\/yoast.com\/product\/yoast-seo-premium-wordpress\/ -->\n<title>Belbal 14\u201d Crystal \u2013 COME ON NOW, BURST! (10er Pack) - ultralooner.com<\/title>\n<meta name=\"description\" content=\"Die Belbal 14\u201d Crystal Ballons \u201eCOME ON NOW, BURST!\u201c im 10er Pack Hochwertige BB14 Qualit\u00e4t mit exklusivem Motivdruck.\" \/>\n<meta name=\"robots\" content=\"index, follow, max-snippet:-1, max-image-preview:large, max-video-preview:-1\" \/>\n<link rel=\"canonical\" href=\"https:\/\/ultralooner.com\/de\/produkt\/belbal-14-crystal-come-on-now-burst-10er-pack\/\" \/>\n<meta property=\"og:locale\" content=\"de_DE\" \/>\n<meta property=\"og:type\" content=\"article\" \/>\n<meta property=\"og:title\" content=\"Belbal 14\u201d Crystal \u2013 COME ON NOW, BURST! (10er Pack)\" \/>\n<meta property=\"og:url\" content=\"https:\/\/ultralooner.com\/de\/produkt\/belbal-14-crystal-come-on-now-burst-10er-pack\/\" \/>\n<meta property=\"og:site_name\" content=\"ultralooner.com\" \/>\n<meta property=\"article:modified_time\" content=\"2026-05-03T19:26:40+00:00\" \/>\n<meta property=\"og:image\" content=\"https:\/\/ultralooner.com\/wp-content\/uploads\/2025\/10\/bb-14-blowme-bordaux-800x800-1.jpg\" \/>\n\t<meta property=\"og:image:width\" content=\"800\" \/>\n\t<meta property=\"og:image:height\" content=\"800\" \/>\n\t<meta property=\"og:image:type\" content=\"image\/jpeg\" \/>\n<meta name=\"twitter:card\" content=\"summary_large_image\" \/>\n<meta name=\"twitter:label1\" content=\"Preis\" \/>\n\t<meta name=\"twitter:data1\" content=\"9,50&nbsp;&euro;\" \/>\n\t<meta name=\"twitter:label2\" content=\"Verf\u00fcgbarkeit\" \/>\n\t<meta name=\"twitter:data2\" content=\"ausverkauft\" \/>\n<script type=\"application\/ld+json\" class=\"yoast-schema-graph\">{\"@context\":\"https:\\\/\\\/schema.org\",\"@graph\":[{\"@type\":\"WebPage\",\"@id\":\"https:\\\/\\\/ultralooner.com\\\/de\\\/produkt\\\/belbal-14-crystal-come-on-now-burst-10er-pack\\\/\",\"url\":\"https:\\\/\\\/ultralooner.com\\\/de\\\/produkt\\\/belbal-14-crystal-come-on-now-burst-10er-pack\\\/\",\"name\":\"Belbal 14\u201d Crystal \u2013 COME ON NOW, BURST! (10er Pack) - ultralooner.com\",\"isPartOf\":{\"@id\":\"https:\\\/\\\/ultralooner.com\\\/de\\\/#website\"},\"primaryImageOfPage\":{\"@id\":\"https:\\\/\\\/ultralooner.com\\\/de\\\/produkt\\\/belbal-14-crystal-come-on-now-burst-10er-pack\\\/#primaryimage\"},\"image\":{\"@id\":\"https:\\\/\\\/ultralooner.com\\\/de\\\/produkt\\\/belbal-14-crystal-come-on-now-burst-10er-pack\\\/#primaryimage\"},\"thumbnailUrl\":\"https:\\\/\\\/ultralooner.com\\\/wp-content\\\/uploads\\\/2025\\\/10\\\/bb-14-blowme-bordaux-800x800-1.jpg\",\"datePublished\":\"2025-10-07T08:31:13+00:00\",\"dateModified\":\"2026-05-03T19:26:40+00:00\",\"description\":\"Die Belbal 14\u201d Crystal Ballons \u201eCOME ON NOW, BURST!\u201c im 10er Pack Hochwertige BB14 Qualit\u00e4t mit exklusivem Motivdruck.\",\"breadcrumb\":{\"@id\":\"https:\\\/\\\/ultralooner.com\\\/de\\\/produkt\\\/belbal-14-crystal-come-on-now-burst-10er-pack\\\/#breadcrumb\"},\"inLanguage\":\"de\",\"potentialAction\":[{\"@type\":\"ReadAction\",\"target\":[\"https:\\\/\\\/ultralooner.com\\\/de\\\/produkt\\\/belbal-14-crystal-come-on-now-burst-10er-pack\\\/\"]}]},{\"@type\":\"ImageObject\",\"inLanguage\":\"de\",\"@id\":\"https:\\\/\\\/ultralooner.com\\\/de\\\/produkt\\\/belbal-14-crystal-come-on-now-burst-10er-pack\\\/#primaryimage\",\"url\":\"https:\\\/\\\/ultralooner.com\\\/wp-content\\\/uploads\\\/2025\\\/10\\\/bb-14-blowme-bordaux-800x800-1.jpg\",\"contentUrl\":\"https:\\\/\\\/ultralooner.com\\\/wp-content\\\/uploads\\\/2025\\\/10\\\/bb-14-blowme-bordaux-800x800-1.jpg\",\"width\":800,\"height\":800},{\"@type\":\"BreadcrumbList\",\"@id\":\"https:\\\/\\\/ultralooner.com\\\/de\\\/produkt\\\/belbal-14-crystal-come-on-now-burst-10er-pack\\\/#breadcrumb\",\"itemListElement\":[{\"@type\":\"ListItem\",\"position\":1,\"name\":\"Startseite\",\"item\":\"https:\\\/\\\/ultralooner.com\\\/de\\\/\"},{\"@type\":\"ListItem\",\"position\":2,\"name\":\"SHOP\",\"item\":\"https:\\\/\\\/ultralooner.com\\\/shop\\\/\"},{\"@type\":\"ListItem\",\"position\":3,\"name\":\"Belbal 14\u201d Crystal \u2013 COME ON NOW, BURST! (10er Pack)\"}]},{\"@type\":\"WebSite\",\"@id\":\"https:\\\/\\\/ultralooner.com\\\/de\\\/#website\",\"url\":\"https:\\\/\\\/ultralooner.com\\\/de\\\/\",\"name\":\"Ultralooner\",\"description\":\"THE LOONER BALLOON SHOP\",\"publisher\":{\"@id\":\"https:\\\/\\\/ultralooner.com\\\/de\\\/#organization\"},\"alternateName\":\"Looner Store\",\"potentialAction\":[{\"@type\":\"SearchAction\",\"target\":{\"@type\":\"EntryPoint\",\"urlTemplate\":\"https:\\\/\\\/ultralooner.com\\\/de\\\/?s={search_term_string}\"},\"query-input\":{\"@type\":\"PropertyValueSpecification\",\"valueRequired\":true,\"valueName\":\"search_term_string\"}}],\"inLanguage\":\"de\"},{\"@type\":\"Organization\",\"@id\":\"https:\\\/\\\/ultralooner.com\\\/de\\\/#organization\",\"name\":\"Ultralooner\",\"url\":\"https:\\\/\\\/ultralooner.com\\\/de\\\/\",\"logo\":{\"@type\":\"ImageObject\",\"inLanguage\":\"de\",\"@id\":\"https:\\\/\\\/ultralooner.com\\\/de\\\/#\\\/schema\\\/logo\\\/image\\\/\",\"url\":\"https:\\\/\\\/ultralooner.com\\\/wp-content\\\/uploads\\\/2025\\\/09\\\/ullogo.png\",\"contentUrl\":\"https:\\\/\\\/ultralooner.com\\\/wp-content\\\/uploads\\\/2025\\\/09\\\/ullogo.png\",\"width\":1278,\"height\":834,\"caption\":\"Ultralooner\"},\"image\":{\"@id\":\"https:\\\/\\\/ultralooner.com\\\/de\\\/#\\\/schema\\\/logo\\\/image\\\/\"},\"sameAs\":[\"https:\\\/\\\/www.instagram.com\\\/ultra.looner\\\/\"]}]}<\/script>\n<meta property=\"product:price:amount\" content=\"9.50\" \/>\n<meta property=\"product:price:currency\" content=\"EUR\" \/>\n<meta property=\"og:availability\" content=\"out of stock\" \/>\n<meta property=\"product:availability\" content=\"out of stock\" \/>\n<meta property=\"product:condition\" content=\"new\" \/>\n<!-- \/ Yoast SEO Premium plugin. -->","yoast_head_json":{"title":"Belbal 14\u201d Crystal \u2013 COME ON NOW, BURST! (10er Pack) - ultralooner.com","description":"Die Belbal 14\u201d Crystal Ballons \u201eCOME ON NOW, BURST!\u201c im 10er Pack Hochwertige BB14 Qualit\u00e4t mit exklusivem Motivdruck.","robots":{"index":"index","follow":"follow","max-snippet":"max-snippet:-1","max-image-preview":"max-image-preview:large","max-video-preview":"max-video-preview:-1"},"canonical":"https:\/\/ultralooner.com\/de\/produkt\/belbal-14-crystal-come-on-now-burst-10er-pack\/","og_locale":"de_DE","og_type":"article","og_title":"Belbal 14\u201d Crystal \u2013 COME ON NOW, BURST! (10er Pack)","og_url":"https:\/\/ultralooner.com\/de\/produkt\/belbal-14-crystal-come-on-now-burst-10er-pack\/","og_site_name":"ultralooner.com","article_modified_time":"2026-05-03T19:26:40+00:00","og_image":[{"width":800,"height":800,"url":"https:\/\/ultralooner.com\/wp-content\/uploads\/2025\/10\/bb-14-blowme-bordaux-800x800-1.jpg","type":"image\/jpeg"}],"twitter_card":"summary_large_image","twitter_misc":{"Preis":"9,50&nbsp;&euro;","Verf\u00fcgbarkeit":"ausverkauft"},"schema":{"@context":"https:\/\/schema.org","@graph":[{"@type":"WebPage","@id":"https:\/\/ultralooner.com\/de\/produkt\/belbal-14-crystal-come-on-now-burst-10er-pack\/","url":"https:\/\/ultralooner.com\/de\/produkt\/belbal-14-crystal-come-on-now-burst-10er-pack\/","name":"Belbal 14\u201d Crystal \u2013 COME ON NOW, BURST! (10er Pack) - ultralooner.com","isPartOf":{"@id":"https:\/\/ultralooner.com\/de\/#website"},"primaryImageOfPage":{"@id":"https:\/\/ultralooner.com\/de\/produkt\/belbal-14-crystal-come-on-now-burst-10er-pack\/#primaryimage"},"image":{"@id":"https:\/\/ultralooner.com\/de\/produkt\/belbal-14-crystal-come-on-now-burst-10er-pack\/#primaryimage"},"thumbnailUrl":"https:\/\/ultralooner.com\/wp-content\/uploads\/2025\/10\/bb-14-blowme-bordaux-800x800-1.jpg","datePublished":"2025-10-07T08:31:13+00:00","dateModified":"2026-05-03T19:26:40+00:00","description":"Die Belbal 14\u201d Crystal Ballons \u201eCOME ON NOW, BURST!\u201c im 10er Pack Hochwertige BB14 Qualit\u00e4t mit exklusivem Motivdruck.","breadcrumb":{"@id":"https:\/\/ultralooner.com\/de\/produkt\/belbal-14-crystal-come-on-now-burst-10er-pack\/#breadcrumb"},"inLanguage":"de","potentialAction":[{"@type":"ReadAction","target":["https:\/\/ultralooner.com\/de\/produkt\/belbal-14-crystal-come-on-now-burst-10er-pack\/"]}]},{"@type":"ImageObject","inLanguage":"de","@id":"https:\/\/ultralooner.com\/de\/produkt\/belbal-14-crystal-come-on-now-burst-10er-pack\/#primaryimage","url":"https:\/\/ultralooner.com\/wp-content\/uploads\/2025\/10\/bb-14-blowme-bordaux-800x800-1.jpg","contentUrl":"https:\/\/ultralooner.com\/wp-content\/uploads\/2025\/10\/bb-14-blowme-bordaux-800x800-1.jpg","width":800,"height":800},{"@type":"BreadcrumbList","@id":"https:\/\/ultralooner.com\/de\/produkt\/belbal-14-crystal-come-on-now-burst-10er-pack\/#breadcrumb","itemListElement":[{"@type":"ListItem","position":1,"name":"Startseite","item":"https:\/\/ultralooner.com\/de\/"},{"@type":"ListItem","position":2,"name":"SHOP","item":"https:\/\/ultralooner.com\/shop\/"},{"@type":"ListItem","position":3,"name":"Belbal 14\u201d Crystal \u2013 COME ON NOW, BURST! (10er Pack)"}]},{"@type":"WebSite","@id":"https:\/\/ultralooner.com\/de\/#website","url":"https:\/\/ultralooner.com\/de\/","name":"Ultralooner","description":"THE LOONER BALLOON SHOP","publisher":{"@id":"https:\/\/ultralooner.com\/de\/#organization"},"alternateName":"Looner Store","potentialAction":[{"@type":"SearchAction","target":{"@type":"EntryPoint","urlTemplate":"https:\/\/ultralooner.com\/de\/?s={search_term_string}"},"query-input":{"@type":"PropertyValueSpecification","valueRequired":true,"valueName":"search_term_string"}}],"inLanguage":"de"},{"@type":"Organization","@id":"https:\/\/ultralooner.com\/de\/#organization","name":"Ultralooner","url":"https:\/\/ultralooner.com\/de\/","logo":{"@type":"ImageObject","inLanguage":"de","@id":"https:\/\/ultralooner.com\/de\/#\/schema\/logo\/image\/","url":"https:\/\/ultralooner.com\/wp-content\/uploads\/2025\/09\/ullogo.png","contentUrl":"https:\/\/ultralooner.com\/wp-content\/uploads\/2025\/09\/ullogo.png","width":1278,"height":834,"caption":"Ultralooner"},"image":{"@id":"https:\/\/ultralooner.com\/de\/#\/schema\/logo\/image\/"},"sameAs":["https:\/\/www.instagram.com\/ultra.looner\/"]}]},"product_price_amount":"9.50","product_price_currency":"EUR","og_availability":"out of stock","product_availability":"out of stock","product_condition":"new"},"jetpack_sharing_enabled":true,"_links":{"self":[{"href":"https:\/\/ultralooner.com\/de\/wp-json\/wp\/v2\/product\/1399","targetHints":{"allow":["GET"]}}],"collection":[{"href":"https:\/\/ultralooner.com\/de\/wp-json\/wp\/v2\/product"}],"about":[{"href":"https:\/\/ultralooner.com\/de\/wp-json\/wp\/v2\/types\/product"}],"replies":[{"embeddable":true,"href":"https:\/\/ultralooner.com\/de\/wp-json\/wp\/v2\/comments?post=1399"}],"version-history":[{"count":2,"href":"https:\/\/ultralooner.com\/de\/wp-json\/wp\/v2\/product\/1399\/revisions"}],"predecessor-version":[{"id":1418,"href":"https:\/\/ultralooner.com\/de\/wp-json\/wp\/v2\/product\/1399\/revisions\/1418"}],"wp:featuredmedia":[{"embeddable":true,"href":"https:\/\/ultralooner.com\/de\/wp-json\/wp\/v2\/media\/1402"}],"wp:attachment":[{"href":"https:\/\/ultralooner.com\/de\/wp-json\/wp\/v2\/media?parent=1399"}],"wp:term":[{"taxonomy":"product_brand","embeddable":true,"href":"https:\/\/ultralooner.com\/de\/wp-json\/wp\/v2\/product_brand?post=1399"},{"taxonomy":"product_cat","embeddable":true,"href":"https:\/\/ultralooner.com\/de\/wp-json\/wp\/v2\/product_cat?post=1399"},{"taxonomy":"product_tag","embeddable":true,"href":"https:\/\/ultralooner.com\/de\/wp-json\/wp\/v2\/product_tag?post=1399"}],"curies":[{"name":"wp","href":"https:\/\/api.w.org\/{rel}","templated":true}]}}