{"id":1434,"date":"2025-10-07T11:18:58","date_gmt":"2025-10-07T09:18:58","guid":{"rendered":"https:\/\/ultralooner.com\/?post_type=product&#038;p=1434"},"modified":"2026-04-27T16:41:39","modified_gmt":"2026-04-27T14:41:39","slug":"cattex-18-stomp-crystal-assorted","status":"publish","type":"product","link":"https:\/\/ultralooner.com\/de\/produkt\/cattex-18-stomp-crystal-assorted\/","title":{"rendered":"Cattex 18&#8243; &#8222;Stomp&#8220; Crystal assorted"},"content":{"rendered":"<h2>Cattex 18&#8243; Crystal Balloon<\/h2>\n<h3>Looner Balloon mit Stomp-Print \u2013 Gro\u00df, auff\u00e4llig, gemacht f\u00fcr Spa\u00df<\/h3>\n<p>Mach dich bereit, dein Ballonspiel auf die n\u00e4chste Stufe zu bringen mit unserem <strong>Looner Balloon mit ikonischem Stomp-Print<\/strong>. Entwickelt f\u00fcr alle, die das Aussehen, das Gef\u00fchl und den Nervenkitzel von \u00fcbergro\u00dfen Ballons lieben. Gefertigt aus extra-dickem, hochwertigem Latex, h\u00e4lt er all dem Dehnen, H\u00fcpfen und Spielen stand, das du ihm zumutest.<\/p>\n<p>Der verspielte <strong>Stomp-Print<\/strong> verleiht dem Ballon eine freche, spa\u00dfige Note \u2013 ein visueller Hingucker und ein haptisches Vergn\u00fcgen zugleich. Ob du darauf reitest, darauf trittst, ihn dr\u00fcckst oder einfach nur bewunderst \u2013 dieser Ballon ist gemacht, um pures Ballon-Vergn\u00fcgen zu bieten.<\/p>\n","protected":false},"excerpt":{"rendered":"<p>Cattex 18&#8243; Crystal Balloon Looner Balloon mit Stomp-Print \u2013 Gro\u00df, auff\u00e4llig, gemacht f\u00fcr Spa\u00df Mach dich bereit, dein Ballonspiel auf die n\u00e4chste Stufe zu bringen mit unserem Looner Balloon mit ikonischem Stomp-Print. Entwickelt f\u00fcr alle, die das Aussehen, das Gef\u00fchl und den Nervenkitzel von \u00fcbergro\u00dfen Ballons lieben. Gefertigt aus extra-dickem, hochwertigem Latex, h\u00e4lt er all [&hellip;]<\/p>\n","protected":false},"featured_media":1448,"comment_status":"open","ping_status":"closed","template":"","meta":{"_acf_changed":false},"product_brand":[],"product_cat":[203,181,182,180],"product_tag":[],"class_list":{"0":"post-1434","1":"product","2":"type-product","3":"status-publish","4":"has-post-thumbnail","6":"product_cat-203","7":"product_cat-cattex","8":"product_cat-groesse","9":"product_cat-hersteller","11":"first","12":"outofstock","13":"taxable","14":"shipping-taxable","15":"purchasable","16":"product-type-simple","swatches":"rey-swatches","show_selected":""},"acf":[],"yoast_head":"<!-- This site is optimized with the Yoast SEO Premium plugin v27.5 (Yoast SEO v27.5) - https:\/\/yoast.com\/product\/yoast-seo-premium-wordpress\/ -->\n<title>Cattex 18&quot; &quot;Stomp&quot; Crystal assorted - ultralooner.com<\/title>\n<meta name=\"description\" content=\"Der Cattex 18\u201d Crystal Balloon ist ein gro\u00dfer, stabiler Latexballon aus extra-dickem Material. Crystal Balloon mit Stomp-Print\" \/>\n<meta name=\"robots\" content=\"index, follow, max-snippet:-1, max-image-preview:large, max-video-preview:-1\" \/>\n<link rel=\"canonical\" href=\"https:\/\/ultralooner.com\/de\/produkt\/cattex-18-stomp-crystal-assorted\/\" \/>\n<meta property=\"og:locale\" content=\"de_DE\" \/>\n<meta property=\"og:type\" content=\"article\" \/>\n<meta property=\"og:title\" content=\"Cattex 18&quot; &quot;Stomp&quot; Crystal assorted\" \/>\n<meta property=\"og:url\" content=\"https:\/\/ultralooner.com\/de\/produkt\/cattex-18-stomp-crystal-assorted\/\" \/>\n<meta property=\"og:site_name\" content=\"ultralooner.com\" \/>\n<meta property=\"article:modified_time\" content=\"2026-04-27T14:41:39+00:00\" \/>\n<meta property=\"og:image\" content=\"https:\/\/ultralooner.com\/wp-content\/uploads\/2025\/10\/stomppink18.png\" \/>\n\t<meta property=\"og:image:width\" content=\"1000\" \/>\n\t<meta property=\"og:image:height\" content=\"1000\" \/>\n\t<meta property=\"og:image:type\" content=\"image\/png\" \/>\n<meta name=\"twitter:card\" content=\"summary_large_image\" \/>\n<meta name=\"twitter:label1\" content=\"Preis\" \/>\n\t<meta name=\"twitter:data1\" content=\"1,20&nbsp;&euro;\" \/>\n\t<meta name=\"twitter:label2\" content=\"Verf\u00fcgbarkeit\" \/>\n\t<meta name=\"twitter:data2\" content=\"ausverkauft\" \/>\n<script type=\"application\/ld+json\" class=\"yoast-schema-graph\">{\"@context\":\"https:\\\/\\\/schema.org\",\"@graph\":[{\"@type\":\"WebPage\",\"@id\":\"https:\\\/\\\/ultralooner.com\\\/de\\\/produkt\\\/cattex-18-stomp-crystal-assorted\\\/\",\"url\":\"https:\\\/\\\/ultralooner.com\\\/de\\\/produkt\\\/cattex-18-stomp-crystal-assorted\\\/\",\"name\":\"Cattex 18\\\" \\\"Stomp\\\" Crystal assorted - ultralooner.com\",\"isPartOf\":{\"@id\":\"https:\\\/\\\/ultralooner.com\\\/de\\\/#website\"},\"primaryImageOfPage\":{\"@id\":\"https:\\\/\\\/ultralooner.com\\\/de\\\/produkt\\\/cattex-18-stomp-crystal-assorted\\\/#primaryimage\"},\"image\":{\"@id\":\"https:\\\/\\\/ultralooner.com\\\/de\\\/produkt\\\/cattex-18-stomp-crystal-assorted\\\/#primaryimage\"},\"thumbnailUrl\":\"https:\\\/\\\/ultralooner.com\\\/wp-content\\\/uploads\\\/2025\\\/10\\\/stomppink18.png\",\"datePublished\":\"2025-10-07T09:18:58+00:00\",\"dateModified\":\"2026-04-27T14:41:39+00:00\",\"description\":\"Der Cattex 18\u201d Crystal Balloon ist ein gro\u00dfer, stabiler Latexballon aus extra-dickem Material. Crystal Balloon mit Stomp-Print\",\"breadcrumb\":{\"@id\":\"https:\\\/\\\/ultralooner.com\\\/de\\\/produkt\\\/cattex-18-stomp-crystal-assorted\\\/#breadcrumb\"},\"inLanguage\":\"de\",\"potentialAction\":[{\"@type\":\"ReadAction\",\"target\":[\"https:\\\/\\\/ultralooner.com\\\/de\\\/produkt\\\/cattex-18-stomp-crystal-assorted\\\/\"]}]},{\"@type\":\"ImageObject\",\"inLanguage\":\"de\",\"@id\":\"https:\\\/\\\/ultralooner.com\\\/de\\\/produkt\\\/cattex-18-stomp-crystal-assorted\\\/#primaryimage\",\"url\":\"https:\\\/\\\/ultralooner.com\\\/wp-content\\\/uploads\\\/2025\\\/10\\\/stomppink18.png\",\"contentUrl\":\"https:\\\/\\\/ultralooner.com\\\/wp-content\\\/uploads\\\/2025\\\/10\\\/stomppink18.png\",\"width\":1000,\"height\":1000},{\"@type\":\"BreadcrumbList\",\"@id\":\"https:\\\/\\\/ultralooner.com\\\/de\\\/produkt\\\/cattex-18-stomp-crystal-assorted\\\/#breadcrumb\",\"itemListElement\":[{\"@type\":\"ListItem\",\"position\":1,\"name\":\"Startseite\",\"item\":\"https:\\\/\\\/ultralooner.com\\\/de\\\/\"},{\"@type\":\"ListItem\",\"position\":2,\"name\":\"SHOP\",\"item\":\"https:\\\/\\\/ultralooner.com\\\/shop\\\/\"},{\"@type\":\"ListItem\",\"position\":3,\"name\":\"Cattex 18&#8243; &#8222;Stomp&#8221; Crystal assorted\"}]},{\"@type\":\"WebSite\",\"@id\":\"https:\\\/\\\/ultralooner.com\\\/de\\\/#website\",\"url\":\"https:\\\/\\\/ultralooner.com\\\/de\\\/\",\"name\":\"Ultralooner\",\"description\":\"THE LOONER BALLOON SHOP\",\"publisher\":{\"@id\":\"https:\\\/\\\/ultralooner.com\\\/de\\\/#organization\"},\"alternateName\":\"Looner Store\",\"potentialAction\":[{\"@type\":\"SearchAction\",\"target\":{\"@type\":\"EntryPoint\",\"urlTemplate\":\"https:\\\/\\\/ultralooner.com\\\/de\\\/?s={search_term_string}\"},\"query-input\":{\"@type\":\"PropertyValueSpecification\",\"valueRequired\":true,\"valueName\":\"search_term_string\"}}],\"inLanguage\":\"de\"},{\"@type\":\"Organization\",\"@id\":\"https:\\\/\\\/ultralooner.com\\\/de\\\/#organization\",\"name\":\"Ultralooner\",\"url\":\"https:\\\/\\\/ultralooner.com\\\/de\\\/\",\"logo\":{\"@type\":\"ImageObject\",\"inLanguage\":\"de\",\"@id\":\"https:\\\/\\\/ultralooner.com\\\/de\\\/#\\\/schema\\\/logo\\\/image\\\/\",\"url\":\"https:\\\/\\\/ultralooner.com\\\/wp-content\\\/uploads\\\/2025\\\/09\\\/ullogo.png\",\"contentUrl\":\"https:\\\/\\\/ultralooner.com\\\/wp-content\\\/uploads\\\/2025\\\/09\\\/ullogo.png\",\"width\":1278,\"height\":834,\"caption\":\"Ultralooner\"},\"image\":{\"@id\":\"https:\\\/\\\/ultralooner.com\\\/de\\\/#\\\/schema\\\/logo\\\/image\\\/\"},\"sameAs\":[\"https:\\\/\\\/www.instagram.com\\\/ultra.looner\\\/\"]}]}<\/script>\n<meta property=\"product:price:amount\" content=\"1.20\" \/>\n<meta property=\"product:price:currency\" content=\"EUR\" \/>\n<meta property=\"og:availability\" content=\"out of stock\" \/>\n<meta property=\"product:availability\" content=\"out of stock\" \/>\n<meta property=\"product:condition\" content=\"new\" \/>\n<!-- \/ Yoast SEO Premium plugin. -->","yoast_head_json":{"title":"Cattex 18\" \"Stomp\" Crystal assorted - ultralooner.com","description":"Der Cattex 18\u201d Crystal Balloon ist ein gro\u00dfer, stabiler Latexballon aus extra-dickem Material. Crystal Balloon mit Stomp-Print","robots":{"index":"index","follow":"follow","max-snippet":"max-snippet:-1","max-image-preview":"max-image-preview:large","max-video-preview":"max-video-preview:-1"},"canonical":"https:\/\/ultralooner.com\/de\/produkt\/cattex-18-stomp-crystal-assorted\/","og_locale":"de_DE","og_type":"article","og_title":"Cattex 18\" \"Stomp\" Crystal assorted","og_url":"https:\/\/ultralooner.com\/de\/produkt\/cattex-18-stomp-crystal-assorted\/","og_site_name":"ultralooner.com","article_modified_time":"2026-04-27T14:41:39+00:00","og_image":[{"width":1000,"height":1000,"url":"https:\/\/ultralooner.com\/wp-content\/uploads\/2025\/10\/stomppink18.png","type":"image\/png"}],"twitter_card":"summary_large_image","twitter_misc":{"Preis":"1,20&nbsp;&euro;","Verf\u00fcgbarkeit":"ausverkauft"},"schema":{"@context":"https:\/\/schema.org","@graph":[{"@type":"WebPage","@id":"https:\/\/ultralooner.com\/de\/produkt\/cattex-18-stomp-crystal-assorted\/","url":"https:\/\/ultralooner.com\/de\/produkt\/cattex-18-stomp-crystal-assorted\/","name":"Cattex 18\" \"Stomp\" Crystal assorted - ultralooner.com","isPartOf":{"@id":"https:\/\/ultralooner.com\/de\/#website"},"primaryImageOfPage":{"@id":"https:\/\/ultralooner.com\/de\/produkt\/cattex-18-stomp-crystal-assorted\/#primaryimage"},"image":{"@id":"https:\/\/ultralooner.com\/de\/produkt\/cattex-18-stomp-crystal-assorted\/#primaryimage"},"thumbnailUrl":"https:\/\/ultralooner.com\/wp-content\/uploads\/2025\/10\/stomppink18.png","datePublished":"2025-10-07T09:18:58+00:00","dateModified":"2026-04-27T14:41:39+00:00","description":"Der Cattex 18\u201d Crystal Balloon ist ein gro\u00dfer, stabiler Latexballon aus extra-dickem Material. Crystal Balloon mit Stomp-Print","breadcrumb":{"@id":"https:\/\/ultralooner.com\/de\/produkt\/cattex-18-stomp-crystal-assorted\/#breadcrumb"},"inLanguage":"de","potentialAction":[{"@type":"ReadAction","target":["https:\/\/ultralooner.com\/de\/produkt\/cattex-18-stomp-crystal-assorted\/"]}]},{"@type":"ImageObject","inLanguage":"de","@id":"https:\/\/ultralooner.com\/de\/produkt\/cattex-18-stomp-crystal-assorted\/#primaryimage","url":"https:\/\/ultralooner.com\/wp-content\/uploads\/2025\/10\/stomppink18.png","contentUrl":"https:\/\/ultralooner.com\/wp-content\/uploads\/2025\/10\/stomppink18.png","width":1000,"height":1000},{"@type":"BreadcrumbList","@id":"https:\/\/ultralooner.com\/de\/produkt\/cattex-18-stomp-crystal-assorted\/#breadcrumb","itemListElement":[{"@type":"ListItem","position":1,"name":"Startseite","item":"https:\/\/ultralooner.com\/de\/"},{"@type":"ListItem","position":2,"name":"SHOP","item":"https:\/\/ultralooner.com\/shop\/"},{"@type":"ListItem","position":3,"name":"Cattex 18&#8243; &#8222;Stomp&#8221; Crystal assorted"}]},{"@type":"WebSite","@id":"https:\/\/ultralooner.com\/de\/#website","url":"https:\/\/ultralooner.com\/de\/","name":"Ultralooner","description":"THE LOONER BALLOON SHOP","publisher":{"@id":"https:\/\/ultralooner.com\/de\/#organization"},"alternateName":"Looner Store","potentialAction":[{"@type":"SearchAction","target":{"@type":"EntryPoint","urlTemplate":"https:\/\/ultralooner.com\/de\/?s={search_term_string}"},"query-input":{"@type":"PropertyValueSpecification","valueRequired":true,"valueName":"search_term_string"}}],"inLanguage":"de"},{"@type":"Organization","@id":"https:\/\/ultralooner.com\/de\/#organization","name":"Ultralooner","url":"https:\/\/ultralooner.com\/de\/","logo":{"@type":"ImageObject","inLanguage":"de","@id":"https:\/\/ultralooner.com\/de\/#\/schema\/logo\/image\/","url":"https:\/\/ultralooner.com\/wp-content\/uploads\/2025\/09\/ullogo.png","contentUrl":"https:\/\/ultralooner.com\/wp-content\/uploads\/2025\/09\/ullogo.png","width":1278,"height":834,"caption":"Ultralooner"},"image":{"@id":"https:\/\/ultralooner.com\/de\/#\/schema\/logo\/image\/"},"sameAs":["https:\/\/www.instagram.com\/ultra.looner\/"]}]},"product_price_amount":"1.20","product_price_currency":"EUR","og_availability":"out of stock","product_availability":"out of stock","product_condition":"new"},"jetpack_sharing_enabled":true,"_links":{"self":[{"href":"https:\/\/ultralooner.com\/de\/wp-json\/wp\/v2\/product\/1434","targetHints":{"allow":["GET"]}}],"collection":[{"href":"https:\/\/ultralooner.com\/de\/wp-json\/wp\/v2\/product"}],"about":[{"href":"https:\/\/ultralooner.com\/de\/wp-json\/wp\/v2\/types\/product"}],"replies":[{"embeddable":true,"href":"https:\/\/ultralooner.com\/de\/wp-json\/wp\/v2\/comments?post=1434"}],"version-history":[{"count":1,"href":"https:\/\/ultralooner.com\/de\/wp-json\/wp\/v2\/product\/1434\/revisions"}],"predecessor-version":[{"id":1450,"href":"https:\/\/ultralooner.com\/de\/wp-json\/wp\/v2\/product\/1434\/revisions\/1450"}],"wp:featuredmedia":[{"embeddable":true,"href":"https:\/\/ultralooner.com\/de\/wp-json\/wp\/v2\/media\/1448"}],"wp:attachment":[{"href":"https:\/\/ultralooner.com\/de\/wp-json\/wp\/v2\/media?parent=1434"}],"wp:term":[{"taxonomy":"product_brand","embeddable":true,"href":"https:\/\/ultralooner.com\/de\/wp-json\/wp\/v2\/product_brand?post=1434"},{"taxonomy":"product_cat","embeddable":true,"href":"https:\/\/ultralooner.com\/de\/wp-json\/wp\/v2\/product_cat?post=1434"},{"taxonomy":"product_tag","embeddable":true,"href":"https:\/\/ultralooner.com\/de\/wp-json\/wp\/v2\/product_tag?post=1434"}],"curies":[{"name":"wp","href":"https:\/\/api.w.org\/{rel}","templated":true}]}}