{"id":2181,"date":"2025-12-20T16:05:01","date_gmt":"2025-12-20T15:05:01","guid":{"rendered":"https:\/\/ultralooner.com\/?post_type=product&#038;p=2181"},"modified":"2026-04-27T16:41:29","modified_gmt":"2026-04-27T14:41:29","slug":"24-bubble-balloon","status":"publish","type":"product","link":"https:\/\/ultralooner.com\/de\/produkt\/24-bubble-balloon\/","title":{"rendered":"24&#8243; Bubble Balloon"},"content":{"rendered":"<h3><b>Bubble Ballon \u2013 Der ultimative Schutz f\u00fcr deine Luftballons<\/b><\/h3>\n<p class=\"p3\">Der Bubble Ballon ist die ideale L\u00f6sung, um Luftballons zuverl\u00e4ssig zu sch\u00fctzen und ihre Lebensdauer deutlich zu verl\u00e4ngern. Mit seinem transparenten Material bietet er effektiven Balloon Protection.<\/p>\n<p class=\"p3\">Ob bei Feiern, Events oder Dekorationen \u2013 der Bubble Ballon sch\u00fctzt effektiv vor Platzen, Reibung, Schmutz und Feuchtigkeit. Strahlendes Design bleibt sichtbar sowie Form und Motiv, alles f\u00fcr optimalen Balloon Protection.<\/p>\n<p class=\"p3\">Dank seiner robusten und flexiblen Struktur sorgt der Bubble Ballon f\u00fcr zus\u00e4tzliche Stabilit\u00e4t, ohne die Leichtigkeit des Ballons zu beeintr\u00e4chtigen. Er eignet sich sowohl f\u00fcr Latex- als auch Folienballons und ist perfekt f\u00fcr jeder Event, der Balloon Protection ben\u00f6tigt.<\/p>\n<p class=\"p4\"><b>Deine Vorteile auf einen Blick:<\/b><b><\/b><\/p>\n<ul>\n<li>\n<p class=\"p1\">Ultimativer Schutz f\u00fcr Luftballons<\/p>\n<\/li>\n<li>\n<p class=\"p1\">Verl\u00e4ngert Haltbarkeit und Formstabilit\u00e4t<\/p>\n<\/li>\n<li>\n<p class=\"p1\">Transparentes Material f\u00fcr maximale Sichtbarkeit<\/p>\n<\/li>\n<li>\n<p class=\"p1\">Vielseitig einsetzbar f\u00fcr Events, Dekorationen und besondere Anl\u00e4sse<\/p>\n<\/li>\n<li>\n<p class=\"p1\">Hochwertig, stabil und flexibel<\/p>\n<\/li>\n<\/ul>\n<p class=\"p3\">Der Bubble Ballon ist die perfekte Wahl f\u00fcr alle, die Wert auf langlebige, hochwertige und professionelle Ballondekorationen legen. F\u00fcr echte Balloon Protection!<\/p>\n","protected":false},"excerpt":{"rendered":"<p>Bubble Ballon \u2013 Der ultimative Schutz f\u00fcr deine Luftballons Der Bubble Ballon ist die ideale L\u00f6sung, um Luftballons zuverl\u00e4ssig zu sch\u00fctzen und ihre Lebensdauer deutlich zu verl\u00e4ngern. Mit seinem transparenten Material bietet er effektiven Balloon Protection. Ob bei Feiern, Events oder Dekorationen \u2013 der Bubble Ballon sch\u00fctzt effektiv vor Platzen, Reibung, Schmutz und Feuchtigkeit. Strahlendes [&hellip;]<\/p>\n","protected":false},"featured_media":2189,"comment_status":"open","ping_status":"closed","template":"","meta":{"_acf_changed":false},"product_brand":[],"product_cat":[183,241,181],"product_tag":[],"class_list":{"0":"post-2181","1":"product","2":"type-product","3":"status-publish","4":"has-post-thumbnail","6":"product_cat-183","7":"product_cat-bubble","8":"product_cat-cattex","10":"first","11":"outofstock","12":"taxable","13":"shipping-taxable","14":"purchasable","15":"product-type-simple","swatches":"rey-swatches","show_selected":""},"acf":[],"yoast_head":"<!-- This site is optimized with the Yoast SEO Premium plugin v27.5 (Yoast SEO v27.5) - https:\/\/yoast.com\/product\/yoast-seo-premium-wordpress\/ -->\n<title>Balloon Protection: Langlebiger Schutz f\u00fcr Ballons - ultralooner.com<\/title>\n<meta name=\"description\" content=\"Der Bubble Ballon bietet perfekten Schutz f\u00fcr Deine Luftballons. Genie\u00dfe deine Loons ohne Sorgen \u00fcbers Platzen oder Schmutz \u2013 besorge ihn dir jetzt!\" \/>\n<meta name=\"robots\" content=\"index, follow, max-snippet:-1, max-image-preview:large, max-video-preview:-1\" \/>\n<link rel=\"canonical\" href=\"https:\/\/ultralooner.com\/de\/produkt\/24-bubble-balloon\/\" \/>\n<meta property=\"og:locale\" content=\"de_DE\" \/>\n<meta property=\"og:type\" content=\"article\" \/>\n<meta property=\"og:title\" content=\"24&quot; Bubble Balloon\" \/>\n<meta property=\"og:url\" content=\"https:\/\/ultralooner.com\/de\/produkt\/24-bubble-balloon\/\" \/>\n<meta property=\"og:site_name\" content=\"ultralooner.com\" \/>\n<meta property=\"article:modified_time\" content=\"2026-04-27T14:41:29+00:00\" \/>\n<meta property=\"og:image\" content=\"https:\/\/ultralooner.com\/wp-content\/uploads\/2025\/12\/cattex-24-inch-clear-bubble-balloons-1000x1000-1.jpg\" \/>\n\t<meta property=\"og:image:width\" content=\"1000\" \/>\n\t<meta property=\"og:image:height\" content=\"1000\" \/>\n\t<meta property=\"og:image:type\" content=\"image\/jpeg\" \/>\n<meta name=\"twitter:card\" content=\"summary_large_image\" \/>\n<meta name=\"twitter:label1\" content=\"Preis\" \/>\n\t<meta name=\"twitter:data1\" content=\"3,49&nbsp;&euro;\" \/>\n\t<meta name=\"twitter:label2\" content=\"Verf\u00fcgbarkeit\" \/>\n\t<meta name=\"twitter:data2\" content=\"ausverkauft\" \/>\n<script type=\"application\/ld+json\" class=\"yoast-schema-graph\">{\"@context\":\"https:\\\/\\\/schema.org\",\"@graph\":[{\"@type\":\"WebPage\",\"@id\":\"https:\\\/\\\/ultralooner.com\\\/de\\\/produkt\\\/24-bubble-balloon\\\/\",\"url\":\"https:\\\/\\\/ultralooner.com\\\/de\\\/produkt\\\/24-bubble-balloon\\\/\",\"name\":\"Balloon Protection: Langlebiger Schutz f\u00fcr Ballons - ultralooner.com\",\"isPartOf\":{\"@id\":\"https:\\\/\\\/ultralooner.com\\\/de\\\/#website\"},\"primaryImageOfPage\":{\"@id\":\"https:\\\/\\\/ultralooner.com\\\/de\\\/produkt\\\/24-bubble-balloon\\\/#primaryimage\"},\"image\":{\"@id\":\"https:\\\/\\\/ultralooner.com\\\/de\\\/produkt\\\/24-bubble-balloon\\\/#primaryimage\"},\"thumbnailUrl\":\"https:\\\/\\\/ultralooner.com\\\/wp-content\\\/uploads\\\/2025\\\/12\\\/cattex-24-inch-clear-bubble-balloons-1000x1000-1.jpg\",\"datePublished\":\"2025-12-20T15:05:01+00:00\",\"dateModified\":\"2026-04-27T14:41:29+00:00\",\"description\":\"Der Bubble Ballon bietet perfekten Schutz f\u00fcr Deine Luftballons. Genie\u00dfe deine Loons ohne Sorgen \u00fcbers Platzen oder Schmutz \u2013 besorge ihn dir jetzt!\",\"breadcrumb\":{\"@id\":\"https:\\\/\\\/ultralooner.com\\\/de\\\/produkt\\\/24-bubble-balloon\\\/#breadcrumb\"},\"inLanguage\":\"de\",\"potentialAction\":[{\"@type\":\"ReadAction\",\"target\":[\"https:\\\/\\\/ultralooner.com\\\/de\\\/produkt\\\/24-bubble-balloon\\\/\"]}]},{\"@type\":\"ImageObject\",\"inLanguage\":\"de\",\"@id\":\"https:\\\/\\\/ultralooner.com\\\/de\\\/produkt\\\/24-bubble-balloon\\\/#primaryimage\",\"url\":\"https:\\\/\\\/ultralooner.com\\\/wp-content\\\/uploads\\\/2025\\\/12\\\/cattex-24-inch-clear-bubble-balloons-1000x1000-1.jpg\",\"contentUrl\":\"https:\\\/\\\/ultralooner.com\\\/wp-content\\\/uploads\\\/2025\\\/12\\\/cattex-24-inch-clear-bubble-balloons-1000x1000-1.jpg\",\"width\":1000,\"height\":1000},{\"@type\":\"BreadcrumbList\",\"@id\":\"https:\\\/\\\/ultralooner.com\\\/de\\\/produkt\\\/24-bubble-balloon\\\/#breadcrumb\",\"itemListElement\":[{\"@type\":\"ListItem\",\"position\":1,\"name\":\"Startseite\",\"item\":\"https:\\\/\\\/ultralooner.com\\\/de\\\/\"},{\"@type\":\"ListItem\",\"position\":2,\"name\":\"SHOP\",\"item\":\"https:\\\/\\\/ultralooner.com\\\/shop\\\/\"},{\"@type\":\"ListItem\",\"position\":3,\"name\":\"24&#8243; Bubble Balloon\"}]},{\"@type\":\"WebSite\",\"@id\":\"https:\\\/\\\/ultralooner.com\\\/de\\\/#website\",\"url\":\"https:\\\/\\\/ultralooner.com\\\/de\\\/\",\"name\":\"Ultralooner\",\"description\":\"THE LOONER BALLOON SHOP\",\"publisher\":{\"@id\":\"https:\\\/\\\/ultralooner.com\\\/de\\\/#organization\"},\"alternateName\":\"Looner Store\",\"potentialAction\":[{\"@type\":\"SearchAction\",\"target\":{\"@type\":\"EntryPoint\",\"urlTemplate\":\"https:\\\/\\\/ultralooner.com\\\/de\\\/?s={search_term_string}\"},\"query-input\":{\"@type\":\"PropertyValueSpecification\",\"valueRequired\":true,\"valueName\":\"search_term_string\"}}],\"inLanguage\":\"de\"},{\"@type\":\"Organization\",\"@id\":\"https:\\\/\\\/ultralooner.com\\\/de\\\/#organization\",\"name\":\"Ultralooner\",\"url\":\"https:\\\/\\\/ultralooner.com\\\/de\\\/\",\"logo\":{\"@type\":\"ImageObject\",\"inLanguage\":\"de\",\"@id\":\"https:\\\/\\\/ultralooner.com\\\/de\\\/#\\\/schema\\\/logo\\\/image\\\/\",\"url\":\"https:\\\/\\\/ultralooner.com\\\/wp-content\\\/uploads\\\/2025\\\/09\\\/ullogo.png\",\"contentUrl\":\"https:\\\/\\\/ultralooner.com\\\/wp-content\\\/uploads\\\/2025\\\/09\\\/ullogo.png\",\"width\":1278,\"height\":834,\"caption\":\"Ultralooner\"},\"image\":{\"@id\":\"https:\\\/\\\/ultralooner.com\\\/de\\\/#\\\/schema\\\/logo\\\/image\\\/\"},\"sameAs\":[\"https:\\\/\\\/www.instagram.com\\\/ultra.looner\\\/\"]}]}<\/script>\n<meta property=\"product:price:amount\" content=\"3.49\" \/>\n<meta property=\"product:price:currency\" content=\"EUR\" \/>\n<meta property=\"og:availability\" content=\"out of stock\" \/>\n<meta property=\"product:availability\" content=\"out of stock\" \/>\n<meta property=\"product:condition\" content=\"new\" \/>\n<!-- \/ Yoast SEO Premium plugin. -->","yoast_head_json":{"title":"Balloon Protection: Langlebiger Schutz f\u00fcr Ballons - ultralooner.com","description":"Der Bubble Ballon bietet perfekten Schutz f\u00fcr Deine Luftballons. Genie\u00dfe deine Loons ohne Sorgen \u00fcbers Platzen oder Schmutz \u2013 besorge ihn dir jetzt!","robots":{"index":"index","follow":"follow","max-snippet":"max-snippet:-1","max-image-preview":"max-image-preview:large","max-video-preview":"max-video-preview:-1"},"canonical":"https:\/\/ultralooner.com\/de\/produkt\/24-bubble-balloon\/","og_locale":"de_DE","og_type":"article","og_title":"24\" Bubble Balloon","og_url":"https:\/\/ultralooner.com\/de\/produkt\/24-bubble-balloon\/","og_site_name":"ultralooner.com","article_modified_time":"2026-04-27T14:41:29+00:00","og_image":[{"width":1000,"height":1000,"url":"https:\/\/ultralooner.com\/wp-content\/uploads\/2025\/12\/cattex-24-inch-clear-bubble-balloons-1000x1000-1.jpg","type":"image\/jpeg"}],"twitter_card":"summary_large_image","twitter_misc":{"Preis":"3,49&nbsp;&euro;","Verf\u00fcgbarkeit":"ausverkauft"},"schema":{"@context":"https:\/\/schema.org","@graph":[{"@type":"WebPage","@id":"https:\/\/ultralooner.com\/de\/produkt\/24-bubble-balloon\/","url":"https:\/\/ultralooner.com\/de\/produkt\/24-bubble-balloon\/","name":"Balloon Protection: Langlebiger Schutz f\u00fcr Ballons - ultralooner.com","isPartOf":{"@id":"https:\/\/ultralooner.com\/de\/#website"},"primaryImageOfPage":{"@id":"https:\/\/ultralooner.com\/de\/produkt\/24-bubble-balloon\/#primaryimage"},"image":{"@id":"https:\/\/ultralooner.com\/de\/produkt\/24-bubble-balloon\/#primaryimage"},"thumbnailUrl":"https:\/\/ultralooner.com\/wp-content\/uploads\/2025\/12\/cattex-24-inch-clear-bubble-balloons-1000x1000-1.jpg","datePublished":"2025-12-20T15:05:01+00:00","dateModified":"2026-04-27T14:41:29+00:00","description":"Der Bubble Ballon bietet perfekten Schutz f\u00fcr Deine Luftballons. Genie\u00dfe deine Loons ohne Sorgen \u00fcbers Platzen oder Schmutz \u2013 besorge ihn dir jetzt!","breadcrumb":{"@id":"https:\/\/ultralooner.com\/de\/produkt\/24-bubble-balloon\/#breadcrumb"},"inLanguage":"de","potentialAction":[{"@type":"ReadAction","target":["https:\/\/ultralooner.com\/de\/produkt\/24-bubble-balloon\/"]}]},{"@type":"ImageObject","inLanguage":"de","@id":"https:\/\/ultralooner.com\/de\/produkt\/24-bubble-balloon\/#primaryimage","url":"https:\/\/ultralooner.com\/wp-content\/uploads\/2025\/12\/cattex-24-inch-clear-bubble-balloons-1000x1000-1.jpg","contentUrl":"https:\/\/ultralooner.com\/wp-content\/uploads\/2025\/12\/cattex-24-inch-clear-bubble-balloons-1000x1000-1.jpg","width":1000,"height":1000},{"@type":"BreadcrumbList","@id":"https:\/\/ultralooner.com\/de\/produkt\/24-bubble-balloon\/#breadcrumb","itemListElement":[{"@type":"ListItem","position":1,"name":"Startseite","item":"https:\/\/ultralooner.com\/de\/"},{"@type":"ListItem","position":2,"name":"SHOP","item":"https:\/\/ultralooner.com\/shop\/"},{"@type":"ListItem","position":3,"name":"24&#8243; Bubble Balloon"}]},{"@type":"WebSite","@id":"https:\/\/ultralooner.com\/de\/#website","url":"https:\/\/ultralooner.com\/de\/","name":"Ultralooner","description":"THE LOONER BALLOON SHOP","publisher":{"@id":"https:\/\/ultralooner.com\/de\/#organization"},"alternateName":"Looner Store","potentialAction":[{"@type":"SearchAction","target":{"@type":"EntryPoint","urlTemplate":"https:\/\/ultralooner.com\/de\/?s={search_term_string}"},"query-input":{"@type":"PropertyValueSpecification","valueRequired":true,"valueName":"search_term_string"}}],"inLanguage":"de"},{"@type":"Organization","@id":"https:\/\/ultralooner.com\/de\/#organization","name":"Ultralooner","url":"https:\/\/ultralooner.com\/de\/","logo":{"@type":"ImageObject","inLanguage":"de","@id":"https:\/\/ultralooner.com\/de\/#\/schema\/logo\/image\/","url":"https:\/\/ultralooner.com\/wp-content\/uploads\/2025\/09\/ullogo.png","contentUrl":"https:\/\/ultralooner.com\/wp-content\/uploads\/2025\/09\/ullogo.png","width":1278,"height":834,"caption":"Ultralooner"},"image":{"@id":"https:\/\/ultralooner.com\/de\/#\/schema\/logo\/image\/"},"sameAs":["https:\/\/www.instagram.com\/ultra.looner\/"]}]},"product_price_amount":"3.49","product_price_currency":"EUR","og_availability":"out of stock","product_availability":"out of stock","product_condition":"new"},"jetpack_sharing_enabled":true,"_links":{"self":[{"href":"https:\/\/ultralooner.com\/de\/wp-json\/wp\/v2\/product\/2181","targetHints":{"allow":["GET"]}}],"collection":[{"href":"https:\/\/ultralooner.com\/de\/wp-json\/wp\/v2\/product"}],"about":[{"href":"https:\/\/ultralooner.com\/de\/wp-json\/wp\/v2\/types\/product"}],"replies":[{"embeddable":true,"href":"https:\/\/ultralooner.com\/de\/wp-json\/wp\/v2\/comments?post=2181"}],"version-history":[{"count":2,"href":"https:\/\/ultralooner.com\/de\/wp-json\/wp\/v2\/product\/2181\/revisions"}],"predecessor-version":[{"id":2185,"href":"https:\/\/ultralooner.com\/de\/wp-json\/wp\/v2\/product\/2181\/revisions\/2185"}],"wp:featuredmedia":[{"embeddable":true,"href":"https:\/\/ultralooner.com\/de\/wp-json\/wp\/v2\/media\/2189"}],"wp:attachment":[{"href":"https:\/\/ultralooner.com\/de\/wp-json\/wp\/v2\/media?parent=2181"}],"wp:term":[{"taxonomy":"product_brand","embeddable":true,"href":"https:\/\/ultralooner.com\/de\/wp-json\/wp\/v2\/product_brand?post=2181"},{"taxonomy":"product_cat","embeddable":true,"href":"https:\/\/ultralooner.com\/de\/wp-json\/wp\/v2\/product_cat?post=2181"},{"taxonomy":"product_tag","embeddable":true,"href":"https:\/\/ultralooner.com\/de\/wp-json\/wp\/v2\/product_tag?post=2181"}],"curies":[{"name":"wp","href":"https:\/\/api.w.org\/{rel}","templated":true}]}}