{"id":2250,"date":"2025-12-21T17:12:10","date_gmt":"2025-12-21T16:12:10","guid":{"rendered":"https:\/\/ultralooner.com\/?post_type=product&#038;p=2250"},"modified":"2026-04-27T16:41:24","modified_gmt":"2026-04-27T14:41:24","slug":"bb17-smiley-x","status":"publish","type":"product","link":"https:\/\/ultralooner.com\/de\/produkt\/bb17-smiley-x\/","title":{"rendered":"CT18&#8243; Smiley X Crystal Assorted"},"content":{"rendered":"<p class=\"p1\"><b>CT18&#8243; \u201eSmiley X\u201c \u2013 Crystal Assorted | Kinky Pop Balloon<\/b><\/p>\n<p class=\"p3\">Der <span class=\"s1\"><b>CT18&#8243; \u201eSmiley X\u201c<\/b><\/span> ist ein Ballon mit Attit\u00fcde. Sein freches Smiley grinst dich an, w\u00e4hrend du ihn immer weiter aufbl\u00e4st \u2013 provokant, herausfordernd, fast schon sp\u00f6ttisch. Die <span class=\"s1\"><b>Crystal-Assorted Farben<\/b><\/span> gl\u00e4nzen verf\u00fchrerisch und machen jede Session visuell intensiver.<\/p>\n<p class=\"p3\">Dieser Balloon ist <span class=\"s1\"><b>gemacht zum Platzen<\/b><\/span>: straff, laut und gnadenlos ehrlich. Ideal f\u00fcr <span class=\"s1\"><b>Blow2Pops (B2P)<\/b><\/span>, Pop-Fetisch und alle, die den Moment lieben, wenn Spannung, Kontrolle und Erwartung in einem einzigen Knall explodieren.<\/p>\n<p class=\"p3\">Er schaut dich an.<\/p>\n<p class=\"p3\">Du gibst ihm Luft.<\/p>\n<p class=\"p3\">Er h\u00e4lt es nicht aus.<\/p>\n<p>&nbsp;<\/p>\n<p>Idea by underpressure449<\/p>\n","protected":false},"excerpt":{"rendered":"<p>CT18&#8243; \u201eSmiley X\u201c \u2013 Crystal Assorted | Kinky Pop Balloon Der CT18&#8243; \u201eSmiley X\u201c ist ein Ballon mit Attit\u00fcde. Sein freches Smiley grinst dich an, w\u00e4hrend du ihn immer weiter aufbl\u00e4st \u2013 provokant, herausfordernd, fast schon sp\u00f6ttisch. Die Crystal-Assorted Farben gl\u00e4nzen verf\u00fchrerisch und machen jede Session visuell intensiver. Dieser Balloon ist gemacht zum Platzen: straff, [&hellip;]<\/p>\n","protected":false},"featured_media":2254,"comment_status":"open","ping_status":"closed","template":"","meta":{"_acf_changed":false},"product_brand":[],"product_cat":[203,181,182,180],"product_tag":[],"class_list":{"0":"post-2250","1":"product","2":"type-product","3":"status-publish","4":"has-post-thumbnail","6":"product_cat-203","7":"product_cat-cattex","8":"product_cat-groesse","9":"product_cat-hersteller","11":"first","12":"outofstock","13":"taxable","14":"shipping-taxable","15":"purchasable","16":"product-type-simple","swatches":"rey-swatches","show_selected":""},"acf":[],"yoast_head":"<!-- This site is optimized with the Yoast SEO Premium plugin v27.5 (Yoast SEO v27.5) - https:\/\/yoast.com\/product\/yoast-seo-premium-wordpress\/ -->\n<title>CT18&quot; Smiley X Crystal Assorted - ultralooner.com<\/title>\n<meta name=\"description\" content=\"Der BB17 \u201eSmiley X\u201c Ballon bringt nicht nur Farbe, sondern auch Spa\u00df. Lass ihn knallen! F\u00fcr dein ultimatives Looner Erlebnis.\" \/>\n<meta name=\"robots\" content=\"index, follow, max-snippet:-1, max-image-preview:large, max-video-preview:-1\" \/>\n<link rel=\"canonical\" href=\"https:\/\/ultralooner.com\/de\/produkt\/bb17-smiley-x\/\" \/>\n<meta property=\"og:locale\" content=\"de_DE\" \/>\n<meta property=\"og:type\" content=\"article\" \/>\n<meta property=\"og:title\" content=\"CT18&quot; Smiley X Crystal Assorted\" \/>\n<meta property=\"og:url\" content=\"https:\/\/ultralooner.com\/de\/produkt\/bb17-smiley-x\/\" \/>\n<meta property=\"og:site_name\" content=\"ultralooner.com\" \/>\n<meta property=\"article:modified_time\" content=\"2026-04-27T14:41:24+00:00\" \/>\n<meta property=\"og:image\" content=\"https:\/\/ultralooner.com\/wp-content\/uploads\/2025\/12\/smylex_crystal_red.png\" \/>\n\t<meta property=\"og:image:width\" content=\"1000\" \/>\n\t<meta property=\"og:image:height\" content=\"1000\" \/>\n\t<meta property=\"og:image:type\" content=\"image\/png\" \/>\n<meta name=\"twitter:card\" content=\"summary_large_image\" \/>\n<meta name=\"twitter:label1\" content=\"Preis\" \/>\n\t<meta name=\"twitter:data1\" content=\"1,25&nbsp;&euro;\" \/>\n\t<meta name=\"twitter:label2\" content=\"Verf\u00fcgbarkeit\" \/>\n\t<meta name=\"twitter:data2\" content=\"ausverkauft\" \/>\n<script type=\"application\/ld+json\" class=\"yoast-schema-graph\">{\"@context\":\"https:\\\/\\\/schema.org\",\"@graph\":[{\"@type\":\"WebPage\",\"@id\":\"https:\\\/\\\/ultralooner.com\\\/de\\\/produkt\\\/bb17-smiley-x\\\/\",\"url\":\"https:\\\/\\\/ultralooner.com\\\/de\\\/produkt\\\/bb17-smiley-x\\\/\",\"name\":\"CT18\\\" Smiley X Crystal Assorted - ultralooner.com\",\"isPartOf\":{\"@id\":\"https:\\\/\\\/ultralooner.com\\\/de\\\/#website\"},\"primaryImageOfPage\":{\"@id\":\"https:\\\/\\\/ultralooner.com\\\/de\\\/produkt\\\/bb17-smiley-x\\\/#primaryimage\"},\"image\":{\"@id\":\"https:\\\/\\\/ultralooner.com\\\/de\\\/produkt\\\/bb17-smiley-x\\\/#primaryimage\"},\"thumbnailUrl\":\"https:\\\/\\\/ultralooner.com\\\/wp-content\\\/uploads\\\/2025\\\/12\\\/smylex_crystal_red.png\",\"datePublished\":\"2025-12-21T16:12:10+00:00\",\"dateModified\":\"2026-04-27T14:41:24+00:00\",\"description\":\"Der BB17 \u201eSmiley X\u201c Ballon bringt nicht nur Farbe, sondern auch Spa\u00df. Lass ihn knallen! F\u00fcr dein ultimatives Looner Erlebnis.\",\"breadcrumb\":{\"@id\":\"https:\\\/\\\/ultralooner.com\\\/de\\\/produkt\\\/bb17-smiley-x\\\/#breadcrumb\"},\"inLanguage\":\"de\",\"potentialAction\":[{\"@type\":\"ReadAction\",\"target\":[\"https:\\\/\\\/ultralooner.com\\\/de\\\/produkt\\\/bb17-smiley-x\\\/\"]}]},{\"@type\":\"ImageObject\",\"inLanguage\":\"de\",\"@id\":\"https:\\\/\\\/ultralooner.com\\\/de\\\/produkt\\\/bb17-smiley-x\\\/#primaryimage\",\"url\":\"https:\\\/\\\/ultralooner.com\\\/wp-content\\\/uploads\\\/2025\\\/12\\\/smylex_crystal_red.png\",\"contentUrl\":\"https:\\\/\\\/ultralooner.com\\\/wp-content\\\/uploads\\\/2025\\\/12\\\/smylex_crystal_red.png\",\"width\":1000,\"height\":1000},{\"@type\":\"BreadcrumbList\",\"@id\":\"https:\\\/\\\/ultralooner.com\\\/de\\\/produkt\\\/bb17-smiley-x\\\/#breadcrumb\",\"itemListElement\":[{\"@type\":\"ListItem\",\"position\":1,\"name\":\"Startseite\",\"item\":\"https:\\\/\\\/ultralooner.com\\\/de\\\/\"},{\"@type\":\"ListItem\",\"position\":2,\"name\":\"SHOP\",\"item\":\"https:\\\/\\\/ultralooner.com\\\/shop\\\/\"},{\"@type\":\"ListItem\",\"position\":3,\"name\":\"CT18&#8243; Smiley X Crystal Assorted\"}]},{\"@type\":\"WebSite\",\"@id\":\"https:\\\/\\\/ultralooner.com\\\/de\\\/#website\",\"url\":\"https:\\\/\\\/ultralooner.com\\\/de\\\/\",\"name\":\"Ultralooner\",\"description\":\"THE LOONER BALLOON SHOP\",\"publisher\":{\"@id\":\"https:\\\/\\\/ultralooner.com\\\/de\\\/#organization\"},\"alternateName\":\"Looner Store\",\"potentialAction\":[{\"@type\":\"SearchAction\",\"target\":{\"@type\":\"EntryPoint\",\"urlTemplate\":\"https:\\\/\\\/ultralooner.com\\\/de\\\/?s={search_term_string}\"},\"query-input\":{\"@type\":\"PropertyValueSpecification\",\"valueRequired\":true,\"valueName\":\"search_term_string\"}}],\"inLanguage\":\"de\"},{\"@type\":\"Organization\",\"@id\":\"https:\\\/\\\/ultralooner.com\\\/de\\\/#organization\",\"name\":\"Ultralooner\",\"url\":\"https:\\\/\\\/ultralooner.com\\\/de\\\/\",\"logo\":{\"@type\":\"ImageObject\",\"inLanguage\":\"de\",\"@id\":\"https:\\\/\\\/ultralooner.com\\\/de\\\/#\\\/schema\\\/logo\\\/image\\\/\",\"url\":\"https:\\\/\\\/ultralooner.com\\\/wp-content\\\/uploads\\\/2025\\\/09\\\/ullogo.png\",\"contentUrl\":\"https:\\\/\\\/ultralooner.com\\\/wp-content\\\/uploads\\\/2025\\\/09\\\/ullogo.png\",\"width\":1278,\"height\":834,\"caption\":\"Ultralooner\"},\"image\":{\"@id\":\"https:\\\/\\\/ultralooner.com\\\/de\\\/#\\\/schema\\\/logo\\\/image\\\/\"},\"sameAs\":[\"https:\\\/\\\/www.instagram.com\\\/ultra.looner\\\/\"]}]}<\/script>\n<meta property=\"product:price:amount\" content=\"1.25\" \/>\n<meta property=\"product:price:currency\" content=\"EUR\" \/>\n<meta property=\"og:availability\" content=\"out of stock\" \/>\n<meta property=\"product:availability\" content=\"out of stock\" \/>\n<meta property=\"product:condition\" content=\"new\" \/>\n<!-- \/ Yoast SEO Premium plugin. -->","yoast_head_json":{"title":"CT18\" Smiley X Crystal Assorted - ultralooner.com","description":"Der BB17 \u201eSmiley X\u201c Ballon bringt nicht nur Farbe, sondern auch Spa\u00df. Lass ihn knallen! F\u00fcr dein ultimatives Looner Erlebnis.","robots":{"index":"index","follow":"follow","max-snippet":"max-snippet:-1","max-image-preview":"max-image-preview:large","max-video-preview":"max-video-preview:-1"},"canonical":"https:\/\/ultralooner.com\/de\/produkt\/bb17-smiley-x\/","og_locale":"de_DE","og_type":"article","og_title":"CT18\" Smiley X Crystal Assorted","og_url":"https:\/\/ultralooner.com\/de\/produkt\/bb17-smiley-x\/","og_site_name":"ultralooner.com","article_modified_time":"2026-04-27T14:41:24+00:00","og_image":[{"width":1000,"height":1000,"url":"https:\/\/ultralooner.com\/wp-content\/uploads\/2025\/12\/smylex_crystal_red.png","type":"image\/png"}],"twitter_card":"summary_large_image","twitter_misc":{"Preis":"1,25&nbsp;&euro;","Verf\u00fcgbarkeit":"ausverkauft"},"schema":{"@context":"https:\/\/schema.org","@graph":[{"@type":"WebPage","@id":"https:\/\/ultralooner.com\/de\/produkt\/bb17-smiley-x\/","url":"https:\/\/ultralooner.com\/de\/produkt\/bb17-smiley-x\/","name":"CT18\" Smiley X Crystal Assorted - ultralooner.com","isPartOf":{"@id":"https:\/\/ultralooner.com\/de\/#website"},"primaryImageOfPage":{"@id":"https:\/\/ultralooner.com\/de\/produkt\/bb17-smiley-x\/#primaryimage"},"image":{"@id":"https:\/\/ultralooner.com\/de\/produkt\/bb17-smiley-x\/#primaryimage"},"thumbnailUrl":"https:\/\/ultralooner.com\/wp-content\/uploads\/2025\/12\/smylex_crystal_red.png","datePublished":"2025-12-21T16:12:10+00:00","dateModified":"2026-04-27T14:41:24+00:00","description":"Der BB17 \u201eSmiley X\u201c Ballon bringt nicht nur Farbe, sondern auch Spa\u00df. Lass ihn knallen! F\u00fcr dein ultimatives Looner Erlebnis.","breadcrumb":{"@id":"https:\/\/ultralooner.com\/de\/produkt\/bb17-smiley-x\/#breadcrumb"},"inLanguage":"de","potentialAction":[{"@type":"ReadAction","target":["https:\/\/ultralooner.com\/de\/produkt\/bb17-smiley-x\/"]}]},{"@type":"ImageObject","inLanguage":"de","@id":"https:\/\/ultralooner.com\/de\/produkt\/bb17-smiley-x\/#primaryimage","url":"https:\/\/ultralooner.com\/wp-content\/uploads\/2025\/12\/smylex_crystal_red.png","contentUrl":"https:\/\/ultralooner.com\/wp-content\/uploads\/2025\/12\/smylex_crystal_red.png","width":1000,"height":1000},{"@type":"BreadcrumbList","@id":"https:\/\/ultralooner.com\/de\/produkt\/bb17-smiley-x\/#breadcrumb","itemListElement":[{"@type":"ListItem","position":1,"name":"Startseite","item":"https:\/\/ultralooner.com\/de\/"},{"@type":"ListItem","position":2,"name":"SHOP","item":"https:\/\/ultralooner.com\/shop\/"},{"@type":"ListItem","position":3,"name":"CT18&#8243; Smiley X Crystal Assorted"}]},{"@type":"WebSite","@id":"https:\/\/ultralooner.com\/de\/#website","url":"https:\/\/ultralooner.com\/de\/","name":"Ultralooner","description":"THE LOONER BALLOON SHOP","publisher":{"@id":"https:\/\/ultralooner.com\/de\/#organization"},"alternateName":"Looner Store","potentialAction":[{"@type":"SearchAction","target":{"@type":"EntryPoint","urlTemplate":"https:\/\/ultralooner.com\/de\/?s={search_term_string}"},"query-input":{"@type":"PropertyValueSpecification","valueRequired":true,"valueName":"search_term_string"}}],"inLanguage":"de"},{"@type":"Organization","@id":"https:\/\/ultralooner.com\/de\/#organization","name":"Ultralooner","url":"https:\/\/ultralooner.com\/de\/","logo":{"@type":"ImageObject","inLanguage":"de","@id":"https:\/\/ultralooner.com\/de\/#\/schema\/logo\/image\/","url":"https:\/\/ultralooner.com\/wp-content\/uploads\/2025\/09\/ullogo.png","contentUrl":"https:\/\/ultralooner.com\/wp-content\/uploads\/2025\/09\/ullogo.png","width":1278,"height":834,"caption":"Ultralooner"},"image":{"@id":"https:\/\/ultralooner.com\/de\/#\/schema\/logo\/image\/"},"sameAs":["https:\/\/www.instagram.com\/ultra.looner\/"]}]},"product_price_amount":"1.25","product_price_currency":"EUR","og_availability":"out of stock","product_availability":"out of stock","product_condition":"new"},"jetpack_sharing_enabled":true,"_links":{"self":[{"href":"https:\/\/ultralooner.com\/de\/wp-json\/wp\/v2\/product\/2250","targetHints":{"allow":["GET"]}}],"collection":[{"href":"https:\/\/ultralooner.com\/de\/wp-json\/wp\/v2\/product"}],"about":[{"href":"https:\/\/ultralooner.com\/de\/wp-json\/wp\/v2\/types\/product"}],"replies":[{"embeddable":true,"href":"https:\/\/ultralooner.com\/de\/wp-json\/wp\/v2\/comments?post=2250"}],"version-history":[{"count":4,"href":"https:\/\/ultralooner.com\/de\/wp-json\/wp\/v2\/product\/2250\/revisions"}],"predecessor-version":[{"id":2361,"href":"https:\/\/ultralooner.com\/de\/wp-json\/wp\/v2\/product\/2250\/revisions\/2361"}],"wp:featuredmedia":[{"embeddable":true,"href":"https:\/\/ultralooner.com\/de\/wp-json\/wp\/v2\/media\/2254"}],"wp:attachment":[{"href":"https:\/\/ultralooner.com\/de\/wp-json\/wp\/v2\/media?parent=2250"}],"wp:term":[{"taxonomy":"product_brand","embeddable":true,"href":"https:\/\/ultralooner.com\/de\/wp-json\/wp\/v2\/product_brand?post=2250"},{"taxonomy":"product_cat","embeddable":true,"href":"https:\/\/ultralooner.com\/de\/wp-json\/wp\/v2\/product_cat?post=2250"},{"taxonomy":"product_tag","embeddable":true,"href":"https:\/\/ultralooner.com\/de\/wp-json\/wp\/v2\/product_tag?post=2250"}],"curies":[{"name":"wp","href":"https:\/\/api.w.org\/{rel}","templated":true}]}}