{"id":2275,"date":"2025-12-21T17:43:43","date_gmt":"2025-12-21T16:43:43","guid":{"rendered":"https:\/\/ultralooner.com\/?post_type=product&#038;p=2275"},"modified":"2026-05-04T00:07:45","modified_gmt":"2026-05-03T22:07:45","slug":"ct18-naughty-smiley-crystal-assorted","status":"publish","type":"product","link":"https:\/\/ultralooner.com\/de\/produkt\/ct18-naughty-smiley-crystal-assorted\/","title":{"rendered":"CT18&#8243; Naughty Smiley Crystal Assorted"},"content":{"rendered":"<p class=\"p1\">Der <span class=\"s1\"><b>Naughty Smiley<\/b><\/span> wei\u00df genau, was er tut. Der Balloon Naughty Smiley schaut dich aus unversch\u00e4mt frechen Augen an. Sein freches, leicht b\u00f6ses Grinsen fixiert dich, w\u00e4hrend der mit jeder Portion Luft praller, h\u00e4rter und provozierender wird. Er sieht unschuldig aus \u2013 ist es aber ganz sicher nicht. Genau deshalb lieben viele den Balloon Naughty Smiley.<\/p>\n<p class=\"p1\">Dieser Balloon lebt von <span class=\"s1\"><b>Spannung, Erwartung und dem Spiel mit dem Limit<\/b><\/span>. Perfekt f\u00fcr Looner, die es m\u00f6gen, wenn ein Ballon wie der Balloon Naughty Smiley sie herausfordert, sie reizt und f\u00f6rmlich darum bettelt, weiter aufgeblasen zu werden \u2013 bis nichts mehr geht.<\/p>\n<p class=\"p1\">Mehr Druck. Mehr Reiz. Mehr Naughty.<\/p>\n<p class=\"p1\">Und am Ende entscheidet nur eines: <span class=\"s1\"><b>H\u00e4lt er\u2026 oder knallt er?<\/b><\/span> Testen Sie den Balloon Naughty Smiley und finden Sie es heraus!<\/p>\n","protected":false},"excerpt":{"rendered":"<p>Der Naughty Smiley wei\u00df genau, was er tut. Der Balloon Naughty Smiley schaut dich aus unversch\u00e4mt frechen Augen an. Sein freches, leicht b\u00f6ses Grinsen fixiert dich, w\u00e4hrend der mit jeder Portion Luft praller, h\u00e4rter und provozierender wird. Er sieht unschuldig aus \u2013 ist es aber ganz sicher nicht. Genau deshalb lieben viele den Balloon Naughty [&hellip;]<\/p>\n","protected":false},"featured_media":2279,"comment_status":"open","ping_status":"closed","template":"","meta":{"_acf_changed":false},"product_brand":[],"product_cat":[203,181,182,180],"product_tag":[],"class_list":{"0":"post-2275","1":"product","2":"type-product","3":"status-publish","4":"has-post-thumbnail","6":"product_cat-203","7":"product_cat-cattex","8":"product_cat-groesse","9":"product_cat-hersteller","11":"first","12":"outofstock","13":"taxable","14":"shipping-taxable","15":"purchasable","16":"product-type-simple","swatches":"rey-swatches","show_selected":""},"acf":[],"yoast_head":"<!-- This site is optimized with the Yoast SEO Premium plugin v27.5 (Yoast SEO v27.5) - https:\/\/yoast.com\/product\/yoast-seo-premium-wordpress\/ -->\n<title>Balloon Naughty Smiley: Frech und Provokant - ultralooner.com<\/title>\n<meta name=\"description\" content=\"F\u00fcgen Sie mit dem Balloon Naughty Smiley eine fesselnde Note hinzu. Sein freches Grinsen wird alle Blicke auf sich ziehen! Holen ihn dir!\" \/>\n<meta name=\"robots\" content=\"index, follow, max-snippet:-1, max-image-preview:large, max-video-preview:-1\" \/>\n<link rel=\"canonical\" href=\"https:\/\/ultralooner.com\/de\/produkt\/ct18-naughty-smiley-crystal-assorted\/\" \/>\n<meta property=\"og:locale\" content=\"de_DE\" \/>\n<meta property=\"og:type\" content=\"article\" \/>\n<meta property=\"og:title\" content=\"CT18&quot; Naughty Smiley Crystal Assorted\" \/>\n<meta property=\"og:url\" content=\"https:\/\/ultralooner.com\/de\/produkt\/ct18-naughty-smiley-crystal-assorted\/\" \/>\n<meta property=\"og:site_name\" content=\"ultralooner.com\" \/>\n<meta property=\"article:modified_time\" content=\"2026-05-03T22:07:45+00:00\" \/>\n<meta property=\"og:image\" content=\"https:\/\/ultralooner.com\/wp-content\/uploads\/2025\/12\/naughty_crystal_yellow.png\" \/>\n\t<meta property=\"og:image:width\" content=\"1000\" \/>\n\t<meta property=\"og:image:height\" content=\"1000\" \/>\n\t<meta property=\"og:image:type\" content=\"image\/png\" \/>\n<meta name=\"twitter:card\" content=\"summary_large_image\" \/>\n<meta name=\"twitter:label1\" content=\"Preis\" \/>\n\t<meta name=\"twitter:data1\" content=\"1,25&nbsp;&euro;\" \/>\n\t<meta name=\"twitter:label2\" content=\"Verf\u00fcgbarkeit\" \/>\n\t<meta name=\"twitter:data2\" content=\"ausverkauft\" \/>\n<script type=\"application\/ld+json\" class=\"yoast-schema-graph\">{\"@context\":\"https:\\\/\\\/schema.org\",\"@graph\":[{\"@type\":\"WebPage\",\"@id\":\"https:\\\/\\\/ultralooner.com\\\/de\\\/produkt\\\/ct18-naughty-smiley-crystal-assorted\\\/\",\"url\":\"https:\\\/\\\/ultralooner.com\\\/de\\\/produkt\\\/ct18-naughty-smiley-crystal-assorted\\\/\",\"name\":\"Balloon Naughty Smiley: Frech und Provokant - ultralooner.com\",\"isPartOf\":{\"@id\":\"https:\\\/\\\/ultralooner.com\\\/de\\\/#website\"},\"primaryImageOfPage\":{\"@id\":\"https:\\\/\\\/ultralooner.com\\\/de\\\/produkt\\\/ct18-naughty-smiley-crystal-assorted\\\/#primaryimage\"},\"image\":{\"@id\":\"https:\\\/\\\/ultralooner.com\\\/de\\\/produkt\\\/ct18-naughty-smiley-crystal-assorted\\\/#primaryimage\"},\"thumbnailUrl\":\"https:\\\/\\\/ultralooner.com\\\/wp-content\\\/uploads\\\/2025\\\/12\\\/naughty_crystal_yellow.png\",\"datePublished\":\"2025-12-21T16:43:43+00:00\",\"dateModified\":\"2026-05-03T22:07:45+00:00\",\"description\":\"F\u00fcgen Sie mit dem Balloon Naughty Smiley eine fesselnde Note hinzu. Sein freches Grinsen wird alle Blicke auf sich ziehen! Holen ihn dir!\",\"breadcrumb\":{\"@id\":\"https:\\\/\\\/ultralooner.com\\\/de\\\/produkt\\\/ct18-naughty-smiley-crystal-assorted\\\/#breadcrumb\"},\"inLanguage\":\"de\",\"potentialAction\":[{\"@type\":\"ReadAction\",\"target\":[\"https:\\\/\\\/ultralooner.com\\\/de\\\/produkt\\\/ct18-naughty-smiley-crystal-assorted\\\/\"]}]},{\"@type\":\"ImageObject\",\"inLanguage\":\"de\",\"@id\":\"https:\\\/\\\/ultralooner.com\\\/de\\\/produkt\\\/ct18-naughty-smiley-crystal-assorted\\\/#primaryimage\",\"url\":\"https:\\\/\\\/ultralooner.com\\\/wp-content\\\/uploads\\\/2025\\\/12\\\/naughty_crystal_yellow.png\",\"contentUrl\":\"https:\\\/\\\/ultralooner.com\\\/wp-content\\\/uploads\\\/2025\\\/12\\\/naughty_crystal_yellow.png\",\"width\":1000,\"height\":1000},{\"@type\":\"BreadcrumbList\",\"@id\":\"https:\\\/\\\/ultralooner.com\\\/de\\\/produkt\\\/ct18-naughty-smiley-crystal-assorted\\\/#breadcrumb\",\"itemListElement\":[{\"@type\":\"ListItem\",\"position\":1,\"name\":\"Startseite\",\"item\":\"https:\\\/\\\/ultralooner.com\\\/de\\\/\"},{\"@type\":\"ListItem\",\"position\":2,\"name\":\"SHOP\",\"item\":\"https:\\\/\\\/ultralooner.com\\\/shop\\\/\"},{\"@type\":\"ListItem\",\"position\":3,\"name\":\"CT18&#8243; Naughty Smiley Crystal Assorted\"}]},{\"@type\":\"WebSite\",\"@id\":\"https:\\\/\\\/ultralooner.com\\\/de\\\/#website\",\"url\":\"https:\\\/\\\/ultralooner.com\\\/de\\\/\",\"name\":\"Ultralooner\",\"description\":\"THE LOONER BALLOON SHOP\",\"publisher\":{\"@id\":\"https:\\\/\\\/ultralooner.com\\\/de\\\/#organization\"},\"alternateName\":\"Looner Store\",\"potentialAction\":[{\"@type\":\"SearchAction\",\"target\":{\"@type\":\"EntryPoint\",\"urlTemplate\":\"https:\\\/\\\/ultralooner.com\\\/de\\\/?s={search_term_string}\"},\"query-input\":{\"@type\":\"PropertyValueSpecification\",\"valueRequired\":true,\"valueName\":\"search_term_string\"}}],\"inLanguage\":\"de\"},{\"@type\":\"Organization\",\"@id\":\"https:\\\/\\\/ultralooner.com\\\/de\\\/#organization\",\"name\":\"Ultralooner\",\"url\":\"https:\\\/\\\/ultralooner.com\\\/de\\\/\",\"logo\":{\"@type\":\"ImageObject\",\"inLanguage\":\"de\",\"@id\":\"https:\\\/\\\/ultralooner.com\\\/de\\\/#\\\/schema\\\/logo\\\/image\\\/\",\"url\":\"https:\\\/\\\/ultralooner.com\\\/wp-content\\\/uploads\\\/2025\\\/09\\\/ullogo.png\",\"contentUrl\":\"https:\\\/\\\/ultralooner.com\\\/wp-content\\\/uploads\\\/2025\\\/09\\\/ullogo.png\",\"width\":1278,\"height\":834,\"caption\":\"Ultralooner\"},\"image\":{\"@id\":\"https:\\\/\\\/ultralooner.com\\\/de\\\/#\\\/schema\\\/logo\\\/image\\\/\"},\"sameAs\":[\"https:\\\/\\\/www.instagram.com\\\/ultra.looner\\\/\"]}]}<\/script>\n<meta property=\"product:price:amount\" content=\"1.25\" \/>\n<meta property=\"product:price:currency\" content=\"EUR\" \/>\n<meta property=\"og:availability\" content=\"out of stock\" \/>\n<meta property=\"product:availability\" content=\"out of stock\" \/>\n<meta property=\"product:condition\" content=\"new\" \/>\n<!-- \/ Yoast SEO Premium plugin. -->","yoast_head_json":{"title":"Balloon Naughty Smiley: Frech und Provokant - ultralooner.com","description":"F\u00fcgen Sie mit dem Balloon Naughty Smiley eine fesselnde Note hinzu. Sein freches Grinsen wird alle Blicke auf sich ziehen! Holen ihn dir!","robots":{"index":"index","follow":"follow","max-snippet":"max-snippet:-1","max-image-preview":"max-image-preview:large","max-video-preview":"max-video-preview:-1"},"canonical":"https:\/\/ultralooner.com\/de\/produkt\/ct18-naughty-smiley-crystal-assorted\/","og_locale":"de_DE","og_type":"article","og_title":"CT18\" Naughty Smiley Crystal Assorted","og_url":"https:\/\/ultralooner.com\/de\/produkt\/ct18-naughty-smiley-crystal-assorted\/","og_site_name":"ultralooner.com","article_modified_time":"2026-05-03T22:07:45+00:00","og_image":[{"width":1000,"height":1000,"url":"https:\/\/ultralooner.com\/wp-content\/uploads\/2025\/12\/naughty_crystal_yellow.png","type":"image\/png"}],"twitter_card":"summary_large_image","twitter_misc":{"Preis":"1,25&nbsp;&euro;","Verf\u00fcgbarkeit":"ausverkauft"},"schema":{"@context":"https:\/\/schema.org","@graph":[{"@type":"WebPage","@id":"https:\/\/ultralooner.com\/de\/produkt\/ct18-naughty-smiley-crystal-assorted\/","url":"https:\/\/ultralooner.com\/de\/produkt\/ct18-naughty-smiley-crystal-assorted\/","name":"Balloon Naughty Smiley: Frech und Provokant - ultralooner.com","isPartOf":{"@id":"https:\/\/ultralooner.com\/de\/#website"},"primaryImageOfPage":{"@id":"https:\/\/ultralooner.com\/de\/produkt\/ct18-naughty-smiley-crystal-assorted\/#primaryimage"},"image":{"@id":"https:\/\/ultralooner.com\/de\/produkt\/ct18-naughty-smiley-crystal-assorted\/#primaryimage"},"thumbnailUrl":"https:\/\/ultralooner.com\/wp-content\/uploads\/2025\/12\/naughty_crystal_yellow.png","datePublished":"2025-12-21T16:43:43+00:00","dateModified":"2026-05-03T22:07:45+00:00","description":"F\u00fcgen Sie mit dem Balloon Naughty Smiley eine fesselnde Note hinzu. Sein freches Grinsen wird alle Blicke auf sich ziehen! Holen ihn dir!","breadcrumb":{"@id":"https:\/\/ultralooner.com\/de\/produkt\/ct18-naughty-smiley-crystal-assorted\/#breadcrumb"},"inLanguage":"de","potentialAction":[{"@type":"ReadAction","target":["https:\/\/ultralooner.com\/de\/produkt\/ct18-naughty-smiley-crystal-assorted\/"]}]},{"@type":"ImageObject","inLanguage":"de","@id":"https:\/\/ultralooner.com\/de\/produkt\/ct18-naughty-smiley-crystal-assorted\/#primaryimage","url":"https:\/\/ultralooner.com\/wp-content\/uploads\/2025\/12\/naughty_crystal_yellow.png","contentUrl":"https:\/\/ultralooner.com\/wp-content\/uploads\/2025\/12\/naughty_crystal_yellow.png","width":1000,"height":1000},{"@type":"BreadcrumbList","@id":"https:\/\/ultralooner.com\/de\/produkt\/ct18-naughty-smiley-crystal-assorted\/#breadcrumb","itemListElement":[{"@type":"ListItem","position":1,"name":"Startseite","item":"https:\/\/ultralooner.com\/de\/"},{"@type":"ListItem","position":2,"name":"SHOP","item":"https:\/\/ultralooner.com\/shop\/"},{"@type":"ListItem","position":3,"name":"CT18&#8243; Naughty Smiley Crystal Assorted"}]},{"@type":"WebSite","@id":"https:\/\/ultralooner.com\/de\/#website","url":"https:\/\/ultralooner.com\/de\/","name":"Ultralooner","description":"THE LOONER BALLOON SHOP","publisher":{"@id":"https:\/\/ultralooner.com\/de\/#organization"},"alternateName":"Looner Store","potentialAction":[{"@type":"SearchAction","target":{"@type":"EntryPoint","urlTemplate":"https:\/\/ultralooner.com\/de\/?s={search_term_string}"},"query-input":{"@type":"PropertyValueSpecification","valueRequired":true,"valueName":"search_term_string"}}],"inLanguage":"de"},{"@type":"Organization","@id":"https:\/\/ultralooner.com\/de\/#organization","name":"Ultralooner","url":"https:\/\/ultralooner.com\/de\/","logo":{"@type":"ImageObject","inLanguage":"de","@id":"https:\/\/ultralooner.com\/de\/#\/schema\/logo\/image\/","url":"https:\/\/ultralooner.com\/wp-content\/uploads\/2025\/09\/ullogo.png","contentUrl":"https:\/\/ultralooner.com\/wp-content\/uploads\/2025\/09\/ullogo.png","width":1278,"height":834,"caption":"Ultralooner"},"image":{"@id":"https:\/\/ultralooner.com\/de\/#\/schema\/logo\/image\/"},"sameAs":["https:\/\/www.instagram.com\/ultra.looner\/"]}]},"product_price_amount":"1.25","product_price_currency":"EUR","og_availability":"out of stock","product_availability":"out of stock","product_condition":"new"},"jetpack_sharing_enabled":true,"_links":{"self":[{"href":"https:\/\/ultralooner.com\/de\/wp-json\/wp\/v2\/product\/2275","targetHints":{"allow":["GET"]}}],"collection":[{"href":"https:\/\/ultralooner.com\/de\/wp-json\/wp\/v2\/product"}],"about":[{"href":"https:\/\/ultralooner.com\/de\/wp-json\/wp\/v2\/types\/product"}],"replies":[{"embeddable":true,"href":"https:\/\/ultralooner.com\/de\/wp-json\/wp\/v2\/comments?post=2275"}],"version-history":[{"count":3,"href":"https:\/\/ultralooner.com\/de\/wp-json\/wp\/v2\/product\/2275\/revisions"}],"predecessor-version":[{"id":2375,"href":"https:\/\/ultralooner.com\/de\/wp-json\/wp\/v2\/product\/2275\/revisions\/2375"}],"wp:featuredmedia":[{"embeddable":true,"href":"https:\/\/ultralooner.com\/de\/wp-json\/wp\/v2\/media\/2279"}],"wp:attachment":[{"href":"https:\/\/ultralooner.com\/de\/wp-json\/wp\/v2\/media?parent=2275"}],"wp:term":[{"taxonomy":"product_brand","embeddable":true,"href":"https:\/\/ultralooner.com\/de\/wp-json\/wp\/v2\/product_brand?post=2275"},{"taxonomy":"product_cat","embeddable":true,"href":"https:\/\/ultralooner.com\/de\/wp-json\/wp\/v2\/product_cat?post=2275"},{"taxonomy":"product_tag","embeddable":true,"href":"https:\/\/ultralooner.com\/de\/wp-json\/wp\/v2\/product_tag?post=2275"}],"curies":[{"name":"wp","href":"https:\/\/api.w.org\/{rel}","templated":true}]}}