{"id":2297,"date":"2025-12-21T18:02:19","date_gmt":"2025-12-21T17:02:19","guid":{"rendered":"https:\/\/ultralooner.com\/?post_type=product&#038;p=2297"},"modified":"2026-04-27T16:41:22","modified_gmt":"2026-04-27T14:41:22","slug":"bb17-loonalia-x-ultralooner","status":"publish","type":"product","link":"https:\/\/ultralooner.com\/de\/produkt\/bb17-loonalia-x-ultralooner\/","title":{"rendered":"CT18&#8243; Loonalia X Ultralooner"},"content":{"rendered":"<p class=\"p1\"><b>CT18\u201c Loonalia X Ultralooner \u2013 Crystal Red | Kinky Collab Balloon<\/b><\/p>\n<p class=\"p3\">Dieser <span class=\"s1\"><b>CT18\u201c Loonalia X Ultralooner<\/b><\/span> ist eine bewusst kinky Zusammenarbeit. Der Print ist <span class=\"s1\"><b>gemeinsam mit Loonalia entstanden<\/b><\/span> \u2013 provokant, verspielt und genau auf das Looner-Gef\u00fchl zugeschnitten. Das crystal-rote Latex gl\u00e4nzt, spannt und l\u00e4dt dazu ein, ihn immer weiter zu treiben.<\/p>\n<p class=\"p3\">Das Motiv sitzt verf\u00fchrerisch auf der prallen Oberfl\u00e4che und wirkt mit jedem Atemzug intensiver. Du wei\u00dft, dass du aufh\u00f6ren k\u00f6nntest \u2013 willst es aber nicht. Genau daf\u00fcr wurde dieser Ballon entworfen: <span class=\"s1\"><b>f\u00fcr Druck, Reiz und den Moment kurz vor dem Kontrollverlust<\/b><\/span>. Perfekt f\u00fcr <span class=\"s1\"><b>B2P<\/b><\/span>, Pop-Fetisch und langsames, genussvolles \u00dcberspannen.<\/p>\n<p class=\"p3\">Eine Collaboration, die nicht nur gut aussieht, sondern dich testet.<\/p>\n<p class=\"p3\">Mehr Luft. Mehr Lust. Mehr Knall.<\/p>\n","protected":false},"excerpt":{"rendered":"<p>CT18\u201c Loonalia X Ultralooner \u2013 Crystal Red | Kinky Collab Balloon Dieser CT18\u201c Loonalia X Ultralooner ist eine bewusst kinky Zusammenarbeit. Der Print ist gemeinsam mit Loonalia entstanden \u2013 provokant, verspielt und genau auf das Looner-Gef\u00fchl zugeschnitten. Das crystal-rote Latex gl\u00e4nzt, spannt und l\u00e4dt dazu ein, ihn immer weiter zu treiben. Das Motiv sitzt verf\u00fchrerisch [&hellip;]<\/p>\n","protected":false},"featured_media":2301,"comment_status":"open","ping_status":"closed","template":"","meta":{"_acf_changed":false},"product_brand":[],"product_cat":[203,181],"product_tag":[],"class_list":{"0":"post-2297","1":"product","2":"type-product","3":"status-publish","4":"has-post-thumbnail","6":"product_cat-203","7":"product_cat-cattex","9":"first","10":"outofstock","11":"taxable","12":"shipping-taxable","13":"purchasable","14":"product-type-simple","swatches":"rey-swatches","show_selected":""},"acf":[],"yoast_head":"<!-- This site is optimized with the Yoast SEO Premium plugin v27.5 (Yoast SEO v27.5) - https:\/\/yoast.com\/product\/yoast-seo-premium-wordpress\/ -->\n<title>BB17\u201c Loonalia X Ultralooner \u2013 Kinky Looner Balloon - ultralooner.com<\/title>\n<meta name=\"description\" content=\"Kinky BB17\u201c Loonalia X Ultralooner Ballon in Crystal Red. Exklusive Collaboration mit provokantem Print, ideal f\u00fcr Looner, Pop-Fetisch und Blow2Pops (B2P).\" \/>\n<meta name=\"robots\" content=\"index, follow, max-snippet:-1, max-image-preview:large, max-video-preview:-1\" \/>\n<link rel=\"canonical\" href=\"https:\/\/ultralooner.com\/de\/produkt\/bb17-loonalia-x-ultralooner\/\" \/>\n<meta property=\"og:locale\" content=\"de_DE\" \/>\n<meta property=\"og:type\" content=\"article\" \/>\n<meta property=\"og:title\" content=\"CT18&quot; Loonalia X Ultralooner\" \/>\n<meta property=\"og:url\" content=\"https:\/\/ultralooner.com\/de\/produkt\/bb17-loonalia-x-ultralooner\/\" \/>\n<meta property=\"og:site_name\" content=\"ultralooner.com\" \/>\n<meta property=\"article:modified_time\" content=\"2026-04-27T14:41:22+00:00\" \/>\n<meta property=\"og:image\" content=\"https:\/\/ultralooner.com\/wp-content\/uploads\/2025\/12\/loonalia_crystal_orange.png\" \/>\n\t<meta property=\"og:image:width\" content=\"1000\" \/>\n\t<meta property=\"og:image:height\" content=\"1000\" \/>\n\t<meta property=\"og:image:type\" content=\"image\/png\" \/>\n<meta name=\"twitter:card\" content=\"summary_large_image\" \/>\n<meta name=\"twitter:label1\" content=\"Preis\" \/>\n\t<meta name=\"twitter:data1\" content=\"1,25&nbsp;&euro;\" \/>\n\t<meta name=\"twitter:label2\" content=\"Verf\u00fcgbarkeit\" \/>\n\t<meta name=\"twitter:data2\" content=\"ausverkauft\" \/>\n<script type=\"application\/ld+json\" class=\"yoast-schema-graph\">{\"@context\":\"https:\\\/\\\/schema.org\",\"@graph\":[{\"@type\":\"WebPage\",\"@id\":\"https:\\\/\\\/ultralooner.com\\\/de\\\/produkt\\\/bb17-loonalia-x-ultralooner\\\/\",\"url\":\"https:\\\/\\\/ultralooner.com\\\/de\\\/produkt\\\/bb17-loonalia-x-ultralooner\\\/\",\"name\":\"BB17\u201c Loonalia X Ultralooner \u2013 Kinky Looner Balloon - ultralooner.com\",\"isPartOf\":{\"@id\":\"https:\\\/\\\/ultralooner.com\\\/de\\\/#website\"},\"primaryImageOfPage\":{\"@id\":\"https:\\\/\\\/ultralooner.com\\\/de\\\/produkt\\\/bb17-loonalia-x-ultralooner\\\/#primaryimage\"},\"image\":{\"@id\":\"https:\\\/\\\/ultralooner.com\\\/de\\\/produkt\\\/bb17-loonalia-x-ultralooner\\\/#primaryimage\"},\"thumbnailUrl\":\"https:\\\/\\\/ultralooner.com\\\/wp-content\\\/uploads\\\/2025\\\/12\\\/loonalia_crystal_orange.png\",\"datePublished\":\"2025-12-21T17:02:19+00:00\",\"dateModified\":\"2026-04-27T14:41:22+00:00\",\"description\":\"Kinky BB17\u201c Loonalia X Ultralooner Ballon in Crystal Red. Exklusive Collaboration mit provokantem Print, ideal f\u00fcr Looner, Pop-Fetisch und Blow2Pops (B2P).\",\"breadcrumb\":{\"@id\":\"https:\\\/\\\/ultralooner.com\\\/de\\\/produkt\\\/bb17-loonalia-x-ultralooner\\\/#breadcrumb\"},\"inLanguage\":\"de\",\"potentialAction\":[{\"@type\":\"ReadAction\",\"target\":[\"https:\\\/\\\/ultralooner.com\\\/de\\\/produkt\\\/bb17-loonalia-x-ultralooner\\\/\"]}]},{\"@type\":\"ImageObject\",\"inLanguage\":\"de\",\"@id\":\"https:\\\/\\\/ultralooner.com\\\/de\\\/produkt\\\/bb17-loonalia-x-ultralooner\\\/#primaryimage\",\"url\":\"https:\\\/\\\/ultralooner.com\\\/wp-content\\\/uploads\\\/2025\\\/12\\\/loonalia_crystal_orange.png\",\"contentUrl\":\"https:\\\/\\\/ultralooner.com\\\/wp-content\\\/uploads\\\/2025\\\/12\\\/loonalia_crystal_orange.png\",\"width\":1000,\"height\":1000},{\"@type\":\"BreadcrumbList\",\"@id\":\"https:\\\/\\\/ultralooner.com\\\/de\\\/produkt\\\/bb17-loonalia-x-ultralooner\\\/#breadcrumb\",\"itemListElement\":[{\"@type\":\"ListItem\",\"position\":1,\"name\":\"Startseite\",\"item\":\"https:\\\/\\\/ultralooner.com\\\/de\\\/\"},{\"@type\":\"ListItem\",\"position\":2,\"name\":\"SHOP\",\"item\":\"https:\\\/\\\/ultralooner.com\\\/shop\\\/\"},{\"@type\":\"ListItem\",\"position\":3,\"name\":\"CT18&#8243; Loonalia X Ultralooner\"}]},{\"@type\":\"WebSite\",\"@id\":\"https:\\\/\\\/ultralooner.com\\\/de\\\/#website\",\"url\":\"https:\\\/\\\/ultralooner.com\\\/de\\\/\",\"name\":\"Ultralooner\",\"description\":\"THE LOONER BALLOON SHOP\",\"publisher\":{\"@id\":\"https:\\\/\\\/ultralooner.com\\\/de\\\/#organization\"},\"alternateName\":\"Looner Store\",\"potentialAction\":[{\"@type\":\"SearchAction\",\"target\":{\"@type\":\"EntryPoint\",\"urlTemplate\":\"https:\\\/\\\/ultralooner.com\\\/de\\\/?s={search_term_string}\"},\"query-input\":{\"@type\":\"PropertyValueSpecification\",\"valueRequired\":true,\"valueName\":\"search_term_string\"}}],\"inLanguage\":\"de\"},{\"@type\":\"Organization\",\"@id\":\"https:\\\/\\\/ultralooner.com\\\/de\\\/#organization\",\"name\":\"Ultralooner\",\"url\":\"https:\\\/\\\/ultralooner.com\\\/de\\\/\",\"logo\":{\"@type\":\"ImageObject\",\"inLanguage\":\"de\",\"@id\":\"https:\\\/\\\/ultralooner.com\\\/de\\\/#\\\/schema\\\/logo\\\/image\\\/\",\"url\":\"https:\\\/\\\/ultralooner.com\\\/wp-content\\\/uploads\\\/2025\\\/09\\\/ullogo.png\",\"contentUrl\":\"https:\\\/\\\/ultralooner.com\\\/wp-content\\\/uploads\\\/2025\\\/09\\\/ullogo.png\",\"width\":1278,\"height\":834,\"caption\":\"Ultralooner\"},\"image\":{\"@id\":\"https:\\\/\\\/ultralooner.com\\\/de\\\/#\\\/schema\\\/logo\\\/image\\\/\"},\"sameAs\":[\"https:\\\/\\\/www.instagram.com\\\/ultra.looner\\\/\"]}]}<\/script>\n<meta property=\"product:price:amount\" content=\"1.25\" \/>\n<meta property=\"product:price:currency\" content=\"EUR\" \/>\n<meta property=\"og:availability\" content=\"out of stock\" \/>\n<meta property=\"product:availability\" content=\"out of stock\" \/>\n<meta property=\"product:condition\" content=\"new\" \/>\n<!-- \/ Yoast SEO Premium plugin. -->","yoast_head_json":{"title":"BB17\u201c Loonalia X Ultralooner \u2013 Kinky Looner Balloon - ultralooner.com","description":"Kinky BB17\u201c Loonalia X Ultralooner Ballon in Crystal Red. Exklusive Collaboration mit provokantem Print, ideal f\u00fcr Looner, Pop-Fetisch und Blow2Pops (B2P).","robots":{"index":"index","follow":"follow","max-snippet":"max-snippet:-1","max-image-preview":"max-image-preview:large","max-video-preview":"max-video-preview:-1"},"canonical":"https:\/\/ultralooner.com\/de\/produkt\/bb17-loonalia-x-ultralooner\/","og_locale":"de_DE","og_type":"article","og_title":"CT18\" Loonalia X Ultralooner","og_url":"https:\/\/ultralooner.com\/de\/produkt\/bb17-loonalia-x-ultralooner\/","og_site_name":"ultralooner.com","article_modified_time":"2026-04-27T14:41:22+00:00","og_image":[{"width":1000,"height":1000,"url":"https:\/\/ultralooner.com\/wp-content\/uploads\/2025\/12\/loonalia_crystal_orange.png","type":"image\/png"}],"twitter_card":"summary_large_image","twitter_misc":{"Preis":"1,25&nbsp;&euro;","Verf\u00fcgbarkeit":"ausverkauft"},"schema":{"@context":"https:\/\/schema.org","@graph":[{"@type":"WebPage","@id":"https:\/\/ultralooner.com\/de\/produkt\/bb17-loonalia-x-ultralooner\/","url":"https:\/\/ultralooner.com\/de\/produkt\/bb17-loonalia-x-ultralooner\/","name":"BB17\u201c Loonalia X Ultralooner \u2013 Kinky Looner Balloon - ultralooner.com","isPartOf":{"@id":"https:\/\/ultralooner.com\/de\/#website"},"primaryImageOfPage":{"@id":"https:\/\/ultralooner.com\/de\/produkt\/bb17-loonalia-x-ultralooner\/#primaryimage"},"image":{"@id":"https:\/\/ultralooner.com\/de\/produkt\/bb17-loonalia-x-ultralooner\/#primaryimage"},"thumbnailUrl":"https:\/\/ultralooner.com\/wp-content\/uploads\/2025\/12\/loonalia_crystal_orange.png","datePublished":"2025-12-21T17:02:19+00:00","dateModified":"2026-04-27T14:41:22+00:00","description":"Kinky BB17\u201c Loonalia X Ultralooner Ballon in Crystal Red. Exklusive Collaboration mit provokantem Print, ideal f\u00fcr Looner, Pop-Fetisch und Blow2Pops (B2P).","breadcrumb":{"@id":"https:\/\/ultralooner.com\/de\/produkt\/bb17-loonalia-x-ultralooner\/#breadcrumb"},"inLanguage":"de","potentialAction":[{"@type":"ReadAction","target":["https:\/\/ultralooner.com\/de\/produkt\/bb17-loonalia-x-ultralooner\/"]}]},{"@type":"ImageObject","inLanguage":"de","@id":"https:\/\/ultralooner.com\/de\/produkt\/bb17-loonalia-x-ultralooner\/#primaryimage","url":"https:\/\/ultralooner.com\/wp-content\/uploads\/2025\/12\/loonalia_crystal_orange.png","contentUrl":"https:\/\/ultralooner.com\/wp-content\/uploads\/2025\/12\/loonalia_crystal_orange.png","width":1000,"height":1000},{"@type":"BreadcrumbList","@id":"https:\/\/ultralooner.com\/de\/produkt\/bb17-loonalia-x-ultralooner\/#breadcrumb","itemListElement":[{"@type":"ListItem","position":1,"name":"Startseite","item":"https:\/\/ultralooner.com\/de\/"},{"@type":"ListItem","position":2,"name":"SHOP","item":"https:\/\/ultralooner.com\/shop\/"},{"@type":"ListItem","position":3,"name":"CT18&#8243; Loonalia X Ultralooner"}]},{"@type":"WebSite","@id":"https:\/\/ultralooner.com\/de\/#website","url":"https:\/\/ultralooner.com\/de\/","name":"Ultralooner","description":"THE LOONER BALLOON SHOP","publisher":{"@id":"https:\/\/ultralooner.com\/de\/#organization"},"alternateName":"Looner Store","potentialAction":[{"@type":"SearchAction","target":{"@type":"EntryPoint","urlTemplate":"https:\/\/ultralooner.com\/de\/?s={search_term_string}"},"query-input":{"@type":"PropertyValueSpecification","valueRequired":true,"valueName":"search_term_string"}}],"inLanguage":"de"},{"@type":"Organization","@id":"https:\/\/ultralooner.com\/de\/#organization","name":"Ultralooner","url":"https:\/\/ultralooner.com\/de\/","logo":{"@type":"ImageObject","inLanguage":"de","@id":"https:\/\/ultralooner.com\/de\/#\/schema\/logo\/image\/","url":"https:\/\/ultralooner.com\/wp-content\/uploads\/2025\/09\/ullogo.png","contentUrl":"https:\/\/ultralooner.com\/wp-content\/uploads\/2025\/09\/ullogo.png","width":1278,"height":834,"caption":"Ultralooner"},"image":{"@id":"https:\/\/ultralooner.com\/de\/#\/schema\/logo\/image\/"},"sameAs":["https:\/\/www.instagram.com\/ultra.looner\/"]}]},"product_price_amount":"1.25","product_price_currency":"EUR","og_availability":"out of stock","product_availability":"out of stock","product_condition":"new"},"jetpack_sharing_enabled":true,"_links":{"self":[{"href":"https:\/\/ultralooner.com\/de\/wp-json\/wp\/v2\/product\/2297","targetHints":{"allow":["GET"]}}],"collection":[{"href":"https:\/\/ultralooner.com\/de\/wp-json\/wp\/v2\/product"}],"about":[{"href":"https:\/\/ultralooner.com\/de\/wp-json\/wp\/v2\/types\/product"}],"replies":[{"embeddable":true,"href":"https:\/\/ultralooner.com\/de\/wp-json\/wp\/v2\/comments?post=2297"}],"version-history":[{"count":4,"href":"https:\/\/ultralooner.com\/de\/wp-json\/wp\/v2\/product\/2297\/revisions"}],"predecessor-version":[{"id":2358,"href":"https:\/\/ultralooner.com\/de\/wp-json\/wp\/v2\/product\/2297\/revisions\/2358"}],"wp:featuredmedia":[{"embeddable":true,"href":"https:\/\/ultralooner.com\/de\/wp-json\/wp\/v2\/media\/2301"}],"wp:attachment":[{"href":"https:\/\/ultralooner.com\/de\/wp-json\/wp\/v2\/media?parent=2297"}],"wp:term":[{"taxonomy":"product_brand","embeddable":true,"href":"https:\/\/ultralooner.com\/de\/wp-json\/wp\/v2\/product_brand?post=2297"},{"taxonomy":"product_cat","embeddable":true,"href":"https:\/\/ultralooner.com\/de\/wp-json\/wp\/v2\/product_cat?post=2297"},{"taxonomy":"product_tag","embeddable":true,"href":"https:\/\/ultralooner.com\/de\/wp-json\/wp\/v2\/product_tag?post=2297"}],"curies":[{"name":"wp","href":"https:\/\/api.w.org\/{rel}","templated":true}]}}