{"id":2319,"date":"2025-12-21T18:28:40","date_gmt":"2025-12-21T17:28:40","guid":{"rendered":"https:\/\/ultralooner.com\/?post_type=product&#038;p=2319"},"modified":"2026-04-27T16:41:21","modified_gmt":"2026-04-27T14:41:21","slug":"belbal-14-lwk-26-supporter-loon","status":"publish","type":"product","link":"https:\/\/ultralooner.com\/de\/produkt\/belbal-14-lwk-26-supporter-loon\/","title":{"rendered":"Belbal 14&#8243;  LWK 26 Supporter Loon (10pcs)"},"content":{"rendered":"<p class=\"p1\">Dieser <span class=\"s1\"><b>Belbal 14\u201d LWK 26 Supporter Loon<\/b><\/span> ist mehr als nur ein Luftballon \u2013 er ist ein Statement. Das provokante <span class=\"s1\"><b>\u201eLooner Weekend 2026 \u2013 Supporter\u201c<\/b><\/span>-Motiv steht f\u00fcr Leidenschaft, Community und kinky Selbstbewusstsein. Klare Linien, dominante Kontraste und eine starke Bildsprache machen diesen Ballon zum perfekten Accessoire f\u00fcr alle, die ihre Vorlieben nicht verstecken.<\/p>\n<p class=\"p1\">Gefertigt aus hochwertigem Naturlatex liefert Belbal die gewohnte Premiumqualit\u00e4t: extrem belastbar, formstabil und ideal f\u00fcr ausgiebiges Spielen, Pr\u00e4sentieren oder Dekorieren. Ob aufgeblasen mit Luft oder Helium \u2013 dieser Loon zieht Blicke an und sorgt garantiert f\u00fcr Gespr\u00e4chsstoff.<\/p>\n<p class=\"p3\"><b>Das Wichtigste:<\/b><b><\/b><\/p>\n<p class=\"p3\"><span class=\"s2\">\ud83d\udc49 <\/span><b>100 % des Gewinns aus diesem Produkt flie\u00dfen direkt in das Projekt LWK (Looner Weekend).<\/b><b><\/b><\/p>\n<p class=\"p1\">Mit jedem gekauften Ballon unterst\u00fctzt du aktiv die Organisation, Weiterentwicklung und Zukunft des Looner Weekend 2026. Kein Abzug, kein Umweg \u2013 voller Support aus der Community f\u00fcr die Community.<\/p>\n<p class=\"p3\"><b>Produktdetails:<\/b><b><\/b><\/p>\n<ul>\n<li>\n<p class=\"p1\">Marke: Belbal<\/p>\n<\/li>\n<li>\n<p class=\"p1\">Gr\u00f6\u00dfe: 14 Zoll (ca. 36 cm)<\/p>\n<\/li>\n<li>\n<p class=\"p1\">Material: Premium-Naturlatex<\/p>\n<\/li>\n<li>\n<p class=\"p1\">Druck: Einseitig, kontraststarkes Schwarz-Wei\u00df-Design<\/p>\n<\/li>\n<li>\n<p class=\"p1\">Motiv: \u201eLooner Weekend 2026 \u2013 Supporter\u201c<\/p>\n<\/li>\n<li>\n<p class=\"p1\">F\u00fcllung: Geeignet f\u00fcr Luft und Helium<\/p>\n<\/li>\n<\/ul>\n","protected":false},"excerpt":{"rendered":"<p>Dieser Belbal 14\u201d LWK 26 Supporter Loon ist mehr als nur ein Luftballon \u2013 er ist ein Statement. Das provokante \u201eLooner Weekend 2026 \u2013 Supporter\u201c-Motiv steht f\u00fcr Leidenschaft, Community und kinky Selbstbewusstsein. Klare Linien, dominante Kontraste und eine starke Bildsprache machen diesen Ballon zum perfekten Accessoire f\u00fcr alle, die ihre Vorlieben nicht verstecken. Gefertigt aus [&hellip;]<\/p>\n","protected":false},"featured_media":2323,"comment_status":"open","ping_status":"closed","template":"","meta":{"_acf_changed":false},"product_brand":[],"product_cat":[205,198,182,180],"product_tag":[],"class_list":{"0":"post-2319","1":"product","2":"type-product","3":"status-publish","4":"has-post-thumbnail","6":"product_cat-205","7":"product_cat-belbal","8":"product_cat-groesse","9":"product_cat-hersteller","11":"first","12":"outofstock","13":"taxable","14":"shipping-taxable","15":"purchasable","16":"product-type-simple","swatches":"rey-swatches","show_selected":""},"acf":[],"yoast_head":"<!-- This site is optimized with the Yoast SEO Premium plugin v27.5 (Yoast SEO v27.5) - https:\/\/yoast.com\/product\/yoast-seo-premium-wordpress\/ -->\n<title>Looner Weekend: Kinky Ballon mit starkem Design - ultralooner.com<\/title>\n<meta name=\"description\" content=\"Der Belbal 14\u201d LWK 26 ist dein perfekter Begleiter f\u00fcr das Looner Weekend! Zeige dich mit diesem starken Statementballon und f\u00fchle die Community!\" \/>\n<meta name=\"robots\" content=\"index, follow, max-snippet:-1, max-image-preview:large, max-video-preview:-1\" \/>\n<link rel=\"canonical\" href=\"https:\/\/ultralooner.com\/de\/produkt\/belbal-14-lwk-26-supporter-loon\/\" \/>\n<meta property=\"og:locale\" content=\"de_DE\" \/>\n<meta property=\"og:type\" content=\"article\" \/>\n<meta property=\"og:title\" content=\"Belbal 14&quot; LWK 26 Supporter Loon (10pcs)\" \/>\n<meta property=\"og:url\" content=\"https:\/\/ultralooner.com\/de\/produkt\/belbal-14-lwk-26-supporter-loon\/\" \/>\n<meta property=\"og:site_name\" content=\"ultralooner.com\" \/>\n<meta property=\"article:modified_time\" content=\"2026-04-27T14:41:21+00:00\" \/>\n<meta property=\"og:image\" content=\"https:\/\/ultralooner.com\/wp-content\/uploads\/2025\/12\/Zeichenflaeche-1.png\" \/>\n\t<meta property=\"og:image:width\" content=\"1024\" \/>\n\t<meta property=\"og:image:height\" content=\"1918\" \/>\n\t<meta property=\"og:image:type\" content=\"image\/png\" \/>\n<meta name=\"twitter:card\" content=\"summary_large_image\" \/>\n<meta name=\"twitter:label1\" content=\"Preis\" \/>\n\t<meta name=\"twitter:data1\" content=\"9,99&nbsp;&euro;\" \/>\n\t<meta name=\"twitter:label2\" content=\"Verf\u00fcgbarkeit\" \/>\n\t<meta name=\"twitter:data2\" content=\"ausverkauft\" \/>\n<script type=\"application\/ld+json\" class=\"yoast-schema-graph\">{\"@context\":\"https:\\\/\\\/schema.org\",\"@graph\":[{\"@type\":\"WebPage\",\"@id\":\"https:\\\/\\\/ultralooner.com\\\/de\\\/produkt\\\/belbal-14-lwk-26-supporter-loon\\\/\",\"url\":\"https:\\\/\\\/ultralooner.com\\\/de\\\/produkt\\\/belbal-14-lwk-26-supporter-loon\\\/\",\"name\":\"Looner Weekend: Kinky Ballon mit starkem Design - ultralooner.com\",\"isPartOf\":{\"@id\":\"https:\\\/\\\/ultralooner.com\\\/de\\\/#website\"},\"primaryImageOfPage\":{\"@id\":\"https:\\\/\\\/ultralooner.com\\\/de\\\/produkt\\\/belbal-14-lwk-26-supporter-loon\\\/#primaryimage\"},\"image\":{\"@id\":\"https:\\\/\\\/ultralooner.com\\\/de\\\/produkt\\\/belbal-14-lwk-26-supporter-loon\\\/#primaryimage\"},\"thumbnailUrl\":\"https:\\\/\\\/ultralooner.com\\\/wp-content\\\/uploads\\\/2025\\\/12\\\/Zeichenflaeche-1.png\",\"datePublished\":\"2025-12-21T17:28:40+00:00\",\"dateModified\":\"2026-04-27T14:41:21+00:00\",\"description\":\"Der Belbal 14\u201d LWK 26 ist dein perfekter Begleiter f\u00fcr das Looner Weekend! Zeige dich mit diesem starken Statementballon und f\u00fchle die Community!\",\"breadcrumb\":{\"@id\":\"https:\\\/\\\/ultralooner.com\\\/de\\\/produkt\\\/belbal-14-lwk-26-supporter-loon\\\/#breadcrumb\"},\"inLanguage\":\"de\",\"potentialAction\":[{\"@type\":\"ReadAction\",\"target\":[\"https:\\\/\\\/ultralooner.com\\\/de\\\/produkt\\\/belbal-14-lwk-26-supporter-loon\\\/\"]}]},{\"@type\":\"ImageObject\",\"inLanguage\":\"de\",\"@id\":\"https:\\\/\\\/ultralooner.com\\\/de\\\/produkt\\\/belbal-14-lwk-26-supporter-loon\\\/#primaryimage\",\"url\":\"https:\\\/\\\/ultralooner.com\\\/wp-content\\\/uploads\\\/2025\\\/12\\\/Zeichenflaeche-1.png\",\"contentUrl\":\"https:\\\/\\\/ultralooner.com\\\/wp-content\\\/uploads\\\/2025\\\/12\\\/Zeichenflaeche-1.png\",\"width\":1024,\"height\":1918},{\"@type\":\"BreadcrumbList\",\"@id\":\"https:\\\/\\\/ultralooner.com\\\/de\\\/produkt\\\/belbal-14-lwk-26-supporter-loon\\\/#breadcrumb\",\"itemListElement\":[{\"@type\":\"ListItem\",\"position\":1,\"name\":\"Startseite\",\"item\":\"https:\\\/\\\/ultralooner.com\\\/de\\\/\"},{\"@type\":\"ListItem\",\"position\":2,\"name\":\"SHOP\",\"item\":\"https:\\\/\\\/ultralooner.com\\\/shop\\\/\"},{\"@type\":\"ListItem\",\"position\":3,\"name\":\"Belbal 14&#8243; LWK 26 Supporter Loon (10pcs)\"}]},{\"@type\":\"WebSite\",\"@id\":\"https:\\\/\\\/ultralooner.com\\\/de\\\/#website\",\"url\":\"https:\\\/\\\/ultralooner.com\\\/de\\\/\",\"name\":\"Ultralooner\",\"description\":\"THE LOONER BALLOON SHOP\",\"publisher\":{\"@id\":\"https:\\\/\\\/ultralooner.com\\\/de\\\/#organization\"},\"alternateName\":\"Looner Store\",\"potentialAction\":[{\"@type\":\"SearchAction\",\"target\":{\"@type\":\"EntryPoint\",\"urlTemplate\":\"https:\\\/\\\/ultralooner.com\\\/de\\\/?s={search_term_string}\"},\"query-input\":{\"@type\":\"PropertyValueSpecification\",\"valueRequired\":true,\"valueName\":\"search_term_string\"}}],\"inLanguage\":\"de\"},{\"@type\":\"Organization\",\"@id\":\"https:\\\/\\\/ultralooner.com\\\/de\\\/#organization\",\"name\":\"Ultralooner\",\"url\":\"https:\\\/\\\/ultralooner.com\\\/de\\\/\",\"logo\":{\"@type\":\"ImageObject\",\"inLanguage\":\"de\",\"@id\":\"https:\\\/\\\/ultralooner.com\\\/de\\\/#\\\/schema\\\/logo\\\/image\\\/\",\"url\":\"https:\\\/\\\/ultralooner.com\\\/wp-content\\\/uploads\\\/2025\\\/09\\\/ullogo.png\",\"contentUrl\":\"https:\\\/\\\/ultralooner.com\\\/wp-content\\\/uploads\\\/2025\\\/09\\\/ullogo.png\",\"width\":1278,\"height\":834,\"caption\":\"Ultralooner\"},\"image\":{\"@id\":\"https:\\\/\\\/ultralooner.com\\\/de\\\/#\\\/schema\\\/logo\\\/image\\\/\"},\"sameAs\":[\"https:\\\/\\\/www.instagram.com\\\/ultra.looner\\\/\"]}]}<\/script>\n<meta property=\"product:price:amount\" content=\"9.99\" \/>\n<meta property=\"product:price:currency\" content=\"EUR\" \/>\n<meta property=\"og:availability\" content=\"out of stock\" \/>\n<meta property=\"product:availability\" content=\"out of stock\" \/>\n<meta property=\"product:condition\" content=\"new\" \/>\n<!-- \/ Yoast SEO Premium plugin. -->","yoast_head_json":{"title":"Looner Weekend: Kinky Ballon mit starkem Design - ultralooner.com","description":"Der Belbal 14\u201d LWK 26 ist dein perfekter Begleiter f\u00fcr das Looner Weekend! Zeige dich mit diesem starken Statementballon und f\u00fchle die Community!","robots":{"index":"index","follow":"follow","max-snippet":"max-snippet:-1","max-image-preview":"max-image-preview:large","max-video-preview":"max-video-preview:-1"},"canonical":"https:\/\/ultralooner.com\/de\/produkt\/belbal-14-lwk-26-supporter-loon\/","og_locale":"de_DE","og_type":"article","og_title":"Belbal 14\" LWK 26 Supporter Loon (10pcs)","og_url":"https:\/\/ultralooner.com\/de\/produkt\/belbal-14-lwk-26-supporter-loon\/","og_site_name":"ultralooner.com","article_modified_time":"2026-04-27T14:41:21+00:00","og_image":[{"width":1024,"height":1918,"url":"https:\/\/ultralooner.com\/wp-content\/uploads\/2025\/12\/Zeichenflaeche-1.png","type":"image\/png"}],"twitter_card":"summary_large_image","twitter_misc":{"Preis":"9,99&nbsp;&euro;","Verf\u00fcgbarkeit":"ausverkauft"},"schema":{"@context":"https:\/\/schema.org","@graph":[{"@type":"WebPage","@id":"https:\/\/ultralooner.com\/de\/produkt\/belbal-14-lwk-26-supporter-loon\/","url":"https:\/\/ultralooner.com\/de\/produkt\/belbal-14-lwk-26-supporter-loon\/","name":"Looner Weekend: Kinky Ballon mit starkem Design - ultralooner.com","isPartOf":{"@id":"https:\/\/ultralooner.com\/de\/#website"},"primaryImageOfPage":{"@id":"https:\/\/ultralooner.com\/de\/produkt\/belbal-14-lwk-26-supporter-loon\/#primaryimage"},"image":{"@id":"https:\/\/ultralooner.com\/de\/produkt\/belbal-14-lwk-26-supporter-loon\/#primaryimage"},"thumbnailUrl":"https:\/\/ultralooner.com\/wp-content\/uploads\/2025\/12\/Zeichenflaeche-1.png","datePublished":"2025-12-21T17:28:40+00:00","dateModified":"2026-04-27T14:41:21+00:00","description":"Der Belbal 14\u201d LWK 26 ist dein perfekter Begleiter f\u00fcr das Looner Weekend! Zeige dich mit diesem starken Statementballon und f\u00fchle die Community!","breadcrumb":{"@id":"https:\/\/ultralooner.com\/de\/produkt\/belbal-14-lwk-26-supporter-loon\/#breadcrumb"},"inLanguage":"de","potentialAction":[{"@type":"ReadAction","target":["https:\/\/ultralooner.com\/de\/produkt\/belbal-14-lwk-26-supporter-loon\/"]}]},{"@type":"ImageObject","inLanguage":"de","@id":"https:\/\/ultralooner.com\/de\/produkt\/belbal-14-lwk-26-supporter-loon\/#primaryimage","url":"https:\/\/ultralooner.com\/wp-content\/uploads\/2025\/12\/Zeichenflaeche-1.png","contentUrl":"https:\/\/ultralooner.com\/wp-content\/uploads\/2025\/12\/Zeichenflaeche-1.png","width":1024,"height":1918},{"@type":"BreadcrumbList","@id":"https:\/\/ultralooner.com\/de\/produkt\/belbal-14-lwk-26-supporter-loon\/#breadcrumb","itemListElement":[{"@type":"ListItem","position":1,"name":"Startseite","item":"https:\/\/ultralooner.com\/de\/"},{"@type":"ListItem","position":2,"name":"SHOP","item":"https:\/\/ultralooner.com\/shop\/"},{"@type":"ListItem","position":3,"name":"Belbal 14&#8243; LWK 26 Supporter Loon (10pcs)"}]},{"@type":"WebSite","@id":"https:\/\/ultralooner.com\/de\/#website","url":"https:\/\/ultralooner.com\/de\/","name":"Ultralooner","description":"THE LOONER BALLOON SHOP","publisher":{"@id":"https:\/\/ultralooner.com\/de\/#organization"},"alternateName":"Looner Store","potentialAction":[{"@type":"SearchAction","target":{"@type":"EntryPoint","urlTemplate":"https:\/\/ultralooner.com\/de\/?s={search_term_string}"},"query-input":{"@type":"PropertyValueSpecification","valueRequired":true,"valueName":"search_term_string"}}],"inLanguage":"de"},{"@type":"Organization","@id":"https:\/\/ultralooner.com\/de\/#organization","name":"Ultralooner","url":"https:\/\/ultralooner.com\/de\/","logo":{"@type":"ImageObject","inLanguage":"de","@id":"https:\/\/ultralooner.com\/de\/#\/schema\/logo\/image\/","url":"https:\/\/ultralooner.com\/wp-content\/uploads\/2025\/09\/ullogo.png","contentUrl":"https:\/\/ultralooner.com\/wp-content\/uploads\/2025\/09\/ullogo.png","width":1278,"height":834,"caption":"Ultralooner"},"image":{"@id":"https:\/\/ultralooner.com\/de\/#\/schema\/logo\/image\/"},"sameAs":["https:\/\/www.instagram.com\/ultra.looner\/"]}]},"product_price_amount":"9.99","product_price_currency":"EUR","og_availability":"out of stock","product_availability":"out of stock","product_condition":"new"},"jetpack_sharing_enabled":true,"_links":{"self":[{"href":"https:\/\/ultralooner.com\/de\/wp-json\/wp\/v2\/product\/2319","targetHints":{"allow":["GET"]}}],"collection":[{"href":"https:\/\/ultralooner.com\/de\/wp-json\/wp\/v2\/product"}],"about":[{"href":"https:\/\/ultralooner.com\/de\/wp-json\/wp\/v2\/types\/product"}],"replies":[{"embeddable":true,"href":"https:\/\/ultralooner.com\/de\/wp-json\/wp\/v2\/comments?post=2319"}],"version-history":[{"count":3,"href":"https:\/\/ultralooner.com\/de\/wp-json\/wp\/v2\/product\/2319\/revisions"}],"predecessor-version":[{"id":2364,"href":"https:\/\/ultralooner.com\/de\/wp-json\/wp\/v2\/product\/2319\/revisions\/2364"}],"wp:featuredmedia":[{"embeddable":true,"href":"https:\/\/ultralooner.com\/de\/wp-json\/wp\/v2\/media\/2323"}],"wp:attachment":[{"href":"https:\/\/ultralooner.com\/de\/wp-json\/wp\/v2\/media?parent=2319"}],"wp:term":[{"taxonomy":"product_brand","embeddable":true,"href":"https:\/\/ultralooner.com\/de\/wp-json\/wp\/v2\/product_brand?post=2319"},{"taxonomy":"product_cat","embeddable":true,"href":"https:\/\/ultralooner.com\/de\/wp-json\/wp\/v2\/product_cat?post=2319"},{"taxonomy":"product_tag","embeddable":true,"href":"https:\/\/ultralooner.com\/de\/wp-json\/wp\/v2\/product_tag?post=2319"}],"curies":[{"name":"wp","href":"https:\/\/api.w.org\/{rel}","templated":true}]}}