{"id":2439,"date":"2026-02-13T17:11:23","date_gmt":"2026-02-13T16:11:23","guid":{"rendered":"https:\/\/ultralooner.com\/?post_type=product&#038;p=2439"},"modified":"2026-05-03T21:26:50","modified_gmt":"2026-05-03T19:26:50","slug":"ballon-verschlussklammer-klein-3-7-cm","status":"publish","type":"product","link":"https:\/\/ultralooner.com\/de\/produkt\/ballon-verschlussklammer-klein-3-7-cm\/","title":{"rendered":"Ballon Verschlussklammer klein | 3&#8243; (7 cm)"},"content":{"rendered":"<p class=\"p1\">Klein, diskret und kompromisslos funktional: Dieser 3\u201d (7 cm) Ballonverschluss ist gemacht f\u00fcr alle, die Ballons nicht nur aufblasen, sondern <span class=\"s1\"><b>kontrollieren, f\u00fchlen und genie\u00dfen<\/b><\/span>. Kein Knoten, kein Gefummel \u2013 nur ein sauberer, straffer Abschluss, der den Ballon genau so h\u00e4lt, wie du ihn willst. Ein Balloon-Verschluss macht es dabei noch leichter, wirklich jede Anwendung zu meistern.<\/p>\n<p class=\"p1\">Der feste Sitz sorgt f\u00fcr ein sp\u00fcrbar stabileres Gef\u00fchl und reduziert ungewollten Luftverlust. Dadurch bleibt der Ballon l\u00e4nger prall, gleichm\u00e4\u00dfig gespannt und optisch perfekt. Die kompakte Gr\u00f6\u00dfe h\u00e4lt den Fokus dort, wo er hingeh\u00f6rt: auf Form, Druck und Pr\u00e4senz des Ballons.<\/p>\n<p class=\"p3\"><b>Highlights:<\/b><b><\/b><\/p>\n<ul>\n<li>\n<p class=\"p1\">3\u201d (7 cm) \u2013 klein, unauff\u00e4llig, effektiv<\/p>\n<\/li>\n<li>\n<p class=\"p1\">Schneller Verschluss ohne Knoten<\/p>\n<\/li>\n<li>\n<p class=\"p1\">Sp\u00fcrbar fester Halt f\u00fcr mehr Kontrolle<\/p>\n<\/li>\n<li>\n<p class=\"p1\">Schonend f\u00fcr Latex, kein unn\u00f6tiger Stress f\u00fcrs Material<\/p>\n<\/li>\n<li>\n<p class=\"p1\">Wiederverwendbar f\u00fcr intensive Nutzung<\/p>\n<\/li>\n<\/ul>\n","protected":false},"excerpt":{"rendered":"<p>Klein, diskret und kompromisslos funktional: Dieser 3\u201d (7 cm) Ballonverschluss ist gemacht f\u00fcr alle, die Ballons nicht nur aufblasen, sondern kontrollieren, f\u00fchlen und genie\u00dfen. Kein Knoten, kein Gefummel \u2013 nur ein sauberer, straffer Abschluss, der den Ballon genau so h\u00e4lt, wie du ihn willst. Ein Balloon-Verschluss macht es dabei noch leichter, wirklich jede Anwendung zu [&hellip;]<\/p>\n","protected":false},"featured_media":2440,"comment_status":"open","ping_status":"closed","template":"","meta":{"_acf_changed":false},"product_brand":[],"product_cat":[],"product_tag":[],"class_list":{"0":"post-2439","1":"product","2":"type-product","3":"status-publish","4":"has-post-thumbnail","7":"first","8":"outofstock","9":"taxable","10":"shipping-taxable","11":"purchasable","12":"product-type-simple","swatches":"rey-swatches","show_selected":""},"acf":[],"yoast_head":"<!-- This site is optimized with the Yoast SEO Premium plugin v27.5 (Yoast SEO v27.5) - https:\/\/yoast.com\/product\/yoast-seo-premium-wordpress\/ -->\n<title>Ballon Verschlussklammer klein | 3&quot; (7 cm) - ultralooner.com<\/title>\n<meta name=\"description\" content=\"Erlebe die Freiheit des Balloon-Verschlusses! Kein Knoten und kein Gefummel \u2013 genie\u00dfe sauberen, stabilen Halt f\u00fcr deine Ballons.\" \/>\n<meta name=\"robots\" content=\"index, follow, max-snippet:-1, max-image-preview:large, max-video-preview:-1\" \/>\n<link rel=\"canonical\" href=\"https:\/\/ultralooner.com\/de\/produkt\/ballon-verschlussklammer-klein-3-7-cm\/\" \/>\n<meta property=\"og:locale\" content=\"de_DE\" \/>\n<meta property=\"og:type\" content=\"article\" \/>\n<meta property=\"og:title\" content=\"Ballon Verschlussklammer klein | 3&quot; (7 cm)\" \/>\n<meta property=\"og:url\" content=\"https:\/\/ultralooner.com\/de\/produkt\/ballon-verschlussklammer-klein-3-7-cm\/\" \/>\n<meta property=\"og:site_name\" content=\"ultralooner.com\" \/>\n<meta property=\"article:modified_time\" content=\"2026-05-03T19:26:50+00:00\" \/>\n<meta property=\"og:image\" content=\"https:\/\/ultralooner.com\/wp-content\/uploads\/2026\/02\/Ballon-Verschlussklammer.webp\" \/>\n\t<meta property=\"og:image:width\" content=\"1000\" \/>\n\t<meta property=\"og:image:height\" content=\"1000\" \/>\n\t<meta property=\"og:image:type\" content=\"image\/webp\" \/>\n<meta name=\"twitter:card\" content=\"summary_large_image\" \/>\n<meta name=\"twitter:label1\" content=\"Preis\" \/>\n\t<meta name=\"twitter:data1\" content=\"0,15&nbsp;&euro;\" \/>\n\t<meta name=\"twitter:label2\" content=\"Verf\u00fcgbarkeit\" \/>\n\t<meta name=\"twitter:data2\" content=\"ausverkauft\" \/>\n<script type=\"application\/ld+json\" class=\"yoast-schema-graph\">{\"@context\":\"https:\\\/\\\/schema.org\",\"@graph\":[{\"@type\":\"WebPage\",\"@id\":\"https:\\\/\\\/ultralooner.com\\\/de\\\/produkt\\\/ballon-verschlussklammer-klein-3-7-cm\\\/\",\"url\":\"https:\\\/\\\/ultralooner.com\\\/de\\\/produkt\\\/ballon-verschlussklammer-klein-3-7-cm\\\/\",\"name\":\"Ballon Verschlussklammer klein | 3\\\" (7 cm) - ultralooner.com\",\"isPartOf\":{\"@id\":\"https:\\\/\\\/ultralooner.com\\\/de\\\/#website\"},\"primaryImageOfPage\":{\"@id\":\"https:\\\/\\\/ultralooner.com\\\/de\\\/produkt\\\/ballon-verschlussklammer-klein-3-7-cm\\\/#primaryimage\"},\"image\":{\"@id\":\"https:\\\/\\\/ultralooner.com\\\/de\\\/produkt\\\/ballon-verschlussklammer-klein-3-7-cm\\\/#primaryimage\"},\"thumbnailUrl\":\"https:\\\/\\\/ultralooner.com\\\/wp-content\\\/uploads\\\/2026\\\/02\\\/Ballon-Verschlussklammer.webp\",\"datePublished\":\"2026-02-13T16:11:23+00:00\",\"dateModified\":\"2026-05-03T19:26:50+00:00\",\"description\":\"Erlebe die Freiheit des Balloon-Verschlusses! Kein Knoten und kein Gefummel \u2013 genie\u00dfe sauberen, stabilen Halt f\u00fcr deine Ballons.\",\"breadcrumb\":{\"@id\":\"https:\\\/\\\/ultralooner.com\\\/de\\\/produkt\\\/ballon-verschlussklammer-klein-3-7-cm\\\/#breadcrumb\"},\"inLanguage\":\"de\",\"potentialAction\":[{\"@type\":\"ReadAction\",\"target\":[\"https:\\\/\\\/ultralooner.com\\\/de\\\/produkt\\\/ballon-verschlussklammer-klein-3-7-cm\\\/\"]}]},{\"@type\":\"ImageObject\",\"inLanguage\":\"de\",\"@id\":\"https:\\\/\\\/ultralooner.com\\\/de\\\/produkt\\\/ballon-verschlussklammer-klein-3-7-cm\\\/#primaryimage\",\"url\":\"https:\\\/\\\/ultralooner.com\\\/wp-content\\\/uploads\\\/2026\\\/02\\\/Ballon-Verschlussklammer.webp\",\"contentUrl\":\"https:\\\/\\\/ultralooner.com\\\/wp-content\\\/uploads\\\/2026\\\/02\\\/Ballon-Verschlussklammer.webp\",\"width\":1000,\"height\":1000},{\"@type\":\"BreadcrumbList\",\"@id\":\"https:\\\/\\\/ultralooner.com\\\/de\\\/produkt\\\/ballon-verschlussklammer-klein-3-7-cm\\\/#breadcrumb\",\"itemListElement\":[{\"@type\":\"ListItem\",\"position\":1,\"name\":\"Startseite\",\"item\":\"https:\\\/\\\/ultralooner.com\\\/de\\\/\"},{\"@type\":\"ListItem\",\"position\":2,\"name\":\"SHOP\",\"item\":\"https:\\\/\\\/ultralooner.com\\\/shop\\\/\"},{\"@type\":\"ListItem\",\"position\":3,\"name\":\"Ballon Verschlussklammer klein | 3&#8243; (7 cm)\"}]},{\"@type\":\"WebSite\",\"@id\":\"https:\\\/\\\/ultralooner.com\\\/de\\\/#website\",\"url\":\"https:\\\/\\\/ultralooner.com\\\/de\\\/\",\"name\":\"Ultralooner\",\"description\":\"THE LOONER BALLOON SHOP\",\"publisher\":{\"@id\":\"https:\\\/\\\/ultralooner.com\\\/de\\\/#organization\"},\"alternateName\":\"Looner Store\",\"potentialAction\":[{\"@type\":\"SearchAction\",\"target\":{\"@type\":\"EntryPoint\",\"urlTemplate\":\"https:\\\/\\\/ultralooner.com\\\/de\\\/?s={search_term_string}\"},\"query-input\":{\"@type\":\"PropertyValueSpecification\",\"valueRequired\":true,\"valueName\":\"search_term_string\"}}],\"inLanguage\":\"de\"},{\"@type\":\"Organization\",\"@id\":\"https:\\\/\\\/ultralooner.com\\\/de\\\/#organization\",\"name\":\"Ultralooner\",\"url\":\"https:\\\/\\\/ultralooner.com\\\/de\\\/\",\"logo\":{\"@type\":\"ImageObject\",\"inLanguage\":\"de\",\"@id\":\"https:\\\/\\\/ultralooner.com\\\/de\\\/#\\\/schema\\\/logo\\\/image\\\/\",\"url\":\"https:\\\/\\\/ultralooner.com\\\/wp-content\\\/uploads\\\/2025\\\/09\\\/ullogo.png\",\"contentUrl\":\"https:\\\/\\\/ultralooner.com\\\/wp-content\\\/uploads\\\/2025\\\/09\\\/ullogo.png\",\"width\":1278,\"height\":834,\"caption\":\"Ultralooner\"},\"image\":{\"@id\":\"https:\\\/\\\/ultralooner.com\\\/de\\\/#\\\/schema\\\/logo\\\/image\\\/\"},\"sameAs\":[\"https:\\\/\\\/www.instagram.com\\\/ultra.looner\\\/\"]}]}<\/script>\n<meta property=\"product:price:amount\" content=\"0.15\" \/>\n<meta property=\"product:price:currency\" content=\"EUR\" \/>\n<meta property=\"og:availability\" content=\"out of stock\" \/>\n<meta property=\"product:availability\" content=\"out of stock\" \/>\n<meta property=\"product:condition\" content=\"new\" \/>\n<!-- \/ Yoast SEO Premium plugin. -->","yoast_head_json":{"title":"Ballon Verschlussklammer klein | 3\" (7 cm) - ultralooner.com","description":"Erlebe die Freiheit des Balloon-Verschlusses! Kein Knoten und kein Gefummel \u2013 genie\u00dfe sauberen, stabilen Halt f\u00fcr deine Ballons.","robots":{"index":"index","follow":"follow","max-snippet":"max-snippet:-1","max-image-preview":"max-image-preview:large","max-video-preview":"max-video-preview:-1"},"canonical":"https:\/\/ultralooner.com\/de\/produkt\/ballon-verschlussklammer-klein-3-7-cm\/","og_locale":"de_DE","og_type":"article","og_title":"Ballon Verschlussklammer klein | 3\" (7 cm)","og_url":"https:\/\/ultralooner.com\/de\/produkt\/ballon-verschlussklammer-klein-3-7-cm\/","og_site_name":"ultralooner.com","article_modified_time":"2026-05-03T19:26:50+00:00","og_image":[{"width":1000,"height":1000,"url":"https:\/\/ultralooner.com\/wp-content\/uploads\/2026\/02\/Ballon-Verschlussklammer.webp","type":"image\/webp"}],"twitter_card":"summary_large_image","twitter_misc":{"Preis":"0,15&nbsp;&euro;","Verf\u00fcgbarkeit":"ausverkauft"},"schema":{"@context":"https:\/\/schema.org","@graph":[{"@type":"WebPage","@id":"https:\/\/ultralooner.com\/de\/produkt\/ballon-verschlussklammer-klein-3-7-cm\/","url":"https:\/\/ultralooner.com\/de\/produkt\/ballon-verschlussklammer-klein-3-7-cm\/","name":"Ballon Verschlussklammer klein | 3\" (7 cm) - ultralooner.com","isPartOf":{"@id":"https:\/\/ultralooner.com\/de\/#website"},"primaryImageOfPage":{"@id":"https:\/\/ultralooner.com\/de\/produkt\/ballon-verschlussklammer-klein-3-7-cm\/#primaryimage"},"image":{"@id":"https:\/\/ultralooner.com\/de\/produkt\/ballon-verschlussklammer-klein-3-7-cm\/#primaryimage"},"thumbnailUrl":"https:\/\/ultralooner.com\/wp-content\/uploads\/2026\/02\/Ballon-Verschlussklammer.webp","datePublished":"2026-02-13T16:11:23+00:00","dateModified":"2026-05-03T19:26:50+00:00","description":"Erlebe die Freiheit des Balloon-Verschlusses! Kein Knoten und kein Gefummel \u2013 genie\u00dfe sauberen, stabilen Halt f\u00fcr deine Ballons.","breadcrumb":{"@id":"https:\/\/ultralooner.com\/de\/produkt\/ballon-verschlussklammer-klein-3-7-cm\/#breadcrumb"},"inLanguage":"de","potentialAction":[{"@type":"ReadAction","target":["https:\/\/ultralooner.com\/de\/produkt\/ballon-verschlussklammer-klein-3-7-cm\/"]}]},{"@type":"ImageObject","inLanguage":"de","@id":"https:\/\/ultralooner.com\/de\/produkt\/ballon-verschlussklammer-klein-3-7-cm\/#primaryimage","url":"https:\/\/ultralooner.com\/wp-content\/uploads\/2026\/02\/Ballon-Verschlussklammer.webp","contentUrl":"https:\/\/ultralooner.com\/wp-content\/uploads\/2026\/02\/Ballon-Verschlussklammer.webp","width":1000,"height":1000},{"@type":"BreadcrumbList","@id":"https:\/\/ultralooner.com\/de\/produkt\/ballon-verschlussklammer-klein-3-7-cm\/#breadcrumb","itemListElement":[{"@type":"ListItem","position":1,"name":"Startseite","item":"https:\/\/ultralooner.com\/de\/"},{"@type":"ListItem","position":2,"name":"SHOP","item":"https:\/\/ultralooner.com\/shop\/"},{"@type":"ListItem","position":3,"name":"Ballon Verschlussklammer klein | 3&#8243; (7 cm)"}]},{"@type":"WebSite","@id":"https:\/\/ultralooner.com\/de\/#website","url":"https:\/\/ultralooner.com\/de\/","name":"Ultralooner","description":"THE LOONER BALLOON SHOP","publisher":{"@id":"https:\/\/ultralooner.com\/de\/#organization"},"alternateName":"Looner Store","potentialAction":[{"@type":"SearchAction","target":{"@type":"EntryPoint","urlTemplate":"https:\/\/ultralooner.com\/de\/?s={search_term_string}"},"query-input":{"@type":"PropertyValueSpecification","valueRequired":true,"valueName":"search_term_string"}}],"inLanguage":"de"},{"@type":"Organization","@id":"https:\/\/ultralooner.com\/de\/#organization","name":"Ultralooner","url":"https:\/\/ultralooner.com\/de\/","logo":{"@type":"ImageObject","inLanguage":"de","@id":"https:\/\/ultralooner.com\/de\/#\/schema\/logo\/image\/","url":"https:\/\/ultralooner.com\/wp-content\/uploads\/2025\/09\/ullogo.png","contentUrl":"https:\/\/ultralooner.com\/wp-content\/uploads\/2025\/09\/ullogo.png","width":1278,"height":834,"caption":"Ultralooner"},"image":{"@id":"https:\/\/ultralooner.com\/de\/#\/schema\/logo\/image\/"},"sameAs":["https:\/\/www.instagram.com\/ultra.looner\/"]}]},"product_price_amount":"0.15","product_price_currency":"EUR","og_availability":"out of stock","product_availability":"out of stock","product_condition":"new"},"jetpack_sharing_enabled":true,"_links":{"self":[{"href":"https:\/\/ultralooner.com\/de\/wp-json\/wp\/v2\/product\/2439","targetHints":{"allow":["GET"]}}],"collection":[{"href":"https:\/\/ultralooner.com\/de\/wp-json\/wp\/v2\/product"}],"about":[{"href":"https:\/\/ultralooner.com\/de\/wp-json\/wp\/v2\/types\/product"}],"replies":[{"embeddable":true,"href":"https:\/\/ultralooner.com\/de\/wp-json\/wp\/v2\/comments?post=2439"}],"version-history":[{"count":1,"href":"https:\/\/ultralooner.com\/de\/wp-json\/wp\/v2\/product\/2439\/revisions"}],"predecessor-version":[{"id":2442,"href":"https:\/\/ultralooner.com\/de\/wp-json\/wp\/v2\/product\/2439\/revisions\/2442"}],"wp:featuredmedia":[{"embeddable":true,"href":"https:\/\/ultralooner.com\/de\/wp-json\/wp\/v2\/media\/2440"}],"wp:attachment":[{"href":"https:\/\/ultralooner.com\/de\/wp-json\/wp\/v2\/media?parent=2439"}],"wp:term":[{"taxonomy":"product_brand","embeddable":true,"href":"https:\/\/ultralooner.com\/de\/wp-json\/wp\/v2\/product_brand?post=2439"},{"taxonomy":"product_cat","embeddable":true,"href":"https:\/\/ultralooner.com\/de\/wp-json\/wp\/v2\/product_cat?post=2439"},{"taxonomy":"product_tag","embeddable":true,"href":"https:\/\/ultralooner.com\/de\/wp-json\/wp\/v2\/product_tag?post=2439"}],"curies":[{"name":"wp","href":"https:\/\/api.w.org\/{rel}","templated":true}]}}